{"id":157150,"date":"2026-01-09T14:12:52","date_gmt":"2026-01-09T13:12:52","guid":{"rendered":"https:\/\/www.pumps-valves-expo.be\/?page_id=157150"},"modified":"2026-03-24T14:55:31","modified_gmt":"2026-03-24T13:55:31","slug":"lp-combi","status":"publish","type":"page","link":"https:\/\/www.pumps-valves-expo.be\/nl\/lp-combi\/","title":{"rendered":"lp-combi"},"content":{"rendered":"\t\t<div data-elementor-type=\"wp-page\" data-elementor-id=\"157150\" class=\"elementor elementor-157150\" data-elementor-post-type=\"page\">\n\t\t\t\t<div class=\"elementor-element elementor-element-844c8c2 e-flex e-con-boxed e-con e-parent\" data-id=\"844c8c2\" data-element_type=\"container\" data-settings=\"{&quot;background_background&quot;:&quot;classic&quot;}\">\n\t\t\t\t\t<div class=\"e-con-inner\">\n\t\t\t\t\t<\/div>\n\t\t\t\t<\/div>\n\t\t<div class=\"elementor-element elementor-element-33910b2 e-flex e-con-boxed e-con e-parent\" data-id=\"33910b2\" data-element_type=\"container\" data-settings=\"{&quot;background_background&quot;:&quot;gradient&quot;}\">\n\t\t\t\t\t<div class=\"e-con-inner\">\n\t\t<div class=\"elementor-element elementor-element-3ff8123 e-con-full e-flex e-con e-child\" data-id=\"3ff8123\" data-element_type=\"container\" data-settings=\"{&quot;background_background&quot;:&quot;classic&quot;}\">\n\t\t\t\t<div class=\"elementor-element elementor-element-b261edd elementor-widget elementor-widget-heading\" data-id=\"b261edd\" data-element_type=\"widget\" data-widget_type=\"heading.default\">\n\t\t\t\t<div class=\"elementor-widget-container\">\n\t\t\t\t\t<h2 class=\"elementor-heading-title elementor-size-default\">Maintenance en Pumps &amp; Valves: het ontmoetingspunt voor industri\u00eble professionals<\/h2>\t\t\t\t<\/div>\n\t\t\t\t<\/div>\n\t\t<div class=\"elementor-element elementor-element-d9aeb4a e-con-full e-flex e-con e-child\" data-id=\"d9aeb4a\" data-element_type=\"container\">\n\t\t\t\t<div class=\"elementor-element elementor-element-b2a53db elementor-widget elementor-widget-text-editor\" data-id=\"b2a53db\" data-element_type=\"widget\" data-widget_type=\"text-editor.default\">\n\t\t\t\t<div class=\"elementor-widget-container\">\n\t\t\t\t\t\t\t\t\t<p>De beurzen <strong data-start=\"93\" data-end=\"108\">Maintenance<\/strong> en <strong data-start=\"112\" data-end=\"130\">Pumps &amp; Valves<\/strong> vormen samen h\u00e9t ontmoetingspunt voor professionals die actief zijn in<strong> onderhoud, industri\u00eble pompen en afsluiters.<\/strong> Tijdens deze toonaangevende vakbeurzen komen kennis, innovatie en praktijkervaring samen. Bezoekers ontdekken een <strong>breed aanbod aan praktische oplossingen, nieuwe producten en slimme technologie\u00ebn<\/strong> die helpen om processen te optimaliseren en installaties betrouwbaar te houden.<\/p><p>Daarnaast bieden de beurzen volop gelegenheid om in <strong>contact te komen met leveranciers, experts en vakgenoten en om inzicht te krijgen in de laatste trends en ontwikkelingen.\u00a0<\/strong><\/p>\t\t\t\t\t\t\t\t<\/div>\n\t\t\t\t<\/div>\n\t\t\t\t<\/div>\n\t\t\t\t<\/div>\n\t\t\t\t\t<\/div>\n\t\t\t\t<\/div>\n\t\t<div class=\"elementor-element elementor-element-6056729 e-flex e-con-boxed e-con e-parent\" data-id=\"6056729\" data-element_type=\"container\" data-settings=\"{&quot;background_background&quot;:&quot;classic&quot;}\">\n\t\t\t\t\t<div class=\"e-con-inner\">\n\t\t<div class=\"elementor-element elementor-element-49d14e6 e-grid e-con-full e-con e-child\" data-id=\"49d14e6\" data-element_type=\"container\">\n\t\t<div class=\"elementor-element elementor-element-4c0cf46 e-flex e-con-boxed e-con e-child\" data-id=\"4c0cf46\" data-element_type=\"container\" data-settings=\"{&quot;background_background&quot;:&quot;classic&quot;}\">\n\t\t\t\t\t<div class=\"e-con-inner\">\n\t\t\t\t<div class=\"elementor-element elementor-element-80938ef elementor-widget elementor-widget-heading\" data-id=\"80938ef\" data-element_type=\"widget\" data-widget_type=\"heading.default\">\n\t\t\t\t<div class=\"elementor-widget-container\">\n\t\t\t\t\t<h2 class=\"elementor-heading-title elementor-size-default\">Maintenance<\/h2>\t\t\t\t<\/div>\n\t\t\t\t<\/div>\n\t\t\t\t<div class=\"elementor-element elementor-element-37462df elementor-widget elementor-widget-text-editor\" data-id=\"37462df\" data-element_type=\"widget\" data-widget_type=\"text-editor.default\">\n\t\t\t\t<div class=\"elementor-widget-container\">\n\t\t\t\t\t\t\t\t\t<p><strong>Maintenance<\/strong>\u00a0is de\u00a0<strong>grootste ontmoetingsplaats voor productiegericht onderhoud<\/strong>\u00a0in een van de\u00a0<strong>industri\u00eble hotspots<\/strong>\u00a0van Europa: Antwerpen.<br \/>Leveranciers van onderhoudsdiensten, technische, superviserende &amp; leidinggevende functies uit asset-intensieve industrie\u00ebn komen samen om tools &amp; technologie\u00ebn te ontdekken voor onderhoud en verbetering van productieapparatuur en industri\u00eble activa, inclusief innovatieve oplossingen voor de digitale transformatie ervan.<br \/>Overgoten met een sausje van\u00a0<strong>innovatie, automatisering en virtual reality.<\/strong><\/p>\t\t\t\t\t\t\t\t<\/div>\n\t\t\t\t<\/div>\n\t\t\t\t<div class=\"elementor-element elementor-element-76dfb52 elementor-align-center elementor-mobile-align-right elementor-tablet-align-left elementor-widget__width-auto elementor-widget elementor-widget-dynamic-button\" data-id=\"76dfb52\" data-element_type=\"widget\" data-widget_type=\"dynamic-button.default\">\n\t\t\t\t<div class=\"elementor-widget-container\">\n\t\t\t\t\t        <div class=\"elementor-button-wrapper\">\n            <a href=\"https:\/\/register.visitcloud.com\/survey\/3f9ukwlgdynpy\/register\" class=\"elementor-button-link elementor-button elementor-size-xs\" role=\"button\">\n                        <span class=\"elementor-button-content-wrapper\">\n\t\t\t                <span class=\"elementor-button-icon elementor-align-icon-right\">\n\t\t\t\t<svg aria-hidden=\"true\" class=\"e-font-icon-svg e-fas-angle-right\" viewBox=\"0 0 256 512\" xmlns=\"http:\/\/www.w3.org\/2000\/svg\"><path d=\"M224.3 273l-136 136c-9.4 9.4-24.6 9.4-33.9 0l-22.6-22.6c-9.4-9.4-9.4-24.6 0-33.9l96.4-96.4-96.4-96.4c-9.4-9.4-9.4-24.6 0-33.9L54.3 103c9.4-9.4 24.6-9.4 33.9 0l136 136c9.5 9.4 9.5 24.6.1 34z\"><\/path><\/svg>\t\t\t<\/span>\n            \t\t\t<span class=\"elementor-button-text\">Registreer hier<\/span>\n\t\t<\/span>\n                    <\/a>\n        <\/div>\n        \t\t\t\t<\/div>\n\t\t\t\t<\/div>\n\t\t\t\t\t<\/div>\n\t\t\t\t<\/div>\n\t\t<div class=\"elementor-element elementor-element-cc831a6 e-flex e-con-boxed e-con e-child\" data-id=\"cc831a6\" data-element_type=\"container\" data-settings=\"{&quot;background_background&quot;:&quot;classic&quot;}\">\n\t\t\t\t\t<div class=\"e-con-inner\">\n\t\t\t\t<div class=\"elementor-element elementor-element-8e95105 elementor-widget elementor-widget-heading\" data-id=\"8e95105\" data-element_type=\"widget\" data-widget_type=\"heading.default\">\n\t\t\t\t<div class=\"elementor-widget-container\">\n\t\t\t\t\t<h2 class=\"elementor-heading-title elementor-size-default\">Pumps &amp; Valves<\/h2>\t\t\t\t<\/div>\n\t\t\t\t<\/div>\n\t\t\t\t<div class=\"elementor-element elementor-element-219b7ee elementor-widget elementor-widget-text-editor\" data-id=\"219b7ee\" data-element_type=\"widget\" data-widget_type=\"text-editor.default\">\n\t\t\t\t<div class=\"elementor-widget-container\">\n\t\t\t\t\t\t\t\t\t<p><strong>Pumps &amp; Valves\u00a0<\/strong>wordt op <strong>25 &amp; 26 maart 2026<\/strong> in <strong>Antwerp Expo<\/strong> weer het grootste ontmoetingspunt voor <strong>alle professionals uit de procesindustrie<\/strong>.<\/p><p><strong>Bereik 5.000 beslissers en technische experts<\/strong> uit verschillende sectoren zoals (petro)chemie, metaal, water, cosmetica, voeding &amp; dranken, life-sciences, pharma,&#8230;<b>Verhoog uw zichtbaarheid<\/b> en versterk u <b>marktpositie<\/b>.<\/p><p><strong>20 technische masterclasses<\/strong> die opnieuw door m\u00e9\u00e9r dan 700 technici zullen bijgewoond worden.<\/p><p>\u00a0<\/p>\t\t\t\t\t\t\t\t<\/div>\n\t\t\t\t<\/div>\n\t\t\t\t<div class=\"elementor-element elementor-element-3036f39 elementor-align-center elementor-mobile-align-right elementor-tablet-align-left elementor-widget__width-auto elementor-widget elementor-widget-dynamic-button\" data-id=\"3036f39\" data-element_type=\"widget\" data-widget_type=\"dynamic-button.default\">\n\t\t\t\t<div class=\"elementor-widget-container\">\n\t\t\t\t\t        <div class=\"elementor-button-wrapper\">\n            <a href=\"https:\/\/register.visitcloud.com\/survey\/1bw1eprqvqf0m?translation=0op741s6p5t9m\" class=\"elementor-button-link elementor-button elementor-size-xs\" role=\"button\">\n                        <span class=\"elementor-button-content-wrapper\">\n\t\t\t                <span class=\"elementor-button-icon elementor-align-icon-right\">\n\t\t\t\t<svg aria-hidden=\"true\" class=\"e-font-icon-svg e-fas-angle-right\" viewBox=\"0 0 256 512\" xmlns=\"http:\/\/www.w3.org\/2000\/svg\"><path d=\"M224.3 273l-136 136c-9.4 9.4-24.6 9.4-33.9 0l-22.6-22.6c-9.4-9.4-9.4-24.6 0-33.9l96.4-96.4-96.4-96.4c-9.4-9.4-9.4-24.6 0-33.9L54.3 103c9.4-9.4 24.6-9.4 33.9 0l136 136c9.5 9.4 9.5 24.6.1 34z\"><\/path><\/svg>\t\t\t<\/span>\n            \t\t\t<span class=\"elementor-button-text\">Registreer hier<\/span>\n\t\t<\/span>\n                    <\/a>\n        <\/div>\n        \t\t\t\t<\/div>\n\t\t\t\t<\/div>\n\t\t\t\t\t<\/div>\n\t\t\t\t<\/div>\n\t\t\t\t<\/div>\n\t\t<div class=\"elementor-element elementor-element-7d39fd7 e-grid e-con-full e-con e-child\" data-id=\"7d39fd7\" data-element_type=\"container\">\n\t\t<div class=\"elementor-element elementor-element-d26a5db e-flex e-con-boxed e-con e-child\" data-id=\"d26a5db\" data-element_type=\"container\" data-settings=\"{&quot;background_background&quot;:&quot;classic&quot;}\">\n\t\t\t\t\t<div class=\"e-con-inner\">\n\t\t\t\t<div class=\"elementor-element elementor-element-b0426e7 elementor-widget elementor-widget-heading\" data-id=\"b0426e7\" data-element_type=\"widget\" data-widget_type=\"heading.default\">\n\t\t\t\t<div class=\"elementor-widget-container\">\n\t\t\t\t\t<h2 class=\"elementor-heading-title elementor-size-default\">4500 bezoekers<\/h2>\t\t\t\t<\/div>\n\t\t\t\t<\/div>\n\t\t\t\t<div class=\"elementor-element elementor-element-07d4488 elementor-widget elementor-widget-text-editor\" data-id=\"07d4488\" data-element_type=\"widget\" data-widget_type=\"text-editor.default\">\n\t\t\t\t<div class=\"elementor-widget-container\">\n\t\t\t\t\t\t\t\t\t<p>Ontmoet CEO&#8217;s, aankopers, technische managers, ingenieurs, &#8230; uit diverse sectoren zoals (petro)chemie, metaal, onderhoud, &#8230;<\/p>\t\t\t\t\t\t\t\t<\/div>\n\t\t\t\t<\/div>\n\t\t\t\t<div class=\"elementor-element elementor-element-d0385bc elementor-align-center elementor-widget elementor-widget-button\" data-id=\"d0385bc\" data-element_type=\"widget\" data-widget_type=\"button.default\">\n\t\t\t\t<div class=\"elementor-widget-container\">\n\t\t\t\t\t\t\t\t\t<div class=\"elementor-button-wrapper\">\n\t\t\t\t\t<a class=\"elementor-button elementor-button-link elementor-size-sm\" href=\"https:\/\/www.maintenance-expo.be\/nl\/exposantenprofiel\/\">\n\t\t\t\t\t\t<span class=\"elementor-button-content-wrapper\">\n\t\t\t\t\t\t\t\t\t<span class=\"elementor-button-text\">Maintenance exposantenprofiel<\/span>\n\t\t\t\t\t<\/span>\n\t\t\t\t\t<\/a>\n\t\t\t\t<\/div>\n\t\t\t\t\t\t\t\t<\/div>\n\t\t\t\t<\/div>\n\t\t\t\t<div class=\"elementor-element elementor-element-098dc7d elementor-align-center elementor-widget elementor-widget-button\" data-id=\"098dc7d\" data-element_type=\"widget\" data-widget_type=\"button.default\">\n\t\t\t\t<div class=\"elementor-widget-container\">\n\t\t\t\t\t\t\t\t\t<div class=\"elementor-button-wrapper\">\n\t\t\t\t\t<a class=\"elementor-button elementor-button-link elementor-size-sm\" href=\"https:\/\/www.pumps-valves-expo.be\/nl\/exposantenprofiel-2\/\">\n\t\t\t\t\t\t<span class=\"elementor-button-content-wrapper\">\n\t\t\t\t\t\t\t\t\t<span class=\"elementor-button-text\">Pumps &amp; Valves exposantenprofiel<\/span>\n\t\t\t\t\t<\/span>\n\t\t\t\t\t<\/a>\n\t\t\t\t<\/div>\n\t\t\t\t\t\t\t\t<\/div>\n\t\t\t\t<\/div>\n\t\t\t\t\t<\/div>\n\t\t\t\t<\/div>\n\t\t<div class=\"elementor-element elementor-element-1b2a410 e-flex e-con-boxed e-con e-child\" data-id=\"1b2a410\" data-element_type=\"container\" data-settings=\"{&quot;background_background&quot;:&quot;classic&quot;}\">\n\t\t\t\t\t<div class=\"e-con-inner\">\n\t\t\t\t<div class=\"elementor-element elementor-element-fa91f94 elementor-widget__width-initial elementor-widget elementor-widget-heading\" data-id=\"fa91f94\" data-element_type=\"widget\" data-widget_type=\"heading.default\">\n\t\t\t\t<div class=\"elementor-widget-container\">\n\t\t\t\t\t<h2 class=\"elementor-heading-title elementor-size-default\">+250 exposanten<\/h2>\t\t\t\t<\/div>\n\t\t\t\t<\/div>\n\t\t\t\t<div class=\"elementor-element elementor-element-6672bd0 elementor-widget elementor-widget-text-editor\" data-id=\"6672bd0\" data-element_type=\"widget\" data-widget_type=\"text-editor.default\">\n\t\t\t\t<div class=\"elementor-widget-container\">\n\t\t\t\t\t\t\t\t\t<p>Uniek platform waar de industri\u00eble onderhouds en processcommunity samen komt.<\/p><p>\u00a0<\/p>\t\t\t\t\t\t\t\t<\/div>\n\t\t\t\t<\/div>\n\t\t\t\t<div class=\"elementor-element elementor-element-80dc203 elementor-align-center elementor-widget elementor-widget-button\" data-id=\"80dc203\" data-element_type=\"widget\" data-widget_type=\"button.default\">\n\t\t\t\t<div class=\"elementor-widget-container\">\n\t\t\t\t\t\t\t\t\t<div class=\"elementor-button-wrapper\">\n\t\t\t\t\t<a class=\"elementor-button elementor-button-link elementor-size-sm\" href=\"https:\/\/www.maintenance-expo.be\/nl\/exhibitor\/\">\n\t\t\t\t\t\t<span class=\"elementor-button-content-wrapper\">\n\t\t\t\t\t\t\t\t\t<span class=\"elementor-button-text\">Maintenance exposanten<\/span>\n\t\t\t\t\t<\/span>\n\t\t\t\t\t<\/a>\n\t\t\t\t<\/div>\n\t\t\t\t\t\t\t\t<\/div>\n\t\t\t\t<\/div>\n\t\t\t\t<div class=\"elementor-element elementor-element-c2a5995 elementor-align-center elementor-widget elementor-widget-button\" data-id=\"c2a5995\" data-element_type=\"widget\" data-widget_type=\"button.default\">\n\t\t\t\t<div class=\"elementor-widget-container\">\n\t\t\t\t\t\t\t\t\t<div class=\"elementor-button-wrapper\">\n\t\t\t\t\t<a class=\"elementor-button elementor-button-link elementor-size-sm\" href=\"https:\/\/www.pumps-valves-expo.be\/nl\/exhibitor\/\">\n\t\t\t\t\t\t<span class=\"elementor-button-content-wrapper\">\n\t\t\t\t\t\t\t\t\t<span class=\"elementor-button-text\">Pumps &amp; Valves exposanten<\/span>\n\t\t\t\t\t<\/span>\n\t\t\t\t\t<\/a>\n\t\t\t\t<\/div>\n\t\t\t\t\t\t\t\t<\/div>\n\t\t\t\t<\/div>\n\t\t\t\t\t<\/div>\n\t\t\t\t<\/div>\n\t\t<div class=\"elementor-element elementor-element-47e7048 e-flex e-con-boxed e-con e-child\" data-id=\"47e7048\" data-element_type=\"container\" data-settings=\"{&quot;background_background&quot;:&quot;classic&quot;}\">\n\t\t\t\t\t<div class=\"e-con-inner\">\n\t\t\t\t<div class=\"elementor-element elementor-element-a823231 elementor-widget elementor-widget-heading\" data-id=\"a823231\" data-element_type=\"widget\" data-widget_type=\"heading.default\">\n\t\t\t\t<div class=\"elementor-widget-container\">\n\t\t\t\t\t<h2 class=\"elementor-heading-title elementor-size-default\">Beleving<\/h2>\t\t\t\t<\/div>\n\t\t\t\t<\/div>\n\t\t\t\t<div class=\"elementor-element elementor-element-0fd4efc elementor-widget elementor-widget-text-editor\" data-id=\"0fd4efc\" data-element_type=\"widget\" data-widget_type=\"text-editor.default\">\n\t\t\t\t<div class=\"elementor-widget-container\">\n\t\t\t\t\t\t\t\t\t<p>Blijf up-to-date dankzij het gevarieerde aanbod aan masterclasses, demozone&#8217;s, &#8230;<\/p><p>\u00a0<\/p><p>\u00a0<\/p>\t\t\t\t\t\t\t\t<\/div>\n\t\t\t\t<\/div>\n\t\t\t\t<div class=\"elementor-element elementor-element-482f7b3 elementor-align-center elementor-widget elementor-widget-button\" data-id=\"482f7b3\" data-element_type=\"widget\" data-widget_type=\"button.default\">\n\t\t\t\t<div class=\"elementor-widget-container\">\n\t\t\t\t\t\t\t\t\t<div class=\"elementor-button-wrapper\">\n\t\t\t\t\t<a class=\"elementor-button elementor-button-link elementor-size-sm\" href=\"https:\/\/www.maintenance-expo.be\/nl\/programma\/\">\n\t\t\t\t\t\t<span class=\"elementor-button-content-wrapper\">\n\t\t\t\t\t\t\t\t\t<span class=\"elementor-button-text\">Maintenance programma<\/span>\n\t\t\t\t\t<\/span>\n\t\t\t\t\t<\/a>\n\t\t\t\t<\/div>\n\t\t\t\t\t\t\t\t<\/div>\n\t\t\t\t<\/div>\n\t\t\t\t<div class=\"elementor-element elementor-element-e95f74d elementor-align-center elementor-widget elementor-widget-button\" data-id=\"e95f74d\" data-element_type=\"widget\" data-widget_type=\"button.default\">\n\t\t\t\t<div class=\"elementor-widget-container\">\n\t\t\t\t\t\t\t\t\t<div class=\"elementor-button-wrapper\">\n\t\t\t\t\t<a class=\"elementor-button elementor-button-link elementor-size-sm\" href=\"https:\/\/www.pumps-valves-expo.be\/nl\/programma\/\">\n\t\t\t\t\t\t<span class=\"elementor-button-content-wrapper\">\n\t\t\t\t\t\t\t\t\t<span class=\"elementor-button-text\">Pumps &amp; Valves programma<\/span>\n\t\t\t\t\t<\/span>\n\t\t\t\t\t<\/a>\n\t\t\t\t<\/div>\n\t\t\t\t\t\t\t\t<\/div>\n\t\t\t\t<\/div>\n\t\t\t\t\t<\/div>\n\t\t\t\t<\/div>\n\t\t\t\t<\/div>\n\t\t\t\t\t<\/div>\n\t\t\t\t<\/div>\n\t\t<div class=\"elementor-element elementor-element-c6a987c e-con-full e-flex e-con e-child\" data-id=\"c6a987c\" data-element_type=\"container\" data-settings=\"{&quot;background_background&quot;:&quot;classic&quot;}\">\n\t\t\t\t<div class=\"elementor-element elementor-element-99c88c0 elementor-widget elementor-widget-heading\" data-id=\"99c88c0\" data-element_type=\"widget\" data-widget_type=\"heading.default\">\n\t\t\t\t<div class=\"elementor-widget-container\">\n\t\t\t\t\t<h2 class=\"elementor-heading-title elementor-size-default\">Foto's<\/h2>\t\t\t\t<\/div>\n\t\t\t\t<\/div>\n\t\t\t\t<div class=\"elementor-element elementor-element-d189f51 gallery-spacing-custom elementor-widget elementor-widget-image-gallery\" data-id=\"d189f51\" data-element_type=\"widget\" data-widget_type=\"image-gallery.default\">\n\t\t\t\t<div class=\"elementor-widget-container\">\n\t\t\t\t\t\t\t<div class=\"elementor-image-gallery\">\n\t\t\t<div id='gallery-1' class='gallery galleryid-157150 gallery-columns-3 gallery-size-full'><figure class='gallery-item'>\n\t\t\t<div class='gallery-icon landscape'>\n\t\t\t\t<img fetchpriority=\"high\" decoding=\"async\" width=\"1920\" height=\"1280\" src=\"https:\/\/easyfairsassets.com\/sites\/181\/2026\/01\/54442617534_610df4fe4e_k-2.jpg\" class=\"attachment-full size-full\" alt=\"\" srcset=\"https:\/\/easyfairsassets.com\/sites\/181\/2026\/01\/54442617534_610df4fe4e_k-2.jpg 1920w, https:\/\/easyfairsassets.com\/sites\/181\/2026\/01\/54442617534_610df4fe4e_k-2-300x200.jpg 300w, https:\/\/easyfairsassets.com\/sites\/181\/2026\/01\/54442617534_610df4fe4e_k-2-1024x683.jpg 1024w, https:\/\/easyfairsassets.com\/sites\/181\/2026\/01\/54442617534_610df4fe4e_k-2-768x512.jpg 768w, https:\/\/easyfairsassets.com\/sites\/181\/2026\/01\/54442617534_610df4fe4e_k-2-1536x1024.jpg 1536w\" sizes=\"(max-width: 1920px) 100vw, 1920px\" \/>\n\t\t\t<\/div><\/figure><figure class='gallery-item'>\n\t\t\t<div class='gallery-icon landscape'>\n\t\t\t\t<img decoding=\"async\" width=\"1920\" height=\"1280\" src=\"https:\/\/easyfairsassets.com\/sites\/181\/2026\/01\/54442415286_e9a31b7cb2_k-2-1.jpg\" class=\"attachment-full size-full\" alt=\"\" srcset=\"https:\/\/easyfairsassets.com\/sites\/181\/2026\/01\/54442415286_e9a31b7cb2_k-2-1.jpg 1920w, https:\/\/easyfairsassets.com\/sites\/181\/2026\/01\/54442415286_e9a31b7cb2_k-2-1-300x200.jpg 300w, https:\/\/easyfairsassets.com\/sites\/181\/2026\/01\/54442415286_e9a31b7cb2_k-2-1-1024x683.jpg 1024w, https:\/\/easyfairsassets.com\/sites\/181\/2026\/01\/54442415286_e9a31b7cb2_k-2-1-768x512.jpg 768w, https:\/\/easyfairsassets.com\/sites\/181\/2026\/01\/54442415286_e9a31b7cb2_k-2-1-1536x1024.jpg 1536w\" sizes=\"(max-width: 1920px) 100vw, 1920px\" \/>\n\t\t\t<\/div><\/figure><figure class='gallery-item'>\n\t\t\t<div class='gallery-icon landscape'>\n\t\t\t\t<img decoding=\"async\" width=\"1920\" height=\"1280\" src=\"https:\/\/easyfairsassets.com\/sites\/181\/2026\/01\/54442429481_142c208c17_k-2.jpg\" class=\"attachment-full size-full\" alt=\"\" srcset=\"https:\/\/easyfairsassets.com\/sites\/181\/2026\/01\/54442429481_142c208c17_k-2.jpg 1920w, https:\/\/easyfairsassets.com\/sites\/181\/2026\/01\/54442429481_142c208c17_k-2-300x200.jpg 300w, https:\/\/easyfairsassets.com\/sites\/181\/2026\/01\/54442429481_142c208c17_k-2-1024x683.jpg 1024w, https:\/\/easyfairsassets.com\/sites\/181\/2026\/01\/54442429481_142c208c17_k-2-768x512.jpg 768w, https:\/\/easyfairsassets.com\/sites\/181\/2026\/01\/54442429481_142c208c17_k-2-1536x1024.jpg 1536w\" sizes=\"(max-width: 1920px) 100vw, 1920px\" \/>\n\t\t\t<\/div><\/figure><figure class='gallery-item'>\n\t\t\t<div class='gallery-icon landscape'>\n\t\t\t\t<img loading=\"lazy\" decoding=\"async\" width=\"1920\" height=\"1280\" src=\"https:\/\/easyfairsassets.com\/sites\/181\/2024\/03\/53612419334_401cd51fb6_o.jpg\" class=\"attachment-full size-full\" alt=\"\" srcset=\"https:\/\/easyfairsassets.com\/sites\/181\/2024\/03\/53612419334_401cd51fb6_o.jpg 1920w, https:\/\/easyfairsassets.com\/sites\/181\/2024\/03\/53612419334_401cd51fb6_o-300x200.jpg 300w, https:\/\/easyfairsassets.com\/sites\/181\/2024\/03\/53612419334_401cd51fb6_o-1024x683.jpg 1024w, https:\/\/easyfairsassets.com\/sites\/181\/2024\/03\/53612419334_401cd51fb6_o-768x512.jpg 768w, https:\/\/easyfairsassets.com\/sites\/181\/2024\/03\/53612419334_401cd51fb6_o-1536x1024.jpg 1536w\" sizes=\"(max-width: 1920px) 100vw, 1920px\" \/>\n\t\t\t<\/div><\/figure><figure class='gallery-item'>\n\t\t\t<div class='gallery-icon landscape'>\n\t\t\t\t<img loading=\"lazy\" decoding=\"async\" width=\"1920\" height=\"1280\" src=\"https:\/\/easyfairsassets.com\/sites\/181\/2024\/03\/53611203247_88fb4f8e26_o.jpg\" class=\"attachment-full size-full\" alt=\"\" srcset=\"https:\/\/easyfairsassets.com\/sites\/181\/2024\/03\/53611203247_88fb4f8e26_o.jpg 1920w, https:\/\/easyfairsassets.com\/sites\/181\/2024\/03\/53611203247_88fb4f8e26_o-300x200.jpg 300w, https:\/\/easyfairsassets.com\/sites\/181\/2024\/03\/53611203247_88fb4f8e26_o-1024x683.jpg 1024w, https:\/\/easyfairsassets.com\/sites\/181\/2024\/03\/53611203247_88fb4f8e26_o-768x512.jpg 768w, https:\/\/easyfairsassets.com\/sites\/181\/2024\/03\/53611203247_88fb4f8e26_o-1536x1024.jpg 1536w\" sizes=\"(max-width: 1920px) 100vw, 1920px\" \/>\n\t\t\t<\/div><\/figure><figure class='gallery-item'>\n\t\t\t<div class='gallery-icon landscape'>\n\t\t\t\t<img loading=\"lazy\" decoding=\"async\" width=\"1024\" height=\"683\" src=\"https:\/\/easyfairsassets.com\/sites\/181\/2026\/01\/53612315723_900bacb9f2_b.jpg\" class=\"attachment-full size-full\" alt=\"\" srcset=\"https:\/\/easyfairsassets.com\/sites\/181\/2026\/01\/53612315723_900bacb9f2_b.jpg 1024w, https:\/\/easyfairsassets.com\/sites\/181\/2026\/01\/53612315723_900bacb9f2_b-300x200.jpg 300w, https:\/\/easyfairsassets.com\/sites\/181\/2026\/01\/53612315723_900bacb9f2_b-768x512.jpg 768w\" sizes=\"(max-width: 1024px) 100vw, 1024px\" \/>\n\t\t\t<\/div><\/figure>\n\t\t<\/div>\n\t\t<\/div>\n\t\t\t\t\t\t<\/div>\n\t\t\t\t<\/div>\n\t\t\t\t<\/div>\n\t\t\t\t<\/div>\n\t\t","protected":false},"excerpt":{"rendered":"<p>Maintenance en Pumps &amp; Valves: het ontmoetingspunt voor industri\u00eble professionals De beurzen Maintenance en Pumps &amp; Valves vormen samen h\u00e9t ontmoetingspunt voor professionals die actief zijn in onderhoud, industri\u00eble pompen en afsluiters. Tijdens deze toonaangevende vakbeurzen komen kennis, innovatie en praktijkervaring samen. Bezoekers ontdekken een breed aanbod aan praktische oplossingen, nieuwe producten en slimme technologie\u00ebn [&hellip;]<\/p>\n","protected":false},"author":1351,"featured_media":0,"parent":0,"menu_order":0,"comment_status":"closed","ping_status":"closed","template":"","meta":{"_seopress_robots_primary_cat":"","_seopress_titles_title":"Maintenance en Pumps & Valves","_seopress_titles_desc":"","_seopress_robots_index":"","footnotes":""},"class_list":["post-157150","page","type-page","status-publish","hentry"],"_links":{"self":[{"href":"https:\/\/www.pumps-valves-expo.be\/nl\/wp-json\/wp\/v2\/pages\/157150","targetHints":{"allow":["GET"]}}],"collection":[{"href":"https:\/\/www.pumps-valves-expo.be\/nl\/wp-json\/wp\/v2\/pages"}],"about":[{"href":"https:\/\/www.pumps-valves-expo.be\/nl\/wp-json\/wp\/v2\/types\/page"}],"author":[{"embeddable":true,"href":"https:\/\/www.pumps-valves-expo.be\/nl\/wp-json\/wp\/v2\/users\/1351"}],"replies":[{"embeddable":true,"href":"https:\/\/www.pumps-valves-expo.be\/nl\/wp-json\/wp\/v2\/comments?post=157150"}],"version-history":[{"count":5,"href":"https:\/\/www.pumps-valves-expo.be\/nl\/wp-json\/wp\/v2\/pages\/157150\/revisions"}],"predecessor-version":[{"id":162646,"href":"https:\/\/www.pumps-valves-expo.be\/nl\/wp-json\/wp\/v2\/pages\/157150\/revisions\/162646"}],"wp:attachment":[{"href":"https:\/\/www.pumps-valves-expo.be\/nl\/wp-json\/wp\/v2\/media?parent=157150"}],"curies":[{"name":"wp","href":"https:\/\/api.w.org\/{rel}","templated":true}]}}