{"id":153664,"date":"2025-11-17T13:46:14","date_gmt":"2025-11-17T12:46:14","guid":{"rendered":"https:\/\/www.pumps-valves-expo.be\/?page_id=153664"},"modified":"2026-01-21T11:27:56","modified_gmt":"2026-01-21T10:27:56","slug":"smart-badge-vs-visit-connect","status":"publish","type":"page","link":"https:\/\/www.pumps-valves-expo.be\/nl\/smart-badge-vs-visit-connect\/","title":{"rendered":"Smart Badge vs. Visit Connect"},"content":{"rendered":"\t\t<div data-elementor-type=\"wp-page\" data-elementor-id=\"153664\" class=\"elementor elementor-153664\" data-elementor-post-type=\"page\">\n\t\t\t\t<div class=\"elementor-element elementor-element-53c7ed1 e-flex e-con-boxed e-con e-parent\" data-id=\"53c7ed1\" data-element_type=\"container\" data-settings=\"{&quot;background_background&quot;:&quot;classic&quot;}\">\n\t\t\t\t\t<div class=\"e-con-inner\">\n\t\t\t\t<div class=\"elementor-element elementor-element-e69c187 elementor-widget__width-initial elementor-widget elementor-widget-heading\" data-id=\"e69c187\" data-element_type=\"widget\" data-widget_type=\"heading.default\">\n\t\t\t\t<div class=\"elementor-widget-container\">\n\t\t\t\t\t<h1 class=\"elementor-heading-title elementor-size-default\">Effici\u00ebnte Leadopvolging met Smart Badge &amp; Visit Connect App\n\n<\/h1>\t\t\t\t<\/div>\n\t\t\t\t<\/div>\n\t\t\t\t\t<\/div>\n\t\t\t\t<\/div>\n\t\t<div class=\"elementor-element elementor-element-7274cb1 e-flex e-con-boxed e-con e-parent\" data-id=\"7274cb1\" data-element_type=\"container\">\n\t\t\t\t\t<div class=\"e-con-inner\">\n\t\t\t\t<div class=\"elementor-element elementor-element-a00a572 elementor-widget elementor-widget-heading\" data-id=\"a00a572\" data-element_type=\"widget\" data-widget_type=\"heading.default\">\n\t\t\t\t<div class=\"elementor-widget-container\">\n\t\t\t\t\t<h2 class=\"elementor-heading-title elementor-size-default\">Smart Badge vs. Visit Connect<\/h2>\t\t\t\t<\/div>\n\t\t\t\t<\/div>\n\t\t\t\t<div class=\"elementor-element elementor-element-7520d3c elementor-widget elementor-widget-text-editor\" data-id=\"7520d3c\" data-element_type=\"widget\" data-widget_type=\"text-editor.default\">\n\t\t\t\t<div class=\"elementor-widget-container\">\n\t\t\t\t\t\t\t\t\t<p><strong data-start=\"317\" data-end=\"389\">&nbsp;<\/strong><\/p>\n<p><strong data-start=\"317\" data-end=\"389\">Twee tools, \u00e9\u00e9n doel: waardevolle connecties vastleggen en opvolgen.<\/strong><\/p>\n<p>Tijdens Pumps &amp; Valves verzamel je eenvoudig waardevolle leads \u2013 zonder ingewikkelde tools of handmatig werk. Maak slim gebruik van zowel de <strong data-start=\"525\" data-end=\"540\">Smart Badge<\/strong> als de <strong data-start=\"548\" data-end=\"569\">Visit Connect<\/strong>&nbsp;om je beursdeelname te maximaliseren.<\/p>\t\t\t\t\t\t\t\t<\/div>\n\t\t\t\t<\/div>\n\t\t\t\t\t<\/div>\n\t\t\t\t<\/div>\n\t\t<div class=\"elementor-element elementor-element-a5decc8 e-flex e-con-boxed e-con e-parent\" data-id=\"a5decc8\" data-element_type=\"container\" data-settings=\"{&quot;background_background&quot;:&quot;classic&quot;,&quot;shape_divider_top&quot;:&quot;curve&quot;,&quot;shape_divider_top_negative&quot;:&quot;yes&quot;,&quot;shape_divider_bottom&quot;:&quot;curve&quot;,&quot;shape_divider_bottom_negative&quot;:&quot;yes&quot;}\">\n\t\t\t\t\t<div class=\"e-con-inner\">\n\t\t\t\t<div class=\"elementor-shape elementor-shape-top\" aria-hidden=\"true\" data-negative=\"true\">\n\t\t\t<svg xmlns=\"http:\/\/www.w3.org\/2000\/svg\" viewBox=\"0 0 1000 100\" preserveAspectRatio=\"none\">\n\t<path class=\"elementor-shape-fill\" d=\"M500,97C126.7,96.3,0.8,19.8,0,0v100l1000,0V1C1000,19.4,873.3,97.8,500,97z\"\/>\n<\/svg>\t\t<\/div>\n\t\t\t\t<div class=\"elementor-shape elementor-shape-bottom\" aria-hidden=\"true\" data-negative=\"true\">\n\t\t\t<svg xmlns=\"http:\/\/www.w3.org\/2000\/svg\" viewBox=\"0 0 1000 100\" preserveAspectRatio=\"none\">\n\t<path class=\"elementor-shape-fill\" d=\"M500,97C126.7,96.3,0.8,19.8,0,0v100l1000,0V1C1000,19.4,873.3,97.8,500,97z\"\/>\n<\/svg>\t\t<\/div>\n\t\t<div class=\"elementor-element elementor-element-365decb e-con-full e-flex e-con e-child\" data-id=\"365decb\" data-element_type=\"container\">\n\t\t<div class=\"elementor-element elementor-element-ce5241d e-con-full e-flex e-con e-child\" data-id=\"ce5241d\" data-element_type=\"container\" data-settings=\"{&quot;background_background&quot;:&quot;classic&quot;}\">\n\t\t<div class=\"elementor-element elementor-element-27b3816 e-con-full e-flex e-con e-child\" data-id=\"27b3816\" data-element_type=\"container\">\n\t\t\t\t<div class=\"elementor-element elementor-element-4ba10b4 elementor-widget__width-inherit elementor-widget elementor-widget-heading\" data-id=\"4ba10b4\" data-element_type=\"widget\" data-widget_type=\"heading.default\">\n\t\t\t\t<div class=\"elementor-widget-container\">\n\t\t\t\t\t<h2 class=\"elementor-heading-title elementor-size-default\">Smart Badge <br>(Touch &amp;  Collect)<\/h2>\t\t\t\t<\/div>\n\t\t\t\t<\/div>\n\t\t\t\t<div class=\"elementor-element elementor-element-4c17e84 elementor-widget elementor-widget-text-editor\" data-id=\"4c17e84\" data-element_type=\"widget\" data-widget_type=\"text-editor.default\">\n\t\t\t\t<div class=\"elementor-widget-container\">\n\t\t\t\t\t\t\t\t\t<ul><li>Op initiatief van de <strong>bezoeker<\/strong><\/li><li><strong>Alle exposanten<\/strong> kunnen hun info verspreiden via de reader (info opgeladen op My Easyfairs)<\/li><li><strong>Geen gesprek nodig<\/strong> met de bezoeker, installeer de reader op uw stand en zij krijgen automatisch uw informatie toegestuurd.<\/li><li><strong>De<\/strong><strong>\u00a0exposanten<\/strong> ontvangen een bezoekerslijst met data uit de registratie als ze bij u op de stand gescand hebben.\u00a0<br \/><strong>Voorbereiding<\/strong>: zet zoveel mogelijk bedrijfsinfo op My Easyfairs. U krijgt tijdens de opbouw de reader op uw stand geleverd.<\/li><\/ul>\t\t\t\t\t\t\t\t<\/div>\n\t\t\t\t<\/div>\n\t\t\t\t<div class=\"elementor-element elementor-element-dbd6618 elementor-widget elementor-widget-video\" data-id=\"dbd6618\" data-element_type=\"widget\" data-settings=\"{&quot;youtube_url&quot;:&quot;https:\\\/\\\/youtu.be\\\/ikKCfzrS3nQ&quot;,&quot;video_type&quot;:&quot;youtube&quot;,&quot;controls&quot;:&quot;yes&quot;}\" data-widget_type=\"video.default\">\n\t\t\t\t<div class=\"elementor-widget-container\">\n\t\t\t\t\t\t\t<div class=\"elementor-wrapper elementor-open-inline\">\n\t\t\t<div class=\"elementor-video\"><\/div>\t\t<\/div>\n\t\t\t\t\t\t<\/div>\n\t\t\t\t<\/div>\n\t\t\t\t<\/div>\n\t\t\t\t<\/div>\n\t\t\t\t<\/div>\n\t\t<div class=\"elementor-element elementor-element-50ab375 e-con-full e-flex e-con e-child\" data-id=\"50ab375\" data-element_type=\"container\">\n\t\t<div class=\"elementor-element elementor-element-23b1075 e-con-full e-flex e-con e-child\" data-id=\"23b1075\" data-element_type=\"container\" data-settings=\"{&quot;background_background&quot;:&quot;classic&quot;}\">\n\t\t<div class=\"elementor-element elementor-element-c0cde24 e-con-full e-flex e-con e-child\" data-id=\"c0cde24\" data-element_type=\"container\">\n\t\t\t\t<div class=\"elementor-element elementor-element-8627b0c elementor-widget__width-inherit elementor-widget elementor-widget-heading\" data-id=\"8627b0c\" data-element_type=\"widget\" data-widget_type=\"heading.default\">\n\t\t\t\t<div class=\"elementor-widget-container\">\n\t\t\t\t\t<h2 class=\"elementor-heading-title elementor-size-default\">Visit Connect<\/h2>\t\t\t\t<\/div>\n\t\t\t\t<\/div>\n\t\t\t\t<div class=\"elementor-element elementor-element-340844e elementor-widget elementor-widget-text-editor\" data-id=\"340844e\" data-element_type=\"widget\" data-widget_type=\"text-editor.default\">\n\t\t\t\t<div class=\"elementor-widget-container\">\n\t\t\t\t\t\t\t\t\t<ul><li>Op\u00a0<strong>initiatief<\/strong>\u00a0van de\u00a0<strong>exposant<\/strong>.<br \/>Deze app is beschikbaar voor alle exposanten<\/li><li>U kan de app op\u00a0<strong>alle\u00a0<\/strong>toestellen installeren.<\/li><li><strong>Kwalificeer leads<\/strong>\u00a0door\u00a0<strong>vragen<\/strong>\u00a0te stellen en notities te nemen in de app.<br \/>Verzamel alle informatie op \u00e9\u00e9n punt.<\/li><li><strong>Lead opvolging<\/strong>: contacteer de bezoeker na de beurs.<\/li><li><strong>Voorbereiding<\/strong>: Elke bezoeker ontvangt bij het\u00a0<strong>binnenkomen van de beurs<\/strong>\u00a0een\u00a0<strong>bezoekersbadge met QR-code<\/strong>\u00a0op.<\/li><li style=\"list-style-type: none;\">\u00a0<\/li><\/ul>\t\t\t\t\t\t\t\t<\/div>\n\t\t\t\t<\/div>\n\t\t\t\t<\/div>\n\t\t\t\t<div class=\"elementor-element elementor-element-d31d043 elementor-widget elementor-widget-video\" data-id=\"d31d043\" data-element_type=\"widget\" data-settings=\"{&quot;video_type&quot;:&quot;hosted&quot;,&quot;controls&quot;:&quot;yes&quot;}\" data-widget_type=\"video.default\">\n\t\t\t\t<div class=\"elementor-widget-container\">\n\t\t\t\t\t\t\t<div class=\"e-hosted-video elementor-wrapper elementor-open-inline\">\n\t\t\t\t\t<video class=\"elementor-video\" src=\"https:\/\/easyfairsassets.com\/sites\/181\/2025\/11\/how-to-use-vc-for-staff-ihxwtqmy_dtB3IPUQ.mp4\" controls=\"\" preload=\"metadata\" controlsList=\"nodownload\"><\/video>\n\t\t\t\t<\/div>\n\t\t\t\t\t\t<\/div>\n\t\t\t\t<\/div>\n\t\t\t\t<\/div>\n\t\t\t\t<\/div>\n\t\t\t\t\t<\/div>\n\t\t\t\t<\/div>\n\t\t<div class=\"elementor-element elementor-element-c4c445c e-con-full e-flex e-con e-child\" data-id=\"c4c445c\" data-element_type=\"container\" data-settings=\"{&quot;background_background&quot;:&quot;classic&quot;}\">\n\t\t<div class=\"elementor-element elementor-element-c7748a8 e-grid e-con-full e-con e-child\" data-id=\"c7748a8\" data-element_type=\"container\" data-settings=\"{&quot;background_background&quot;:&quot;classic&quot;}\">\n\t\t\t\t<div class=\"elementor-element elementor-element-cad50d8 elementor-widget elementor-widget-text-editor\" data-id=\"cad50d8\" data-element_type=\"widget\" data-widget_type=\"text-editor.default\">\n\t\t\t\t<div class=\"elementor-widget-container\">\n\t\t\t\t\t\t\t\t\t<div class=\"elementor-element elementor-element-46fabe4 elementor-widget elementor-widget-heading\" data-id=\"46fabe4\" data-element_type=\"widget\" data-widget_type=\"heading.default\"><div class=\"elementor-widget-container\"><h2 class=\"elementor-heading-title elementor-size-default\"><strong>Wat is het verschil tussen Smart Badge &amp; Visit Connect App?<\/strong><\/h2><div><strong>\u00a0<\/strong><\/div><\/div><\/div><div class=\"elementor-element elementor-element-02a1dcf premium-table-dir-ltr elementor-widget elementor-widget-premium-tables-addon\" data-id=\"02a1dcf\" data-element_type=\"widget\" data-widget_type=\"premium-tables-addon.default\"><div class=\"elementor-widget-container\"><div class=\"premium-table-wrap\"><table class=\"premium-table\" data-settings=\"{&quot;sort&quot;:false,&quot;usNumbers&quot;:false,&quot;sortMob&quot;:false,&quot;search&quot;:false,&quot;records&quot;:false,&quot;dataType&quot;:&quot;custom&quot;,&quot;csvFile&quot;:null,&quot;firstRow&quot;:null,&quot;separator&quot;:null,&quot;pagination&quot;:&quot;&quot;,&quot;rows&quot;:0}\"><thead class=\"premium-table-head\"><tr class=\"premium-table-row\"><th class=\"premium-table-cell elementor-repeater-item-a9cc7ed\"><span class=\"premium-table-text\">Functionaliteit<\/span><\/th><th class=\"premium-table-cell elementor-repeater-item-b6e3d63\"><span class=\"premium-table-text\">Smart Badge<\/span><\/th><th class=\"premium-table-cell elementor-repeater-item-baf6154\"><span class=\"premium-table-text\">Visit Connect App<\/span><\/th><\/tr><\/thead><tbody class=\"premium-table-body\"><tr class=\"premium-table-row elementor-repeater-item-a537c15\"><td class=\"premium-table-cell elementor-repeater-item-e5e221f\"><span class=\"premium-table-text\">Interactie vereist?<\/span><\/td><td class=\"premium-table-cell elementor-repeater-item-876f878\"><span class=\"premium-table-text\">Nee \u2013 werkt volledig automatisch<\/span><\/td><td class=\"premium-table-cell elementor-repeater-item-bf765db\"><span class=\"premium-table-text\">Ja \u2013 scan vereist + mogelijkheid tot gesprek<\/span><\/td><\/tr><tr class=\"premium-table-row elementor-repeater-item-f155059\"><td class=\"premium-table-cell elementor-repeater-item-ca79c6d\"><span class=\"premium-table-text\">Wat ontvangt de bezoeker?<\/span><\/td><td class=\"premium-table-cell elementor-repeater-item-505cae6\"><span class=\"premium-table-text\">Uw bedrijfsinformatie via e-mail (op basis van info in My Easyfairs)<\/span><\/td><td class=\"premium-table-cell elementor-repeater-item-c0c2840\"><span class=\"premium-table-text\">\/<\/span><\/td><\/tr><tr class=\"premium-table-row elementor-repeater-item-b9fb964\"><td class=\"premium-table-cell elementor-repeater-item-fc6b6d4\"><span class=\"premium-table-text\">Wat ontvangt de exposant?<\/span><\/td><td class=\"premium-table-cell elementor-repeater-item-8d085dd\"><span class=\"premium-table-text\">Bezoekerslijst met contactgegevens van wie heeft gescand<\/span><\/td><td class=\"premium-table-cell elementor-repeater-item-78e5fe0\"><span class=\"premium-table-text\">Volledige leadgegevens met notities, tags, antwoorden, enz.<\/span><\/td><\/tr><tr class=\"premium-table-row elementor-repeater-item-3056711\"><td class=\"premium-table-cell elementor-repeater-item-183dd28\"><span class=\"premium-table-text\">Gebruik op de beurs<\/span><\/td><td class=\"premium-table-cell elementor-repeater-item-ddea743\"><span class=\"premium-table-text\">Reader op de stand, klaar voor gebruik<\/span><\/td><td class=\"premium-table-cell elementor-repeater-item-868bd30\"><span class=\"premium-table-text\">Scan bezoekersbadges met eigen toestel (smartphone\/tablet,)<\/span><\/td><\/tr><tr class=\"premium-table-row elementor-repeater-item-71afb49\"><td class=\"premium-table-cell elementor-repeater-item-5d022bb\"><span class=\"premium-table-text\">Voorbereiding<\/span><\/td><td class=\"premium-table-cell elementor-repeater-item-00e9f98\"><span class=\"premium-table-text\">Profiel aanvullen in My Easyfairs<\/span><\/td><td class=\"premium-table-cell elementor-repeater-item-185e240\"><span class=\"premium-table-text\">Licentie activeren + app installeren<\/span><\/td><\/tr><tr class=\"premium-table-row elementor-repeater-item-41332ee\"><td class=\"premium-table-cell elementor-repeater-item-97e15f6\"><span class=\"premium-table-text\">Beschikbaar voor?<\/span><\/td><td class=\"premium-table-cell elementor-repeater-item-9a8a494\"><span class=\"premium-table-text\">Alle exposanten<\/span><\/td><td class=\"premium-table-cell elementor-repeater-item-3777a34\"><span class=\"premium-table-text\">Alle exposanten<\/span><\/td><\/tr><tr class=\"premium-table-row elementor-repeater-item-41540c8\"><td class=\"premium-table-cell elementor-repeater-item-301af33\"><span class=\"premium-table-text\">Na beurs<\/span><\/td><td class=\"premium-table-cell elementor-repeater-item-d70672f\"><span class=\"premium-table-text\">Leads downloaden via My Easyfairs<\/span><\/td><td class=\"premium-table-cell elementor-repeater-item-6843b71\"><span class=\"premium-table-text\">Leads exporteren of opvolgen via Visit Connect<\/span><\/td><\/tr><\/tbody><\/table><\/div><\/div><\/div>\t\t\t\t\t\t\t\t<\/div>\n\t\t\t\t<\/div>\n\t\t\t\t<\/div>\n\t\t\t\t<\/div>\n\t\t<div class=\"elementor-element elementor-element-3d1b57c e-flex e-con-boxed e-con e-parent\" data-id=\"3d1b57c\" data-element_type=\"container\" data-settings=\"{&quot;background_background&quot;:&quot;classic&quot;}\">\n\t\t\t\t\t<div class=\"e-con-inner\">\n\t\t<div class=\"elementor-element elementor-element-37993c3 e-con-full e-flex e-con e-child\" data-id=\"37993c3\" data-element_type=\"container\" data-settings=\"{&quot;background_background&quot;:&quot;classic&quot;}\">\n\t\t\t\t<div class=\"elementor-element elementor-element-763daef elementor-widget elementor-widget-heading\" data-id=\"763daef\" data-element_type=\"widget\" data-widget_type=\"heading.default\">\n\t\t\t\t<div class=\"elementor-widget-container\">\n\t\t\t\t\t<h2 class=\"elementor-heading-title elementor-size-default\">Heeft u nog vragen of wilt u meer informatie? Ons team staat klaar om u te helpen.&nbsp;<\/h2>\t\t\t\t<\/div>\n\t\t\t\t<\/div>\n\t\t\t\t<div class=\"elementor-element elementor-element-5c42423 elementor-widget elementor-widget-button\" data-id=\"5c42423\" data-element_type=\"widget\" data-widget_type=\"button.default\">\n\t\t\t\t<div class=\"elementor-widget-container\">\n\t\t\t\t\t\t\t\t\t<div class=\"elementor-button-wrapper\">\n\t\t\t\t\t<a class=\"elementor-button elementor-button-link elementor-size-sm\" href=\"https:\/\/www.pumps-valves-expo.be\/nl\/contact\/\">\n\t\t\t\t\t\t<span class=\"elementor-button-content-wrapper\">\n\t\t\t\t\t\t\t\t\t<span class=\"elementor-button-text\">Vragen?<\/span>\n\t\t\t\t\t<\/span>\n\t\t\t\t\t<\/a>\n\t\t\t\t<\/div>\n\t\t\t\t\t\t\t\t<\/div>\n\t\t\t\t<\/div>\n\t\t\t\t<\/div>\n\t\t\t\t\t<\/div>\n\t\t\t\t<\/div>\n\t\t\t\t<\/div>\n\t\t","protected":false},"excerpt":{"rendered":"<p>Effici\u00ebnte Leadopvolging met Smart Badge &amp; Visit Connect App Smart Badge vs. Visit Connect &nbsp; Twee tools, \u00e9\u00e9n doel: waardevolle connecties vastleggen en opvolgen. Tijdens Pumps &amp; Valves verzamel je eenvoudig waardevolle leads \u2013 zonder ingewikkelde tools of handmatig werk. Maak slim gebruik van zowel de Smart Badge als de Visit Connect&nbsp;om je beursdeelname te [&hellip;]<\/p>\n","protected":false},"author":949,"featured_media":0,"parent":0,"menu_order":0,"comment_status":"closed","ping_status":"closed","template":"","meta":{"_seopress_robots_primary_cat":"","_seopress_titles_title":"","_seopress_titles_desc":"","_seopress_robots_index":"","footnotes":""},"class_list":["post-153664","page","type-page","status-publish","hentry"],"_links":{"self":[{"href":"https:\/\/www.pumps-valves-expo.be\/nl\/wp-json\/wp\/v2\/pages\/153664","targetHints":{"allow":["GET"]}}],"collection":[{"href":"https:\/\/www.pumps-valves-expo.be\/nl\/wp-json\/wp\/v2\/pages"}],"about":[{"href":"https:\/\/www.pumps-valves-expo.be\/nl\/wp-json\/wp\/v2\/types\/page"}],"author":[{"embeddable":true,"href":"https:\/\/www.pumps-valves-expo.be\/nl\/wp-json\/wp\/v2\/users\/949"}],"replies":[{"embeddable":true,"href":"https:\/\/www.pumps-valves-expo.be\/nl\/wp-json\/wp\/v2\/comments?post=153664"}],"version-history":[{"count":6,"href":"https:\/\/www.pumps-valves-expo.be\/nl\/wp-json\/wp\/v2\/pages\/153664\/revisions"}],"predecessor-version":[{"id":159024,"href":"https:\/\/www.pumps-valves-expo.be\/nl\/wp-json\/wp\/v2\/pages\/153664\/revisions\/159024"}],"wp:attachment":[{"href":"https:\/\/www.pumps-valves-expo.be\/nl\/wp-json\/wp\/v2\/media?parent=153664"}],"curies":[{"name":"wp","href":"https:\/\/api.w.org\/{rel}","templated":true}]}}