{"id":93218,"date":"2024-02-20T09:05:46","date_gmt":"2024-02-20T08:05:46","guid":{"rendered":"https:\/\/www.pumps-valves-expo.be\/zones-de-demonstration\/"},"modified":"2026-03-02T12:30:47","modified_gmt":"2026-03-02T11:30:47","slug":"zones-de-demonstration","status":"publish","type":"page","link":"https:\/\/www.pumps-valves-expo.be\/fr\/zones-de-demonstration\/","title":{"rendered":"Zones de d\u00e9monstration"},"content":{"rendered":"\t\t<div data-elementor-type=\"wp-page\" data-elementor-id=\"93218\" class=\"elementor elementor-93218 elementor-93006\" data-elementor-post-type=\"page\">\n\t\t\t\t<div class=\"elementor-element elementor-element-14d4ac2 e-flex e-con-boxed e-con e-parent\" data-id=\"14d4ac2\" data-element_type=\"container\">\n\t\t\t\t\t<div class=\"e-con-inner\">\n\t\t\t\t<div class=\"elementor-element elementor-element-6a3aaf4 elementor-widget elementor-widget-heading\" data-id=\"6a3aaf4\" data-element_type=\"widget\" data-widget_type=\"heading.default\">\n\t\t\t\t<div class=\"elementor-widget-container\">\n\t\t\t\t\t<h2 class=\"elementor-heading-title elementor-size-xl\">Zones de d\u00e9monstration<\/h2>\t\t\t\t<\/div>\n\t\t\t\t<\/div>\n\t\t\t\t\t<\/div>\n\t\t\t\t<\/div>\n\t\t<div class=\"elementor-element elementor-element-402db4e e-flex e-con-boxed e-con e-parent\" data-id=\"402db4e\" data-element_type=\"container\">\n\t\t\t\t\t<div class=\"e-con-inner\">\n\t\t<div class=\"elementor-element elementor-element-8405dda e-con-full e-flex e-con e-child\" data-id=\"8405dda\" data-element_type=\"container\">\n\t\t\t\t<div class=\"elementor-element elementor-element-3d7f8cf elementor-widget elementor-widget-heading\" data-id=\"3d7f8cf\" data-element_type=\"widget\" data-widget_type=\"heading.default\">\n\t\t\t\t<div class=\"elementor-widget-container\">\n\t\t\t\t\t<h2 class=\"elementor-heading-title elementor-size-default\">Zone de d\u00e9monstration<\/h2>\t\t\t\t<\/div>\n\t\t\t\t<\/div>\n\t\t\t\t<div class=\"elementor-element elementor-element-13c55f7 elementor-widget elementor-widget-image\" data-id=\"13c55f7\" data-element_type=\"widget\" data-widget_type=\"image.default\">\n\t\t\t\t<div class=\"elementor-widget-container\">\n\t\t\t\t\t\t\t\t\t\t\t\t\t\t\t<img fetchpriority=\"high\" decoding=\"async\" width=\"560\" height=\"560\" src=\"https:\/\/easyfairsassets.com\/sites\/181\/2024\/02\/121.png\" class=\"attachment-large size-large wp-image-91366\" alt=\"\" srcset=\"https:\/\/easyfairsassets.com\/sites\/181\/2024\/02\/121.png 560w, https:\/\/easyfairsassets.com\/sites\/181\/2024\/02\/121-300x300.png 300w, https:\/\/easyfairsassets.com\/sites\/181\/2024\/02\/121-150x150.png 150w\" sizes=\"(max-width: 560px) 100vw, 560px\" \/>\t\t\t\t\t\t\t\t\t\t\t\t\t\t\t<\/div>\n\t\t\t\t<\/div>\n\t\t\t\t<div class=\"elementor-element elementor-element-0d6e2ae elementor-align-center elementor-widget elementor-widget-dynamic-button\" data-id=\"0d6e2ae\" data-element_type=\"widget\" data-widget_type=\"dynamic-button.default\">\n\t\t\t\t<div class=\"elementor-widget-container\">\n\t\t\t\t\t        <div class=\"elementor-button-wrapper\">\n            <a href=\"https:\/\/www.pumps-valves-expo.be\/fr\/zone-de-demonstration-de-drones\/\" class=\"elementor-button-link elementor-button elementor-size-sm\" role=\"button\">\n                        <span class=\"elementor-button-content-wrapper\">\n\t\t\t\t\t\t<span class=\"elementor-button-text\">Plus d'info<\/span>\n\t\t<\/span>\n                    <\/a>\n        <\/div>\n        \t\t\t\t<\/div>\n\t\t\t\t<\/div>\n\t\t\t\t<\/div>\n\t\t<div class=\"elementor-element elementor-element-e8fe825 e-con-full e-flex e-con e-child\" data-id=\"e8fe825\" data-element_type=\"container\">\n\t\t\t\t<div class=\"elementor-element elementor-element-3b70148 elementor-widget elementor-widget-heading\" data-id=\"3b70148\" data-element_type=\"widget\" data-widget_type=\"heading.default\">\n\t\t\t\t<div class=\"elementor-widget-container\">\n\t\t\t\t\t<h2 class=\"elementor-heading-title elementor-size-default\">Smart Maintenance zone<\/h2>\t\t\t\t<\/div>\n\t\t\t\t<\/div>\n\t\t\t\t<div class=\"elementor-element elementor-element-c0d17dd elementor-widget elementor-widget-image\" data-id=\"c0d17dd\" data-element_type=\"widget\" data-widget_type=\"image.default\">\n\t\t\t\t<div class=\"elementor-widget-container\">\n\t\t\t\t\t\t\t\t\t\t\t\t\t\t\t<img decoding=\"async\" width=\"560\" height=\"560\" src=\"https:\/\/easyfairsassets.com\/sites\/181\/2024\/02\/131.png\" class=\"attachment-large size-large wp-image-91363\" alt=\"\" srcset=\"https:\/\/easyfairsassets.com\/sites\/181\/2024\/02\/131.png 560w, https:\/\/easyfairsassets.com\/sites\/181\/2024\/02\/131-300x300.png 300w, https:\/\/easyfairsassets.com\/sites\/181\/2024\/02\/131-150x150.png 150w\" sizes=\"(max-width: 560px) 100vw, 560px\" \/>\t\t\t\t\t\t\t\t\t\t\t\t\t\t\t<\/div>\n\t\t\t\t<\/div>\n\t\t\t\t<div class=\"elementor-element elementor-element-3b85d32 elementor-align-center elementor-widget elementor-widget-dynamic-button\" data-id=\"3b85d32\" data-element_type=\"widget\" data-widget_type=\"dynamic-button.default\">\n\t\t\t\t<div class=\"elementor-widget-container\">\n\t\t\t\t\t        <div class=\"elementor-button-wrapper\">\n            <a href=\"https:\/\/www.pumps-valves-expo.be\/fr\/programme\/tours-guides\/\" class=\"elementor-button-link elementor-button elementor-size-sm\" role=\"button\">\n                        <span class=\"elementor-button-content-wrapper\">\n\t\t\t\t\t\t<span class=\"elementor-button-text\">Plus d'info<\/span>\n\t\t<\/span>\n                    <\/a>\n        <\/div>\n        \t\t\t\t<\/div>\n\t\t\t\t<\/div>\n\t\t\t\t<\/div>\n\t\t\t\t\t<\/div>\n\t\t\t\t<\/div>\n\t\t<div class=\"elementor-element elementor-element-613e39f e-flex e-con-boxed e-con e-parent\" data-id=\"613e39f\" data-element_type=\"container\">\n\t\t\t\t\t<div class=\"e-con-inner\">\n\t\t\t\t<div class=\"elementor-element elementor-element-5793b8a elementor-widget elementor-widget-spacer\" data-id=\"5793b8a\" data-element_type=\"widget\" data-widget_type=\"spacer.default\">\n\t\t\t\t<div class=\"elementor-widget-container\">\n\t\t\t\t\t\t\t<div class=\"elementor-spacer\">\n\t\t\t<div class=\"elementor-spacer-inner\"><\/div>\n\t\t<\/div>\n\t\t\t\t\t\t<\/div>\n\t\t\t\t<\/div>\n\t\t\t\t\t<\/div>\n\t\t\t\t<\/div>\n\t\t<div class=\"elementor-element elementor-element-037ff92 e-flex e-con-boxed e-con e-parent\" data-id=\"037ff92\" data-element_type=\"container\">\n\t\t\t\t\t<div class=\"e-con-inner\">\n\t\t<div class=\"elementor-element elementor-element-27d9d4b e-con-full e-flex e-con e-child\" data-id=\"27d9d4b\" data-element_type=\"container\">\n\t\t\t\t<div class=\"elementor-element elementor-element-9ed0f9e elementor-widget elementor-widget-heading\" data-id=\"9ed0f9e\" data-element_type=\"widget\" data-widget_type=\"heading.default\">\n\t\t\t\t<div class=\"elementor-widget-container\">\n\t\t\t\t\t<h2 class=\"elementor-heading-title elementor-size-default\">Acta Processimulator<\/h2>\t\t\t\t<\/div>\n\t\t\t\t<\/div>\n\t\t\t\t<div class=\"elementor-element elementor-element-7d1f01c elementor-widget elementor-widget-image\" data-id=\"7d1f01c\" data-element_type=\"widget\" data-widget_type=\"image.default\">\n\t\t\t\t<div class=\"elementor-widget-container\">\n\t\t\t\t\t\t\t\t\t\t\t\t\t\t\t<img decoding=\"async\" width=\"560\" height=\"560\" src=\"https:\/\/easyfairsassets.com\/sites\/181\/2024\/02\/demo_VR1.png\" class=\"attachment-large size-large wp-image-92584\" alt=\"\" srcset=\"https:\/\/easyfairsassets.com\/sites\/181\/2024\/02\/demo_VR1.png 560w, https:\/\/easyfairsassets.com\/sites\/181\/2024\/02\/demo_VR1-300x300.png 300w, https:\/\/easyfairsassets.com\/sites\/181\/2024\/02\/demo_VR1-150x150.png 150w\" sizes=\"(max-width: 560px) 100vw, 560px\" \/>\t\t\t\t\t\t\t\t\t\t\t\t\t\t\t<\/div>\n\t\t\t\t<\/div>\n\t\t\t\t<div class=\"elementor-element elementor-element-2374f3a elementor-align-center elementor-widget elementor-widget-dynamic-button\" data-id=\"2374f3a\" data-element_type=\"widget\" data-widget_type=\"dynamic-button.default\">\n\t\t\t\t<div class=\"elementor-widget-container\">\n\t\t\t\t\t        <div class=\"elementor-button-wrapper\">\n            <a href=\"https:\/\/www.pumps-valves-expo.be\/fr\/ar-vr-demozone\/\" class=\"elementor-button-link elementor-button elementor-size-sm\" role=\"button\">\n                        <span class=\"elementor-button-content-wrapper\">\n\t\t\t\t\t\t<span class=\"elementor-button-text\">Plus d'info<\/span>\n\t\t<\/span>\n                    <\/a>\n        <\/div>\n        \t\t\t\t<\/div>\n\t\t\t\t<\/div>\n\t\t\t\t<\/div>\n\t\t<div class=\"elementor-element elementor-element-8588174 e-con-full e-flex e-con e-child\" data-id=\"8588174\" data-element_type=\"container\">\n\t\t\t\t<div class=\"elementor-element elementor-element-7dc0e43 elementor-widget elementor-widget-heading\" data-id=\"7dc0e43\" data-element_type=\"widget\" data-widget_type=\"heading.default\">\n\t\t\t\t<div class=\"elementor-widget-container\">\n\t\t\t\t\t<h2 class=\"elementor-heading-title elementor-size-default\">D\u00e9couvrez \u00e9galement les d\u00e9monstrations sur Maintenance<\/h2>\t\t\t\t<\/div>\n\t\t\t\t<\/div>\n\t\t\t\t<div class=\"elementor-element elementor-element-31a2b24 elementor-widget elementor-widget-image\" data-id=\"31a2b24\" data-element_type=\"widget\" data-widget_type=\"image.default\">\n\t\t\t\t<div class=\"elementor-widget-container\">\n\t\t\t\t\t\t\t\t\t\t\t\t\t\t\t<img loading=\"lazy\" decoding=\"async\" width=\"560\" height=\"560\" src=\"https:\/\/easyfairsassets.com\/sites\/181\/2024\/02\/demo_robot1.png\" class=\"attachment-large size-large wp-image-92587\" alt=\"\" srcset=\"https:\/\/easyfairsassets.com\/sites\/181\/2024\/02\/demo_robot1.png 560w, https:\/\/easyfairsassets.com\/sites\/181\/2024\/02\/demo_robot1-300x300.png 300w, https:\/\/easyfairsassets.com\/sites\/181\/2024\/02\/demo_robot1-150x150.png 150w\" sizes=\"(max-width: 560px) 100vw, 560px\" \/>\t\t\t\t\t\t\t\t\t\t\t\t\t\t\t<\/div>\n\t\t\t\t<\/div>\n\t\t\t\t<div class=\"elementor-element elementor-element-cc80c7a elementor-align-center elementor-widget elementor-widget-dynamic-button\" data-id=\"cc80c7a\" data-element_type=\"widget\" data-widget_type=\"dynamic-button.default\">\n\t\t\t\t<div class=\"elementor-widget-container\">\n\t\t\t\t\t        <div class=\"elementor-button-wrapper\">\n            <a href=\"https:\/\/www.maintenance-expo.be\/fr\/demos-2\/\" class=\"elementor-button-link elementor-button elementor-size-sm\" role=\"button\">\n                        <span class=\"elementor-button-content-wrapper\">\n\t\t\t\t\t\t<span class=\"elementor-button-text\">Plus d'info<\/span>\n\t\t<\/span>\n                    <\/a>\n        <\/div>\n        \t\t\t\t<\/div>\n\t\t\t\t<\/div>\n\t\t\t\t<\/div>\n\t\t\t\t\t<\/div>\n\t\t\t\t<\/div>\n\t\t\t\t<\/div>\n\t\t","protected":false},"excerpt":{"rendered":"<p>Zones de d\u00e9monstration Zone de d\u00e9monstration Plus d&rsquo;info Smart Maintenance zone Plus d&rsquo;info Acta Processimulator Plus d&rsquo;info D\u00e9couvrez \u00e9galement les d\u00e9monstrations sur Maintenance Plus d&rsquo;info<\/p>\n","protected":false},"author":949,"featured_media":0,"parent":0,"menu_order":0,"comment_status":"closed","ping_status":"closed","template":"","meta":{"_seopress_robots_primary_cat":"","_seopress_titles_title":"","_seopress_titles_desc":"","_seopress_robots_index":"","footnotes":""},"class_list":["post-93218","page","type-page","status-publish","hentry"],"_links":{"self":[{"href":"https:\/\/www.pumps-valves-expo.be\/fr\/wp-json\/wp\/v2\/pages\/93218","targetHints":{"allow":["GET"]}}],"collection":[{"href":"https:\/\/www.pumps-valves-expo.be\/fr\/wp-json\/wp\/v2\/pages"}],"about":[{"href":"https:\/\/www.pumps-valves-expo.be\/fr\/wp-json\/wp\/v2\/types\/page"}],"author":[{"embeddable":true,"href":"https:\/\/www.pumps-valves-expo.be\/fr\/wp-json\/wp\/v2\/users\/949"}],"replies":[{"embeddable":true,"href":"https:\/\/www.pumps-valves-expo.be\/fr\/wp-json\/wp\/v2\/comments?post=93218"}],"version-history":[{"count":3,"href":"https:\/\/www.pumps-valves-expo.be\/fr\/wp-json\/wp\/v2\/pages\/93218\/revisions"}],"predecessor-version":[{"id":160937,"href":"https:\/\/www.pumps-valves-expo.be\/fr\/wp-json\/wp\/v2\/pages\/93218\/revisions\/160937"}],"wp:attachment":[{"href":"https:\/\/www.pumps-valves-expo.be\/fr\/wp-json\/wp\/v2\/media?parent=93218"}],"curies":[{"name":"wp","href":"https:\/\/api.w.org\/{rel}","templated":true}]}}