{"id":92673,"date":"2024-02-15T11:21:19","date_gmt":"2024-02-15T10:21:19","guid":{"rendered":"https:\/\/www.pumps-valves-expo.be\/ar-vr-demozone\/"},"modified":"2026-03-09T08:57:29","modified_gmt":"2026-03-09T07:57:29","slug":"ar-vr-demozone","status":"publish","type":"page","link":"https:\/\/www.pumps-valves-expo.be\/fr\/ar-vr-demozone\/","title":{"rendered":"AR-VR-demozone"},"content":{"rendered":"\t\t<div data-elementor-type=\"wp-page\" data-elementor-id=\"92673\" class=\"elementor elementor-92673 elementor-92588\" data-elementor-post-type=\"page\">\n\t\t\t\t<div class=\"elementor-element elementor-element-6991a16 e-flex e-con-boxed e-con e-parent\" data-id=\"6991a16\" data-element_type=\"container\" data-settings=\"{&quot;background_background&quot;:&quot;gradient&quot;}\">\n\t\t\t\t\t<div class=\"e-con-inner\">\n\t\t\t\t<div class=\"elementor-element elementor-element-1123296 elementor-widget elementor-widget-heading\" data-id=\"1123296\" data-element_type=\"widget\" data-widget_type=\"heading.default\">\n\t\t\t\t<div class=\"elementor-widget-container\">\n\t\t\t\t\t<h2 class=\"elementor-heading-title elementor-size-default\">ACTA Processimulator<\/h2>\t\t\t\t<\/div>\n\t\t\t\t<\/div>\n\t\t\t\t<div class=\"elementor-element elementor-element-2c97a4a elementor-widget elementor-widget-text-editor\" data-id=\"2c97a4a\" data-element_type=\"widget\" data-widget_type=\"text-editor.default\">\n\t\t\t\t<div class=\"elementor-widget-container\">\n\t\t\t\t\t\t\t\t\t<p><strong>ACTA<\/strong> a d\u00e9velopp\u00e9 un nouveau simulateur de pompe <strong>destin\u00e9 aux op\u00e9rateurs de production et aux techniciens de maintenance<\/strong> qui souhaitent approfondir leurs connaissances des processus.<\/p>\n<p>Dans un environnement r\u00e9aliste mais s\u00e9curis\u00e9, vous travaillez activement sur <strong>des exercices de pompes essentiels<\/strong> :<\/p>\n<p>\u2013 r\u00e9sistances de ligne<br \/>\u2013 pompes \u00e0 commande par vanne et \u00e0 fr\u00e9quence contr\u00f4l\u00e9e<br \/>\u2013 connexions en s\u00e9rie et en parall\u00e8le<\/p>\n<p><strong><em>Venez tester, exp\u00e9rimenter et apprendre par la pratique.<\/em><\/strong><\/p>\n\t\t\t\t\t\t\t\t<\/div>\n\t\t\t\t<\/div>\n\t\t<div class=\"elementor-element elementor-element-8afd503 e-con-full e-flex e-con e-child\" data-id=\"8afd503\" data-element_type=\"container\">\n\t\t\t\t<div class=\"elementor-element elementor-element-a7bcbd3 elementor-widget elementor-widget-image\" data-id=\"a7bcbd3\" data-element_type=\"widget\" data-widget_type=\"image.default\">\n\t\t\t\t<div class=\"elementor-widget-container\">\n\t\t\t\t\t\t\t\t\t\t\t\t\t\t\t<img decoding=\"async\" src=\"https:\/\/easyfairsassets.com\/sites\/181\/elementor\/thumbs\/ACTA-logo-300x123-1-qju559k3tz2c935sf2vw9e3zle8nfj9garc49pnx10.jpg\" title=\"ACTA-logo-300&#215;123\" alt=\"ACTA-logo-300x123\" loading=\"lazy\" \/>\t\t\t\t\t\t\t\t\t\t\t\t\t\t\t<\/div>\n\t\t\t\t<\/div>\n\t\t\t\t<div class=\"elementor-element elementor-element-e6408c4 elementor-widget elementor-widget-image\" data-id=\"e6408c4\" data-element_type=\"widget\" data-widget_type=\"image.default\">\n\t\t\t\t<div class=\"elementor-widget-container\">\n\t\t\t\t\t\t\t\t\t\t\t\t\t\t\t<img fetchpriority=\"high\" decoding=\"async\" width=\"780\" height=\"325\" src=\"https:\/\/easyfairsassets.com\/sites\/181\/2026\/03\/Schermafbeelding-2026-03-02-164011.png\" class=\"attachment-large size-large wp-image-161012\" alt=\"\" srcset=\"https:\/\/easyfairsassets.com\/sites\/181\/2026\/03\/Schermafbeelding-2026-03-02-164011.png 780w, https:\/\/easyfairsassets.com\/sites\/181\/2026\/03\/Schermafbeelding-2026-03-02-164011-300x125.png 300w, https:\/\/easyfairsassets.com\/sites\/181\/2026\/03\/Schermafbeelding-2026-03-02-164011-768x320.png 768w\" sizes=\"(max-width: 780px) 100vw, 780px\" \/>\t\t\t\t\t\t\t\t\t\t\t\t\t\t\t<\/div>\n\t\t\t\t<\/div>\n\t\t\t\t<\/div>\n\t\t\t\t\t<\/div>\n\t\t\t\t<\/div>\n\t\t\t\t<\/div>\n\t\t","protected":false},"excerpt":{"rendered":"<p>ACTA Processimulator ACTA a d\u00e9velopp\u00e9 un nouveau simulateur de pompe destin\u00e9 aux op\u00e9rateurs de production et aux techniciens de maintenance qui souhaitent approfondir leurs connaissances des processus. Dans un environnement r\u00e9aliste mais s\u00e9curis\u00e9, vous travaillez activement sur des exercices de pompes essentiels : \u2013 r\u00e9sistances de ligne\u2013 pompes \u00e0 commande par vanne et \u00e0 fr\u00e9quence [&hellip;]<\/p>\n","protected":false},"author":949,"featured_media":0,"parent":0,"menu_order":0,"comment_status":"closed","ping_status":"closed","template":"","meta":{"_seopress_robots_primary_cat":"","_seopress_titles_title":"Maintenance 2024 | AR-VR-demozone | Acta","_seopress_titles_desc":"AR & ; VR DEMOZONE ACTA apportera diverses solutions de RV et de RA, qui pourront \u00eatre exp\u00e9riment\u00e9es sous supervision. Vous pourrez ainsi d\u00e9couvrir par vous-m\u00eame ce que c'est et si cela peut convenir \u00e0 votre environnement de travail. Nous sommes heureux de partager nos exp\u00e9riences et nos connaissances des trois derni\u00e8res ann\u00e9es...","_seopress_robots_index":"","footnotes":""},"class_list":["post-92673","page","type-page","status-publish","hentry"],"_links":{"self":[{"href":"https:\/\/www.pumps-valves-expo.be\/fr\/wp-json\/wp\/v2\/pages\/92673","targetHints":{"allow":["GET"]}}],"collection":[{"href":"https:\/\/www.pumps-valves-expo.be\/fr\/wp-json\/wp\/v2\/pages"}],"about":[{"href":"https:\/\/www.pumps-valves-expo.be\/fr\/wp-json\/wp\/v2\/types\/page"}],"author":[{"embeddable":true,"href":"https:\/\/www.pumps-valves-expo.be\/fr\/wp-json\/wp\/v2\/users\/949"}],"replies":[{"embeddable":true,"href":"https:\/\/www.pumps-valves-expo.be\/fr\/wp-json\/wp\/v2\/comments?post=92673"}],"version-history":[{"count":3,"href":"https:\/\/www.pumps-valves-expo.be\/fr\/wp-json\/wp\/v2\/pages\/92673\/revisions"}],"predecessor-version":[{"id":161434,"href":"https:\/\/www.pumps-valves-expo.be\/fr\/wp-json\/wp\/v2\/pages\/92673\/revisions\/161434"}],"wp:attachment":[{"href":"https:\/\/www.pumps-valves-expo.be\/fr\/wp-json\/wp\/v2\/media?parent=92673"}],"curies":[{"name":"wp","href":"https:\/\/api.w.org\/{rel}","templated":true}]}}