{"id":92671,"date":"2024-02-15T11:18:45","date_gmt":"2024-02-15T10:18:45","guid":{"rendered":"https:\/\/www.pumps-valves-expo.be\/demos\/"},"modified":"2024-03-05T08:56:50","modified_gmt":"2024-03-05T07:56:50","slug":"demos","status":"publish","type":"page","link":"https:\/\/www.pumps-valves-expo.be\/fr\/demos\/","title":{"rendered":"D\u00e9mos"},"content":{"rendered":"\t\t<div data-elementor-type=\"wp-page\" data-elementor-id=\"92671\" class=\"elementor elementor-92671 elementor-92603\" data-elementor-post-type=\"page\">\n\t\t\t\t<div class=\"elementor-element elementor-element-d12fd8a e-con-full e-flex e-con e-parent\" data-id=\"d12fd8a\" data-element_type=\"container\">\n\t\t\t\t<div class=\"elementor-element elementor-element-7a6eb6a elementor-widget elementor-widget-heading\" data-id=\"7a6eb6a\" data-element_type=\"widget\" data-widget_type=\"heading.default\">\n\t\t\t\t<div class=\"elementor-widget-container\">\n\t\t\t\t\t<h2 class=\"elementor-heading-title elementor-size-large\">D\u00e9mos<\/h2>\t\t\t\t<\/div>\n\t\t\t\t<\/div>\n\t\t\t\t<\/div>\n\t\t<div class=\"elementor-element elementor-element-f30a8da e-con-full e-flex e-con e-parent\" data-id=\"f30a8da\" data-element_type=\"container\">\n\t\t<div class=\"elementor-element elementor-element-b85d8a4 e-con-full e-flex e-con e-parent\" data-id=\"b85d8a4\" data-element_type=\"container\">\n\t\t\t\t<div class=\"elementor-element elementor-element-1e02e0b elementor-widget elementor-widget-text-editor\" data-id=\"1e02e0b\" data-element_type=\"widget\" data-widget_type=\"text-editor.default\">\n\t\t\t\t<div class=\"elementor-widget-container\">\n\t\t\t\t\t\t\t\t\t<p>G4S &#8211; stand 2217<\/p>\n\t\t\t\t\t\t\t\t<\/div>\n\t\t\t\t<\/div>\n\t\t\t\t<div class=\"elementor-element elementor-element-0b77675 elementor-widget elementor-widget-text-editor\" data-id=\"0b77675\" data-element_type=\"widget\" data-widget_type=\"text-editor.default\">\n\t\t\t\t<div class=\"elementor-widget-container\">\n\t\t\t\t\t\t\t\t\t<p>Services de drone de G4S<\/p>\n<ul>\n<li>Pr\u00e9sentation du v\u00e9hicule de commandement de G4S. Inspection int\u00e9rieure et ext\u00e9rieure avec des drones, missions de cartographie et surveillance d&rsquo;\u00e9v\u00e9nements ;<\/li>\n<\/ul>\n\t\t\t\t\t\t\t\t<\/div>\n\t\t\t\t<\/div>\n\t\t\t\t<\/div>\n\t\t<div class=\"elementor-element elementor-element-e69f195 e-con-full e-flex e-con e-parent\" data-id=\"e69f195\" data-element_type=\"container\">\n\t\t\t\t<div class=\"elementor-element elementor-element-9e0e23f elementor-widget elementor-widget-image\" data-id=\"9e0e23f\" data-element_type=\"widget\" data-widget_type=\"image.default\">\n\t\t\t\t<div class=\"elementor-widget-container\">\n\t\t\t\t\t\t\t\t\t\t\t\t\t\t\t<img fetchpriority=\"high\" decoding=\"async\" width=\"300\" height=\"200\" src=\"https:\/\/easyfairsassets.com\/sites\/181\/2024\/02\/Foto-drone-G4S-300x200.png\" class=\"attachment-medium size-medium wp-image-92614\" alt=\"\" srcset=\"https:\/\/easyfairsassets.com\/sites\/181\/2024\/02\/Foto-drone-G4S-300x200.png 300w, https:\/\/easyfairsassets.com\/sites\/181\/2024\/02\/Foto-drone-G4S-1024x682.png 1024w, https:\/\/easyfairsassets.com\/sites\/181\/2024\/02\/Foto-drone-G4S-768x512.png 768w, https:\/\/easyfairsassets.com\/sites\/181\/2024\/02\/Foto-drone-G4S-1536x1024.png 1536w, https:\/\/easyfairsassets.com\/sites\/181\/2024\/02\/Foto-drone-G4S.png 1772w\" sizes=\"(max-width: 300px) 100vw, 300px\" \/>\t\t\t\t\t\t\t\t\t\t\t\t\t\t\t<\/div>\n\t\t\t\t<\/div>\n\t\t\t\t<\/div>\n\t\t\t\t<\/div>\n\t\t<div class=\"elementor-element elementor-element-9493793 e-flex e-con-boxed e-con e-parent\" data-id=\"9493793\" data-element_type=\"container\" data-settings=\"{&quot;background_background&quot;:&quot;classic&quot;}\">\n\t\t\t\t\t<div class=\"e-con-inner\">\n\t\t<div class=\"elementor-element elementor-element-991df3b e-con-full e-flex e-con e-parent\" data-id=\"991df3b\" data-element_type=\"container\">\n\t\t\t\t<div class=\"elementor-element elementor-element-27339f6 elementor-widget elementor-widget-text-editor\" data-id=\"27339f6\" data-element_type=\"widget\" data-widget_type=\"text-editor.default\">\n\t\t\t\t<div class=\"elementor-widget-container\">\n\t\t\t\t\t\t\t\t\t<p>Sorama &#8211; stand 3248<\/p>\n\t\t\t\t\t\t\t\t<\/div>\n\t\t\t\t<\/div>\n\t\t\t\t<div class=\"elementor-element elementor-element-17bdd92 elementor-widget elementor-widget-text-editor\" data-id=\"17bdd92\" data-element_type=\"widget\" data-widget_type=\"text-editor.default\">\n\t\t\t\t<div class=\"elementor-widget-container\">\n\t\t\t\t\t\t\t\t\t<p>Boston Dynamics SPOT avec le capteur Fluke SV600<\/p>\n<ul>\n<li>La d\u00e9monstration Boston Dynamics SPOT vous montre comment les capteurs\/imageurs acoustiques Fluke type SV600 sont int\u00e9gr\u00e9s \u00e0 une plate-forme robotique et comment le robot peut facilement effectuer des inspections dans votre usine, en d\u00e9tectant, localisant et enregistrant, par exemple, des fuites (de gaz). Regardez la vid\u00e9o suivante pour plus d&rsquo;informations<\/li>\n<\/ul>\n\t\t\t\t\t\t\t\t<\/div>\n\t\t\t\t<\/div>\n\t\t\t\t<div class=\"elementor-element elementor-element-2eab94a elementor-widget elementor-widget-image\" data-id=\"2eab94a\" data-element_type=\"widget\" data-widget_type=\"image.default\">\n\t\t\t\t<div class=\"elementor-widget-container\">\n\t\t\t\t\t\t\t\t\t\t\t\t\t\t\t<img decoding=\"async\" width=\"300\" height=\"169\" src=\"https:\/\/easyfairsassets.com\/sites\/181\/2024\/02\/Boston-Dynamic-Spot-Basement-300x169.jpg\" class=\"attachment-medium size-medium wp-image-92608\" alt=\"\" srcset=\"https:\/\/easyfairsassets.com\/sites\/181\/2024\/02\/Boston-Dynamic-Spot-Basement-300x169.jpg 300w, https:\/\/easyfairsassets.com\/sites\/181\/2024\/02\/Boston-Dynamic-Spot-Basement-1024x576.jpg 1024w, https:\/\/easyfairsassets.com\/sites\/181\/2024\/02\/Boston-Dynamic-Spot-Basement-768x432.jpg 768w, https:\/\/easyfairsassets.com\/sites\/181\/2024\/02\/Boston-Dynamic-Spot-Basement.jpg 1280w\" sizes=\"(max-width: 300px) 100vw, 300px\" \/>\t\t\t\t\t\t\t\t\t\t\t\t\t\t\t<\/div>\n\t\t\t\t<\/div>\n\t\t\t\t<\/div>\n\t\t<div class=\"elementor-element elementor-element-75d8baf e-con-full e-flex e-con e-parent\" data-id=\"75d8baf\" data-element_type=\"container\">\n\t\t\t\t<div class=\"elementor-element elementor-element-6b83810 elementor-widget elementor-widget-spacer\" data-id=\"6b83810\" data-element_type=\"widget\" data-widget_type=\"spacer.default\">\n\t\t\t\t<div class=\"elementor-widget-container\">\n\t\t\t\t\t\t\t<div class=\"elementor-spacer\">\n\t\t\t<div class=\"elementor-spacer-inner\"><\/div>\n\t\t<\/div>\n\t\t\t\t\t\t<\/div>\n\t\t\t\t<\/div>\n\t\t\t\t<div class=\"elementor-element elementor-element-518caaf elementor-widget elementor-widget-text-editor\" data-id=\"518caaf\" data-element_type=\"widget\" data-widget_type=\"text-editor.default\">\n\t\t\t\t<div class=\"elementor-widget-container\">\n\t\t\t\t\t\t\t\t\t<p>X-Robotics EX-R2 Robot ExR-2 | ExRobotics<\/p>\n<ul>\n<li>La d\u00e9monstration EX-R2 (EX-Robotics) montre comment le capteur acoustique Sorama L642EX est int\u00e9gr\u00e9 sur ce robot EX-R2, qui peut ainsi effectuer des travaux d&rsquo;inspection autonomes en zone ATEX 1.<\/li>\n<\/ul>\n\t\t\t\t\t\t\t\t<\/div>\n\t\t\t\t<\/div>\n\t\t\t\t<div class=\"elementor-element elementor-element-ded4a69 elementor-widget elementor-widget-spacer\" data-id=\"ded4a69\" data-element_type=\"widget\" data-widget_type=\"spacer.default\">\n\t\t\t\t<div class=\"elementor-widget-container\">\n\t\t\t\t\t\t\t<div class=\"elementor-spacer\">\n\t\t\t<div class=\"elementor-spacer-inner\"><\/div>\n\t\t<\/div>\n\t\t\t\t\t\t<\/div>\n\t\t\t\t<\/div>\n\t\t\t\t<div class=\"elementor-element elementor-element-f1db863 elementor-widget elementor-widget-image\" data-id=\"f1db863\" data-element_type=\"widget\" data-widget_type=\"image.default\">\n\t\t\t\t<div class=\"elementor-widget-container\">\n\t\t\t\t\t\t\t\t\t\t\t\t\t\t\t<img decoding=\"async\" width=\"300\" height=\"225\" src=\"https:\/\/easyfairsassets.com\/sites\/181\/2024\/02\/Ex-Robotics-300x225.jpg\" class=\"attachment-medium size-medium wp-image-92611\" alt=\"\" srcset=\"https:\/\/easyfairsassets.com\/sites\/181\/2024\/02\/Ex-Robotics-300x225.jpg 300w, https:\/\/easyfairsassets.com\/sites\/181\/2024\/02\/Ex-Robotics-1024x768.jpg 1024w, https:\/\/easyfairsassets.com\/sites\/181\/2024\/02\/Ex-Robotics-768x576.jpg 768w, https:\/\/easyfairsassets.com\/sites\/181\/2024\/02\/Ex-Robotics-1536x1152.jpg 1536w, https:\/\/easyfairsassets.com\/sites\/181\/2024\/02\/Ex-Robotics.jpg 1920w\" sizes=\"(max-width: 300px) 100vw, 300px\" \/>\t\t\t\t\t\t\t\t\t\t\t\t\t\t\t<\/div>\n\t\t\t\t<\/div>\n\t\t\t\t<\/div>\n\t\t<div class=\"elementor-element elementor-element-3932a3a e-con-full e-flex e-con e-parent\" data-id=\"3932a3a\" data-element_type=\"container\">\n\t\t\t\t<div class=\"elementor-element elementor-element-cb52764 elementor-widget elementor-widget-spacer\" data-id=\"cb52764\" data-element_type=\"widget\" data-widget_type=\"spacer.default\">\n\t\t\t\t<div class=\"elementor-widget-container\">\n\t\t\t\t\t\t\t<div class=\"elementor-spacer\">\n\t\t\t<div class=\"elementor-spacer-inner\"><\/div>\n\t\t<\/div>\n\t\t\t\t\t\t<\/div>\n\t\t\t\t<\/div>\n\t\t\t\t<div class=\"elementor-element elementor-element-958e632 elementor-widget elementor-widget-text-editor\" data-id=\"958e632\" data-element_type=\"widget\" data-widget_type=\"text-editor.default\">\n\t\t\t\t<div class=\"elementor-widget-container\">\n\t\t\t\t\t\t\t\t\t<p>Sorama CAMiv64EX Produits &#8211; Sorama &#8211; Rendre le son perspicace<\/p>\n<ul>\n<li>La cam\u00e9ra acoustique portable Sorama CAMiv64EX permet d&rsquo;inspecter, de d\u00e9tecter et de localiser les fuites de gaz ou d&rsquo;air, les d\u00e9charges partielles et les comportements m\u00e9caniques anormaux, avec des possibilit\u00e9s d&rsquo;application en zone ATEX 2.<\/li>\n<\/ul>\n\t\t\t\t\t\t\t\t<\/div>\n\t\t\t\t<\/div>\n\t\t\t\t<div class=\"elementor-element elementor-element-c9aa91f elementor-widget elementor-widget-spacer\" data-id=\"c9aa91f\" data-element_type=\"widget\" data-widget_type=\"spacer.default\">\n\t\t\t\t<div class=\"elementor-widget-container\">\n\t\t\t\t\t\t\t<div class=\"elementor-spacer\">\n\t\t\t<div class=\"elementor-spacer-inner\"><\/div>\n\t\t<\/div>\n\t\t\t\t\t\t<\/div>\n\t\t\t\t<\/div>\n\t\t\t\t<div class=\"elementor-element elementor-element-f33e241 elementor-widget elementor-widget-image\" data-id=\"f33e241\" data-element_type=\"widget\" data-widget_type=\"image.default\">\n\t\t\t\t<div class=\"elementor-widget-container\">\n\t\t\t\t\t\t\t\t\t\t\t\t\t\t\t<img loading=\"lazy\" decoding=\"async\" width=\"300\" height=\"169\" src=\"https:\/\/easyfairsassets.com\/sites\/181\/2024\/02\/Sorama-CAM-iV64Ex_Front-30-degree-300x169.jpg\" class=\"attachment-medium size-medium wp-image-92617\" alt=\"\" srcset=\"https:\/\/easyfairsassets.com\/sites\/181\/2024\/02\/Sorama-CAM-iV64Ex_Front-30-degree-300x169.jpg 300w, https:\/\/easyfairsassets.com\/sites\/181\/2024\/02\/Sorama-CAM-iV64Ex_Front-30-degree-768x432.jpg 768w, https:\/\/easyfairsassets.com\/sites\/181\/2024\/02\/Sorama-CAM-iV64Ex_Front-30-degree.jpg 800w\" sizes=\"(max-width: 300px) 100vw, 300px\" \/>\t\t\t\t\t\t\t\t\t\t\t\t\t\t\t<\/div>\n\t\t\t\t<\/div>\n\t\t\t\t<\/div>\n\t\t\t\t\t<\/div>\n\t\t\t\t<\/div>\n\t\t<div class=\"elementor-element elementor-element-344a3f2 e-flex e-con-boxed e-con e-parent\" data-id=\"344a3f2\" data-element_type=\"container\">\n\t\t\t\t\t<div class=\"e-con-inner\">\n\t\t<div class=\"elementor-element elementor-element-1bb8d2e e-con-full e-flex e-con e-parent\" data-id=\"1bb8d2e\" data-element_type=\"container\">\n\t\t\t\t<div class=\"elementor-element elementor-element-8bd518e elementor-widget elementor-widget-spacer\" data-id=\"8bd518e\" data-element_type=\"widget\" data-widget_type=\"spacer.default\">\n\t\t\t\t<div class=\"elementor-widget-container\">\n\t\t\t\t\t\t\t<div class=\"elementor-spacer\">\n\t\t\t<div class=\"elementor-spacer-inner\"><\/div>\n\t\t<\/div>\n\t\t\t\t\t\t<\/div>\n\t\t\t\t<\/div>\n\t\t\t\t<div class=\"elementor-element elementor-element-940e932 elementor-widget elementor-widget-image\" data-id=\"940e932\" data-element_type=\"widget\" data-widget_type=\"image.default\">\n\t\t\t\t<div class=\"elementor-widget-container\">\n\t\t\t\t\t\t\t\t\t\t\t\t\t\t\t<img loading=\"lazy\" decoding=\"async\" width=\"800\" height=\"534\" src=\"https:\/\/easyfairsassets.com\/sites\/181\/2024\/02\/Yazoom-foto-demo-1024x683.jpg\" class=\"attachment-large size-large wp-image-93017\" alt=\"\" srcset=\"https:\/\/easyfairsassets.com\/sites\/181\/2024\/02\/Yazoom-foto-demo-1024x683.jpg 1024w, https:\/\/easyfairsassets.com\/sites\/181\/2024\/02\/Yazoom-foto-demo-300x200.jpg 300w, https:\/\/easyfairsassets.com\/sites\/181\/2024\/02\/Yazoom-foto-demo-768x512.jpg 768w, https:\/\/easyfairsassets.com\/sites\/181\/2024\/02\/Yazoom-foto-demo-1536x1024.jpg 1536w, https:\/\/easyfairsassets.com\/sites\/181\/2024\/02\/Yazoom-foto-demo.jpg 1800w\" sizes=\"(max-width: 800px) 100vw, 800px\" \/>\t\t\t\t\t\t\t\t\t\t\t\t\t\t\t<\/div>\n\t\t\t\t<\/div>\n\t\t\t\t<\/div>\n\t\t<div class=\"elementor-element elementor-element-c031d5d e-con-full e-flex e-con e-parent\" data-id=\"c031d5d\" data-element_type=\"container\">\n\t\t\t\t<div class=\"elementor-element elementor-element-88bfc5f elementor-widget elementor-widget-text-editor\" data-id=\"88bfc5f\" data-element_type=\"widget\" data-widget_type=\"text-editor.default\">\n\t\t\t\t<div class=\"elementor-widget-container\">\n\t\t\t\t\t\t\t\t\t<p>Yazzoom &#8211; \u00c9tat 1238 B<\/p>\n\t\t\t\t\t\t\t\t<\/div>\n\t\t\t\t<\/div>\n\t\t\t\t<div class=\"elementor-element elementor-element-5a40e4e elementor-widget elementor-widget-text-editor\" data-id=\"5a40e4e\" data-element_type=\"widget\" data-widget_type=\"text-editor.default\">\n\t\t\t\t<div class=\"elementor-widget-container\">\n\t\t\t\t\t\t\t\t\t<p>Surveillance continue d&rsquo;une usine miniature pour la maintenance pr\u00e9dictive<\/p>\n<ul>\n<li>Dans cette d\u00e9monstration, nous montrons la surveillance en direct de capteurs et de machines bas\u00e9e sur la collecte continue de donn\u00e9es de capteurs, la visualisation et la d\u00e9tection de fonctionnement anormal avec l&rsquo;aide de l&rsquo;intelligence artificielle. Cette d\u00e9monstration s&rsquo;adresse \u00e0 la fois aux constructeurs de machines qui souhaitent offrir \u00e0 leurs clients une plateforme Azure dans laquelle ils peuvent surveiller l&rsquo;\u00e9tat de leurs machines, et aux entreprises manufacturi\u00e8res qui collectent des donn\u00e9es localement ou dans le nuage. Les visiteurs peuvent eux-m\u00eames perturber le fonctionnement des machines pr\u00e9sent\u00e9es et voir comment les anomalies sont d\u00e9tect\u00e9es et signal\u00e9es par le logiciel propos\u00e9.<\/li>\n<\/ul>\n\t\t\t\t\t\t\t\t<\/div>\n\t\t\t\t<\/div>\n\t\t\t\t<\/div>\n\t\t\t\t\t<\/div>\n\t\t\t\t<\/div>\n\t\t<div class=\"elementor-element elementor-element-8a5738a elementor-hidden-desktop elementor-hidden-tablet elementor-hidden-mobile e-flex e-con-boxed e-con e-parent\" data-id=\"8a5738a\" data-element_type=\"container\">\n\t\t\t\t\t<div class=\"e-con-inner\">\n\t\t<div class=\"elementor-element elementor-element-8b40098 e-con-full e-flex e-con e-parent\" data-id=\"8b40098\" data-element_type=\"container\">\n\t\t\t\t<div class=\"elementor-element elementor-element-f7b421a elementor-widget elementor-widget-text-editor\" data-id=\"f7b421a\" data-element_type=\"widget\" data-widget_type=\"text-editor.default\">\n\t\t\t\t<div class=\"elementor-widget-container\">\n\t\t\t\t\t\t\t\t\t<p>AB Flex &#8211; stand 3051<\/p>\n\t\t\t\t\t\t\t\t<\/div>\n\t\t\t\t<\/div>\n\t\t\t\t<div class=\"elementor-element elementor-element-738de30 elementor-widget elementor-widget-text-editor\" data-id=\"738de30\" data-element_type=\"widget\" data-widget_type=\"text-editor.default\">\n\t\t\t\t<div class=\"elementor-widget-container\">\n\t\t\t\t\t\t\t\t\t<p>Voiture de d\u00e9monstration<\/p>\n\t\t\t\t\t\t\t\t<\/div>\n\t\t\t\t<\/div>\n\t\t\t\t<\/div>\n\t\t<div class=\"elementor-element elementor-element-8c2d011 e-con-full e-flex e-con e-parent\" data-id=\"8c2d011\" data-element_type=\"container\">\n\t\t\t\t<div class=\"elementor-element elementor-element-ce85680 elementor-widget elementor-widget-image\" data-id=\"ce85680\" data-element_type=\"widget\" data-widget_type=\"image.default\">\n\t\t\t\t<div class=\"elementor-widget-container\">\n\t\t\t\t\t\t\t\t\t\t\t\t\t\t\t<img decoding=\"async\" src=\"https:\/\/easyfairsassets.com\/elassets\/images\/placeholder.png\" title=\"\" alt=\"\" loading=\"lazy\" \/>\t\t\t\t\t\t\t\t\t\t\t\t\t\t\t<\/div>\n\t\t\t\t<\/div>\n\t\t\t\t<\/div>\n\t\t\t\t\t<\/div>\n\t\t\t\t<\/div>\n\t\t<div class=\"elementor-element elementor-element-a73dd07 e-flex e-con-boxed e-con e-parent\" data-id=\"a73dd07\" data-element_type=\"container\">\n\t\t\t\t\t<div class=\"e-con-inner\">\n\t\t\t\t<div class=\"elementor-element elementor-element-1287bfa elementor-align-center elementor-widget elementor-widget-dynamic-button\" data-id=\"1287bfa\" data-element_type=\"widget\" data-widget_type=\"dynamic-button.default\">\n\t\t\t\t<div class=\"elementor-widget-container\">\n\t\t\t\t\t        <div class=\"elementor-button-wrapper\">\n            <a href=\"https:\/\/register.visitcloud.com\/survey\/18065x3u1leha\" class=\"elementor-button-link elementor-button elementor-size-sm\" role=\"button\">\n                        <span class=\"elementor-button-content-wrapper\">\n\t\t\t\t\t\t<span class=\"elementor-button-text\">Enregistrez votre visite<\/span>\n\t\t<\/span>\n                    <\/a>\n        <\/div>\n        \t\t\t\t<\/div>\n\t\t\t\t<\/div>\n\t\t\t\t\t<\/div>\n\t\t\t\t<\/div>\n\t\t\t\t<\/div>\n\t\t","protected":false},"excerpt":{"rendered":"<p>D\u00e9mos G4S &#8211; stand 2217 Services de drone de G4S Pr\u00e9sentation du v\u00e9hicule de commandement de G4S. Inspection int\u00e9rieure et ext\u00e9rieure avec des drones, missions de cartographie et surveillance d&rsquo;\u00e9v\u00e9nements ; Sorama &#8211; stand 3248 Boston Dynamics SPOT avec le capteur Fluke SV600 La d\u00e9monstration Boston Dynamics SPOT vous montre comment les capteurs\/imageurs acoustiques Fluke [&hellip;]<\/p>\n","protected":false},"author":949,"featured_media":0,"parent":0,"menu_order":0,"comment_status":"closed","ping_status":"closed","template":"","meta":{"_seopress_robots_primary_cat":"","_seopress_titles_title":"D\u00e9mos | Pumps and Valves2024","_seopress_titles_desc":"Diverses d\u00e9monstrations effectu\u00e9es par nos exposants. Vous y d\u00e9couvrirez non seulement les nouveaux produits, mais vous pourrez \u00e9galement les tester imm\u00e9diatement. Ne manquez pas d'y jeter un coup d'\u0153il! ","_seopress_robots_index":"","footnotes":""},"class_list":["post-92671","page","type-page","status-publish","hentry"],"_links":{"self":[{"href":"https:\/\/www.pumps-valves-expo.be\/fr\/wp-json\/wp\/v2\/pages\/92671","targetHints":{"allow":["GET"]}}],"collection":[{"href":"https:\/\/www.pumps-valves-expo.be\/fr\/wp-json\/wp\/v2\/pages"}],"about":[{"href":"https:\/\/www.pumps-valves-expo.be\/fr\/wp-json\/wp\/v2\/types\/page"}],"author":[{"embeddable":true,"href":"https:\/\/www.pumps-valves-expo.be\/fr\/wp-json\/wp\/v2\/users\/949"}],"replies":[{"embeddable":true,"href":"https:\/\/www.pumps-valves-expo.be\/fr\/wp-json\/wp\/v2\/comments?post=92671"}],"version-history":[{"count":4,"href":"https:\/\/www.pumps-valves-expo.be\/fr\/wp-json\/wp\/v2\/pages\/92671\/revisions"}],"predecessor-version":[{"id":97090,"href":"https:\/\/www.pumps-valves-expo.be\/fr\/wp-json\/wp\/v2\/pages\/92671\/revisions\/97090"}],"wp:attachment":[{"href":"https:\/\/www.pumps-valves-expo.be\/fr\/wp-json\/wp\/v2\/media?parent=92671"}],"curies":[{"name":"wp","href":"https:\/\/api.w.org\/{rel}","templated":true}]}}