{"id":85298,"date":"2024-01-18T13:43:45","date_gmt":"2024-01-18T12:43:45","guid":{"rendered":"https:\/\/www.pumps-valves-expo.be\/smart-badge-technologie\/"},"modified":"2025-11-27T16:42:43","modified_gmt":"2025-11-27T15:42:43","slug":"smart-badge-technologie","status":"publish","type":"page","link":"https:\/\/www.pumps-valves-expo.be\/fr\/smart-badge-technologie\/","title":{"rendered":"Smart Badge Technologie"},"content":{"rendered":"\t\t<div data-elementor-type=\"wp-page\" data-elementor-id=\"85298\" class=\"elementor elementor-85298 elementor-85285\" data-elementor-post-type=\"page\">\n\t\t\t\t<div class=\"elementor-element elementor-element-a663bc7 e-flex e-con-boxed e-con e-child\" data-id=\"a663bc7\" data-element_type=\"container\" data-settings=\"{&quot;background_background&quot;:&quot;classic&quot;}\">\n\t\t\t\t\t<div class=\"e-con-inner\">\n\t\t<div class=\"elementor-element elementor-element-7d54818 e-con-full e-flex e-con e-child\" data-id=\"7d54818\" data-element_type=\"container\" data-settings=\"{&quot;background_background&quot;:&quot;classic&quot;}\">\n\t\t<div class=\"elementor-element elementor-element-71ba4c5 e-con-full e-flex e-con e-child\" data-id=\"71ba4c5\" data-element_type=\"container\">\n\t\t\t\t<div class=\"elementor-element elementor-element-8aa5a28 elementor-widget__width-initial elementor-widget elementor-widget-heading\" data-id=\"8aa5a28\" data-element_type=\"widget\" data-widget_type=\"heading.default\">\n\t\t\t\t<div class=\"elementor-widget-container\">\n\t\t\t\t\t<h2 class=\"elementor-heading-title elementor-size-default\">Smart Badge<\/h2>\t\t\t\t<\/div>\n\t\t\t\t<\/div>\n\t\t\t\t<div class=\"elementor-element elementor-element-f6dace2 elementor-widget__width-initial elementor-widget elementor-widget-text-editor\" data-id=\"f6dace2\" data-element_type=\"widget\" data-widget_type=\"text-editor.default\">\n\t\t\t\t<div class=\"elementor-widget-container\">\n\t\t\t\t\t\t\t\t\t<p><strong>Obtenez facilement et rapidement des informations aupr\u00e8s des exposants gr\u00e2ce \u00e0 notre technologie Smart Badge.<br \/>\n<\/strong>Avec le Smart Badge, vous savez toujours exactement quels stands vous avez visit\u00e9s et quelles informations vous avez collect\u00e9es.\u00a0<strong>Apr\u00e8s votre visite<\/strong>, vous recevrez automatiquement un r\u00e9sum\u00e9 de tout ce que vous avez d\u00e9couvert, vous permettant de retrouver facilement toutes les informations.<\/p>\n<p>&nbsp;<\/p>\n\t\t\t\t\t\t\t\t<\/div>\n\t\t\t\t<\/div>\n\t\t\t\t<\/div>\n\t\t\t\t<\/div>\n\t\t\t\t\t<\/div>\n\t\t\t\t<\/div>\n\t\t<div class=\"elementor-element elementor-element-62fe808 e-flex e-con-boxed e-con e-parent\" data-id=\"62fe808\" data-element_type=\"container\" data-settings=\"{&quot;background_background&quot;:&quot;classic&quot;,&quot;shape_divider_top&quot;:&quot;curve&quot;,&quot;shape_divider_top_negative&quot;:&quot;yes&quot;,&quot;shape_divider_bottom&quot;:&quot;curve&quot;,&quot;shape_divider_bottom_negative&quot;:&quot;yes&quot;}\">\n\t\t\t\t\t<div class=\"e-con-inner\">\n\t\t\t\t<div class=\"elementor-shape elementor-shape-top\" aria-hidden=\"true\" data-negative=\"true\">\n\t\t\t<svg xmlns=\"http:\/\/www.w3.org\/2000\/svg\" viewBox=\"0 0 1000 100\" preserveAspectRatio=\"none\">\n\t<path class=\"elementor-shape-fill\" d=\"M500,97C126.7,96.3,0.8,19.8,0,0v100l1000,0V1C1000,19.4,873.3,97.8,500,97z\"\/>\n<\/svg>\t\t<\/div>\n\t\t\t\t<div class=\"elementor-shape elementor-shape-bottom\" aria-hidden=\"true\" data-negative=\"true\">\n\t\t\t<svg xmlns=\"http:\/\/www.w3.org\/2000\/svg\" viewBox=\"0 0 1000 100\" preserveAspectRatio=\"none\">\n\t<path class=\"elementor-shape-fill\" d=\"M500,97C126.7,96.3,0.8,19.8,0,0v100l1000,0V1C1000,19.4,873.3,97.8,500,97z\"\/>\n<\/svg>\t\t<\/div>\n\t\t<div class=\"elementor-element elementor-element-c40476a e-con-full e-flex e-con e-child\" data-id=\"c40476a\" data-element_type=\"container\" data-settings=\"{&quot;background_background&quot;:&quot;classic&quot;}\">\n\t\t<div class=\"elementor-element elementor-element-bba3a5a e-con-full e-flex e-con e-child\" data-id=\"bba3a5a\" data-element_type=\"container\">\n\t\t\t\t<div class=\"elementor-element elementor-element-fccefb0 elementor-widget elementor-widget-heading\" data-id=\"fccefb0\" data-element_type=\"widget\" data-widget_type=\"heading.default\">\n\t\t\t\t<div class=\"elementor-widget-container\">\n\t\t\t\t\t<h2 class=\"elementor-heading-title elementor-size-default\">Comment utiliser votre badge visiteur ?<\/h2>\t\t\t\t<\/div>\n\t\t\t\t<\/div>\n\t\t\t\t<div class=\"elementor-element elementor-element-f9e9177 elementor-widget elementor-widget-text-editor\" data-id=\"f9e9177\" data-element_type=\"widget\" data-widget_type=\"text-editor.default\">\n\t\t\t\t<div class=\"elementor-widget-container\">\n\t\t\t\t\t\t\t\t\t<ol>\n<li>\n<p class=\"\" data-start=\"73\" data-end=\"436\"><strong data-start=\"73\" data-end=\"119\">Explorez les stands et collectez des informations<\/strong><br data-start=\"119\" data-end=\"122\" \/>\u00c0 chaque stand, vous trouverez un ou plusieurs panneaux verts. Int\u00e9ress\u00e9 par un exposant et ses produits ? Touchez simplement le panneau vert avec votre badge visiteur. Vous saurez que votre action a r\u00e9ussi d\u00e8s que vous entendrez un bip et que le panneau s\u2019allumera en vert.<\/p>\n<\/li>\n<li>\n<p class=\"\" data-start=\"73\" data-end=\"436\"><strong data-start=\"438\" data-end=\"473\">Recevez un r\u00e9sum\u00e9 pratique<\/strong><br data-start=\"473\" data-end=\"476\" \/>Le lendemain de votre visite, vous recevrez un e-mail avec un r\u00e9sum\u00e9 de toutes les informations collect\u00e9es. En bonus, vous recevrez des recommandations d\u2019exposants qui pourraient \u00e9galement vous int\u00e9resser. Ainsi, vous avez tout \u00e0 port\u00e9e de main sans avoir \u00e0 retenir quoi que ce soit !<\/p>\n<\/li>\n<\/ol>\n\t\t\t\t\t\t\t\t<\/div>\n\t\t\t\t<\/div>\n\t\t\t\t<\/div>\n\t\t<div class=\"elementor-element elementor-element-89d7539 e-grid e-con-full e-con e-child\" data-id=\"89d7539\" data-element_type=\"container\">\n\t\t\t\t<div class=\"elementor-element elementor-element-04c4db6 elementor-widget elementor-widget-image\" data-id=\"04c4db6\" data-element_type=\"widget\" data-widget_type=\"image.default\">\n\t\t\t\t<div class=\"elementor-widget-container\">\n\t\t\t\t\t\t\t\t\t\t\t\t\t\t\t<img fetchpriority=\"high\" decoding=\"async\" width=\"300\" height=\"200\" src=\"https:\/\/easyfairsassets.com\/sites\/181\/2025\/11\/LOWRES-3D2A6608-1-300x200.jpg\" class=\"attachment-medium size-medium wp-image-154111\" alt=\"\" srcset=\"https:\/\/easyfairsassets.com\/sites\/181\/2025\/11\/LOWRES-3D2A6608-1-300x200.jpg 300w, https:\/\/easyfairsassets.com\/sites\/181\/2025\/11\/LOWRES-3D2A6608-1-1024x683.jpg 1024w, https:\/\/easyfairsassets.com\/sites\/181\/2025\/11\/LOWRES-3D2A6608-1-768x512.jpg 768w, https:\/\/easyfairsassets.com\/sites\/181\/2025\/11\/LOWRES-3D2A6608-1-1536x1024.jpg 1536w, https:\/\/easyfairsassets.com\/sites\/181\/2025\/11\/LOWRES-3D2A6608-1.jpg 1920w\" sizes=\"(max-width: 300px) 100vw, 300px\" \/>\t\t\t\t\t\t\t\t\t\t\t\t\t\t\t<\/div>\n\t\t\t\t<\/div>\n\t\t<div class=\"elementor-element elementor-element-0181484 e-con-full e-flex e-con e-child\" data-id=\"0181484\" data-element_type=\"container\" data-settings=\"{&quot;background_background&quot;:&quot;slideshow&quot;,&quot;background_slideshow_gallery&quot;:[{&quot;id&quot;:153562,&quot;url&quot;:&quot;https:\\\/\\\/www.pumps-valves-expo.be\\\/wp-content\\\/uploads\\\/sites\\\/181\\\/2025\\\/11\\\/2023_10_05_Z8N6115-1024x683-1.jpg&quot;}],&quot;background_slideshow_loop&quot;:&quot;yes&quot;,&quot;background_slideshow_slide_duration&quot;:5000,&quot;background_slideshow_slide_transition&quot;:&quot;fade&quot;,&quot;background_slideshow_transition_duration&quot;:500}\">\n\t\t\t\t<\/div>\n\t\t\t\t<div class=\"elementor-element elementor-element-6521d62 elementor-widget elementor-widget-image\" data-id=\"6521d62\" data-element_type=\"widget\" data-widget_type=\"image.default\">\n\t\t\t\t<div class=\"elementor-widget-container\">\n\t\t\t\t\t\t\t\t\t\t\t\t\t\t\t<img decoding=\"async\" width=\"800\" height=\"534\" src=\"https:\/\/easyfairsassets.com\/sites\/181\/2025\/11\/53612317288_8702c1c3f1_b.jpg\" class=\"attachment-large size-large wp-image-153570\" alt=\"\" srcset=\"https:\/\/easyfairsassets.com\/sites\/181\/2025\/11\/53612317288_8702c1c3f1_b.jpg 1024w, https:\/\/easyfairsassets.com\/sites\/181\/2025\/11\/53612317288_8702c1c3f1_b-300x200.jpg 300w, https:\/\/easyfairsassets.com\/sites\/181\/2025\/11\/53612317288_8702c1c3f1_b-768x512.jpg 768w\" sizes=\"(max-width: 800px) 100vw, 800px\" \/>\t\t\t\t\t\t\t\t\t\t\t\t\t\t\t<\/div>\n\t\t\t\t<\/div>\n\t\t\t\t<\/div>\n\t\t\t\t<\/div>\n\t\t\t\t\t<\/div>\n\t\t\t\t<\/div>\n\t\t<div class=\"elementor-element elementor-element-95f32ba e-flex e-con-boxed e-con e-parent\" data-id=\"95f32ba\" data-element_type=\"container\" data-settings=\"{&quot;background_background&quot;:&quot;classic&quot;,&quot;shape_divider_top&quot;:&quot;curve&quot;,&quot;shape_divider_top_negative&quot;:&quot;yes&quot;,&quot;shape_divider_bottom&quot;:&quot;curve&quot;,&quot;shape_divider_bottom_negative&quot;:&quot;yes&quot;}\">\n\t\t\t\t\t<div class=\"e-con-inner\">\n\t\t\t\t<div class=\"elementor-shape elementor-shape-top\" aria-hidden=\"true\" data-negative=\"true\">\n\t\t\t<svg xmlns=\"http:\/\/www.w3.org\/2000\/svg\" viewBox=\"0 0 1000 100\" preserveAspectRatio=\"none\">\n\t<path class=\"elementor-shape-fill\" d=\"M500,97C126.7,96.3,0.8,19.8,0,0v100l1000,0V1C1000,19.4,873.3,97.8,500,97z\"\/>\n<\/svg>\t\t<\/div>\n\t\t\t\t<div class=\"elementor-shape elementor-shape-bottom\" aria-hidden=\"true\" data-negative=\"true\">\n\t\t\t<svg xmlns=\"http:\/\/www.w3.org\/2000\/svg\" viewBox=\"0 0 1000 100\" preserveAspectRatio=\"none\">\n\t<path class=\"elementor-shape-fill\" d=\"M500,97C126.7,96.3,0.8,19.8,0,0v100l1000,0V1C1000,19.4,873.3,97.8,500,97z\"\/>\n<\/svg>\t\t<\/div>\n\t\t<div class=\"elementor-element elementor-element-2e4426c e-con-full e-flex e-con e-child\" data-id=\"2e4426c\" data-element_type=\"container\" data-settings=\"{&quot;background_background&quot;:&quot;classic&quot;}\">\n\t\t<div class=\"elementor-element elementor-element-0cb62d6 e-con-full e-flex e-con e-child\" data-id=\"0cb62d6\" data-element_type=\"container\">\n\t\t<div class=\"elementor-element elementor-element-51247ce e-con-full e-flex e-con e-child\" data-id=\"51247ce\" data-element_type=\"container\">\n\t\t\t\t<div class=\"elementor-element elementor-element-52b33e1 elementor-widget elementor-widget-heading\" data-id=\"52b33e1\" data-element_type=\"widget\" data-widget_type=\"heading.default\">\n\t\t\t\t<div class=\"elementor-widget-container\">\n\t\t\t\t\t<h2 class=\"elementor-heading-title elementor-size-default\">Vos avantages<\/h2>\t\t\t\t<\/div>\n\t\t\t\t<\/div>\n\t\t\t\t<div class=\"elementor-element elementor-element-17cc0a2 elementor-widget elementor-widget-text-editor\" data-id=\"17cc0a2\" data-element_type=\"widget\" data-widget_type=\"text-editor.default\">\n\t\t\t\t<div class=\"elementor-widget-container\">\n\t\t\t\t\t\t\t\t\t<ol>\n<li><strong>Votre badge visiteur est votre aide-m\u00e9moire virtuelle pendant l\u2019\u00e9v\u00e9nement<\/strong><br \/>\nDites adieu aux catalogues lourds et \u00e0 la prise de notes.<\/p>\n<p>&nbsp;<\/li>\n<li><strong>Votre journ\u00e9e de salon en un r\u00e9sum\u00e9 pratique<\/strong><br \/>\nGr\u00e2ce \u00e0 votre badge, vous savez exactement quels stands vous avez visit\u00e9s et quelles informations vous avez collect\u00e9es. Apr\u00e8s votre visite, vous recevrez un e-mail avec un r\u00e9sum\u00e9 de tout ce que vous avez d\u00e9couvert.<\/p>\n<p>&nbsp;<\/li>\n<li><strong>Pas d\u2019e-mails ind\u00e9sirables !<\/strong><br \/>\nVous ne recevrez que les informations num\u00e9riques des exposants que vous avez s\u00e9lectionn\u00e9s. Pas de spam, uniquement du contenu pertinent pour vous.<\/li>\n<\/ol>\n\t\t\t\t\t\t\t\t<\/div>\n\t\t\t\t<\/div>\n\t\t\t\t<\/div>\n\t\t\t\t<\/div>\n\t\t\t\t<div class=\"elementor-element elementor-element-125f3ca elementor-widget__width-auto elementor-widget elementor-widget-video\" data-id=\"125f3ca\" data-element_type=\"widget\" data-settings=\"{&quot;youtube_url&quot;:&quot;https:\\\/\\\/www.youtube.com\\\/watch?v=ikKCfzrS3nQ&quot;,&quot;loop&quot;:&quot;yes&quot;,&quot;video_type&quot;:&quot;youtube&quot;,&quot;controls&quot;:&quot;yes&quot;}\" data-widget_type=\"video.default\">\n\t\t\t\t<div class=\"elementor-widget-container\">\n\t\t\t\t\t\t\t<div class=\"elementor-wrapper elementor-open-inline\">\n\t\t\t<div class=\"elementor-video\"><\/div>\t\t<\/div>\n\t\t\t\t\t\t<\/div>\n\t\t\t\t<\/div>\n\t\t\t\t<\/div>\n\t\t\t\t\t<\/div>\n\t\t\t\t<\/div>\n\t\t\t\t<\/div>\n\t\t","protected":false},"excerpt":{"rendered":"<p>Smart Badge Obtenez facilement et rapidement des informations aupr\u00e8s des exposants gr\u00e2ce \u00e0 notre technologie Smart Badge. Avec le Smart Badge, vous savez toujours exactement quels stands vous avez visit\u00e9s et quelles informations vous avez collect\u00e9es.\u00a0Apr\u00e8s votre visite, vous recevrez automatiquement un r\u00e9sum\u00e9 de tout ce que vous avez d\u00e9couvert, vous permettant de retrouver facilement [&hellip;]<\/p>\n","protected":false},"author":949,"featured_media":0,"parent":0,"menu_order":0,"comment_status":"closed","ping_status":"closed","template":"","meta":{"_seopress_robots_primary_cat":"","_seopress_titles_title":"","_seopress_titles_desc":"","_seopress_robots_index":"","footnotes":""},"class_list":["post-85298","page","type-page","status-publish","hentry"],"_links":{"self":[{"href":"https:\/\/www.pumps-valves-expo.be\/fr\/wp-json\/wp\/v2\/pages\/85298","targetHints":{"allow":["GET"]}}],"collection":[{"href":"https:\/\/www.pumps-valves-expo.be\/fr\/wp-json\/wp\/v2\/pages"}],"about":[{"href":"https:\/\/www.pumps-valves-expo.be\/fr\/wp-json\/wp\/v2\/types\/page"}],"author":[{"embeddable":true,"href":"https:\/\/www.pumps-valves-expo.be\/fr\/wp-json\/wp\/v2\/users\/949"}],"replies":[{"embeddable":true,"href":"https:\/\/www.pumps-valves-expo.be\/fr\/wp-json\/wp\/v2\/comments?post=85298"}],"version-history":[{"count":5,"href":"https:\/\/www.pumps-valves-expo.be\/fr\/wp-json\/wp\/v2\/pages\/85298\/revisions"}],"predecessor-version":[{"id":154464,"href":"https:\/\/www.pumps-valves-expo.be\/fr\/wp-json\/wp\/v2\/pages\/85298\/revisions\/154464"}],"wp:attachment":[{"href":"https:\/\/www.pumps-valves-expo.be\/fr\/wp-json\/wp\/v2\/media?parent=85298"}],"curies":[{"name":"wp","href":"https:\/\/api.w.org\/{rel}","templated":true}]}}