{"id":4503,"date":"2019-08-29T15:12:07","date_gmt":"2019-08-29T13:12:07","guid":{"rendered":"https:\/\/www.pumps-valves-expo.be\/programme\/tours-guides\/"},"modified":"2026-03-02T16:32:24","modified_gmt":"2026-03-02T15:32:24","slug":"tours-guides","status":"publish","type":"page","link":"https:\/\/www.pumps-valves-expo.be\/fr\/programme\/tours-guides\/","title":{"rendered":"Zone de d\u00e9monstration des robots"},"content":{"rendered":"\t\t<div data-elementor-type=\"wp-post\" data-elementor-id=\"4503\" class=\"elementor elementor-4503 elementor-3175\" data-elementor-post-type=\"page\">\n\t\t\t\t\t\t<section class=\"elementor-section elementor-top-section elementor-element elementor-element-37ca3022 elementor-section-boxed elementor-section-height-default elementor-section-height-default\" data-id=\"37ca3022\" data-element_type=\"section\" data-settings=\"{&quot;background_background&quot;:&quot;classic&quot;}\">\n\t\t\t\t\t\t<div class=\"elementor-container elementor-column-gap-default\">\n\t\t\t\t\t<div class=\"elementor-column elementor-col-100 elementor-top-column elementor-element elementor-element-cf61205\" data-id=\"cf61205\" data-element_type=\"column\" data-settings=\"{&quot;background_background&quot;:&quot;classic&quot;}\">\n\t\t\t<div class=\"elementor-widget-wrap elementor-element-populated\">\n\t\t\t\t\t\t<div class=\"elementor-element elementor-element-f900d3e elementor-widget elementor-widget-heading\" data-id=\"f900d3e\" data-element_type=\"widget\" data-widget_type=\"heading.default\">\n\t\t\t\t<div class=\"elementor-widget-container\">\n\t\t\t\t\t<h2 class=\"elementor-heading-title elementor-size-default\">D\u00e9monstrations Smart Maintenance \u00e0 l'honneur<\/h2>\t\t\t\t<\/div>\n\t\t\t\t<\/div>\n\t\t\t\t<div class=\"elementor-element elementor-element-9724bc5 elementor-widget elementor-widget-text-editor\" data-id=\"9724bc5\" data-element_type=\"widget\" data-widget_type=\"text-editor.default\">\n\t\t\t\t<div class=\"elementor-widget-container\">\n\t\t\t\t\t\t\t\t\t<p>Visitez la Smart Maintenance Demo Zone \u2013 d\u00e9couvrez l&rsquo;avenir de la maintenance<\/p>\n<p>Dans la Smart Maintenance Demo Zone, vous d\u00e9couvrirez comment les technologies intelligentes rendent la maintenance plus intelligente, plus s\u00fbre et plus efficace. Gr\u00e2ce aux solutions de XiniX AI, Sorama et Lay3rs, vous d\u00e9couvrirez comment l&rsquo;inspection, la d\u00e9tection et la r\u00e9paration s&rsquo;int\u00e8grent dans un processus de maintenance pratique.<\/p>\n<p>Des inspections bas\u00e9es sur l&rsquo;IA dans des installations complexes et difficiles d&rsquo;acc\u00e8s \u00e0 la d\u00e9tection pr\u00e9coce des fuites gr\u00e2ce \u00e0 la technologie acoustique, en passant par la production rapide de pi\u00e8ces de rechange gr\u00e2ce \u00e0 la num\u00e9risation et \u00e0 l&rsquo;impression 3D. Les d\u00e9monstrations montrent comment \u00e9viter les temps d&rsquo;arr\u00eat, limiter les pertes d&rsquo;\u00e9nergie et rendre la maintenance plus pr\u00e9visible.<\/p>\n<p>Ne manquez pas cette zone de d\u00e9monstration et d\u00e9couvrez en direct \u00e0 quoi ressemble la maintenance intelligente dans la pratique.<\/p>\n\t\t\t\t\t\t\t\t<\/div>\n\t\t\t\t<\/div>\n\t\t\t\t<div class=\"elementor-element elementor-element-9a1264a elementor-align-justify elementor-mobile-align-right elementor-tablet-align-left elementor-widget__width-initial elementor-widget elementor-widget-dynamic-button\" data-id=\"9a1264a\" data-element_type=\"widget\" data-widget_type=\"dynamic-button.default\">\n\t\t\t\t<div class=\"elementor-widget-container\">\n\t\t\t\t\t        <div class=\"elementor-button-wrapper\">\n            <a href=\"https:\/\/register.visitcloud.com\/survey\/1bw1eprqvqf0m\" target=\"_blank\" class=\"elementor-button-link elementor-button elementor-size-xs\" role=\"button\">\n                        <span class=\"elementor-button-content-wrapper\">\n\t\t\t                <span class=\"elementor-button-icon elementor-align-icon-right\">\n\t\t\t\t<svg aria-hidden=\"true\" class=\"e-font-icon-svg e-fas-angle-right\" viewBox=\"0 0 256 512\" xmlns=\"http:\/\/www.w3.org\/2000\/svg\"><path d=\"M224.3 273l-136 136c-9.4 9.4-24.6 9.4-33.9 0l-22.6-22.6c-9.4-9.4-9.4-24.6 0-33.9l96.4-96.4-96.4-96.4c-9.4-9.4-9.4-24.6 0-33.9L54.3 103c9.4-9.4 24.6-9.4 33.9 0l136 136c9.5 9.4 9.5 24.6.1 34z\"><\/path><\/svg>\t\t\t<\/span>\n            \t\t\t<span class=\"elementor-button-text\">Inscrivez-vous ici<\/span>\n\t\t<\/span>\n                    <\/a>\n        <\/div>\n        \t\t\t\t<\/div>\n\t\t\t\t<\/div>\n\t\t\t\t\t<\/div>\n\t\t<\/div>\n\t\t\t\t\t<\/div>\n\t\t<\/section>\n\t\t<div class=\"elementor-element elementor-element-9303275 e-flex e-con-boxed e-con e-parent\" data-id=\"9303275\" data-element_type=\"container\" data-settings=\"{&quot;background_background&quot;:&quot;classic&quot;}\">\n\t\t\t\t\t<div class=\"e-con-inner\">\n\t\t<div class=\"elementor-element elementor-element-a08145c e-con-full e-flex e-con e-child\" data-id=\"a08145c\" data-element_type=\"container\" data-settings=\"{&quot;background_background&quot;:&quot;classic&quot;}\">\n\t\t<div class=\"elementor-element elementor-element-7dc02de e-flex e-con-boxed e-con e-child\" data-id=\"7dc02de\" data-element_type=\"container\">\n\t\t\t\t\t<div class=\"e-con-inner\">\n\t\t\t\t<div class=\"elementor-element elementor-element-c90bb09 elementor-widget elementor-widget-heading\" data-id=\"c90bb09\" data-element_type=\"widget\" data-widget_type=\"heading.default\">\n\t\t\t\t<div class=\"elementor-widget-container\">\n\t\t\t\t\t<h2 class=\"elementor-heading-title elementor-size-large\">KicMPi\u200b<\/h2>\t\t\t\t<\/div>\n\t\t\t\t<\/div>\n\t\t\t\t<div class=\"elementor-element elementor-element-b3f5a00 elementor-widget elementor-widget-text-editor\" data-id=\"b3f5a00\" data-element_type=\"widget\" data-widget_type=\"text-editor.default\">\n\t\t\t\t<div class=\"elementor-widget-container\">\n\t\t\t\t\t\t\t\t\t<p>Knowledge and Innovation Centre Maintenance Process Industry est une association coop\u00e9rative ind\u00e9pendante.<br \/>KicMPi stimule la coop\u00e9ration entre les entreprises dans le but d&rsquo;innover en mati\u00e8re de maintenance dans l&rsquo;industrie de transformation.<br \/>Nos membres sont \u00e0 la fois des propri\u00e9taires d&rsquo;actifs et des prestataires de services. L&rsquo;offre et la demande ensemble, c&rsquo;est notre force.<br \/>En travaillant ensemble sur l&rsquo;innovation, les entreprises industrielles et les soci\u00e9t\u00e9s de services peuvent obtenir de meilleurs r\u00e9sultats.<\/p>\n\t\t\t\t\t\t\t\t<\/div>\n\t\t\t\t<\/div>\n\t\t\t\t\t<\/div>\n\t\t\t\t<\/div>\n\t\t<div class=\"elementor-element elementor-element-64078e8 e-flex e-con-boxed e-con e-child\" data-id=\"64078e8\" data-element_type=\"container\" data-settings=\"{&quot;background_background&quot;:&quot;classic&quot;}\">\n\t\t\t\t\t<div class=\"e-con-inner\">\n\t\t\t\t<div class=\"elementor-element elementor-element-b108101 elementor-widget elementor-widget-image\" data-id=\"b108101\" data-element_type=\"widget\" data-widget_type=\"image.default\">\n\t\t\t\t<div class=\"elementor-widget-container\">\n\t\t\t\t\t\t\t\t\t\t\t\t\t\t\t<img fetchpriority=\"high\" decoding=\"async\" width=\"800\" height=\"398\" src=\"https:\/\/easyfairsassets.com\/sites\/181\/2026\/03\/Logo_KicMPi_2kleuren-met-onderschrift-1-1.jpg\" class=\"attachment-large size-large wp-image-160777\" alt=\"\" srcset=\"https:\/\/easyfairsassets.com\/sites\/181\/2026\/03\/Logo_KicMPi_2kleuren-met-onderschrift-1-1.jpg 800w, https:\/\/easyfairsassets.com\/sites\/181\/2026\/03\/Logo_KicMPi_2kleuren-met-onderschrift-1-1-300x149.jpg 300w, https:\/\/easyfairsassets.com\/sites\/181\/2026\/03\/Logo_KicMPi_2kleuren-met-onderschrift-1-1-768x382.jpg 768w\" sizes=\"(max-width: 800px) 100vw, 800px\" \/>\t\t\t\t\t\t\t\t\t\t\t\t\t\t\t<\/div>\n\t\t\t\t<\/div>\n\t\t\t\t\t<\/div>\n\t\t\t\t<\/div>\n\t\t\t\t<\/div>\n\t\t\t\t\t<\/div>\n\t\t\t\t<\/div>\n\t\t<div class=\"elementor-element elementor-element-0215501 e-flex e-con-boxed e-con e-parent\" data-id=\"0215501\" data-element_type=\"container\" data-settings=\"{&quot;background_background&quot;:&quot;classic&quot;}\">\n\t\t\t\t\t<div class=\"e-con-inner\">\n\t\t<div class=\"elementor-element elementor-element-16d6037 e-con-full e-flex e-con e-child\" data-id=\"16d6037\" data-element_type=\"container\" data-settings=\"{&quot;background_background&quot;:&quot;classic&quot;}\">\n\t\t<div class=\"elementor-element elementor-element-a4cd513 e-flex e-con-boxed e-con e-child\" data-id=\"a4cd513\" data-element_type=\"container\">\n\t\t\t\t\t<div class=\"e-con-inner\">\n\t\t<div class=\"elementor-element elementor-element-ce1ac70 e-con-full e-flex e-con e-child\" data-id=\"ce1ac70\" data-element_type=\"container\">\n\t\t<div class=\"elementor-element elementor-element-6271695 e-grid e-con-full e-con e-child\" data-id=\"6271695\" data-element_type=\"container\">\n\t\t\t\t<div class=\"elementor-element elementor-element-70be7af elementor-widget elementor-widget-image\" data-id=\"70be7af\" data-element_type=\"widget\" data-widget_type=\"image.default\">\n\t\t\t\t<div class=\"elementor-widget-container\">\n\t\t\t\t\t\t\t\t\t\t\t\t\t\t\t<img decoding=\"async\" width=\"800\" height=\"432\" src=\"https:\/\/easyfairsassets.com\/sites\/181\/2026\/03\/lay3rs-logo-inverse-1024x553.png\" class=\"attachment-large size-large wp-image-160780\" alt=\"\" srcset=\"https:\/\/easyfairsassets.com\/sites\/181\/2026\/03\/lay3rs-logo-inverse-1024x553.png 1024w, https:\/\/easyfairsassets.com\/sites\/181\/2026\/03\/lay3rs-logo-inverse-300x162.png 300w, https:\/\/easyfairsassets.com\/sites\/181\/2026\/03\/lay3rs-logo-inverse-768x415.png 768w, https:\/\/easyfairsassets.com\/sites\/181\/2026\/03\/lay3rs-logo-inverse-1536x830.png 1536w, https:\/\/easyfairsassets.com\/sites\/181\/2026\/03\/lay3rs-logo-inverse.png 1920w\" sizes=\"(max-width: 800px) 100vw, 800px\" \/>\t\t\t\t\t\t\t\t\t\t\t\t\t\t\t<\/div>\n\t\t\t\t<\/div>\n\t\t\t\t<div class=\"elementor-element elementor-element-60ee5b6 elementor-widget elementor-widget-text-editor\" data-id=\"60ee5b6\" data-element_type=\"widget\" data-widget_type=\"text-editor.default\">\n\t\t\t\t<div class=\"elementor-widget-container\">\n\t\t\t\t\t\t\t\t\t<p><b><span data-contrast=\"auto\">Scan. Imprimer. Corriger. <\/span><\/b><span data-contrast=\"auto\">\u202fLay3rs montre comment utiliser le\u202f<\/span><b><span data-contrast=\"auto\">scannage 3D + l&rsquo;impression 3D technique<\/span><\/b><span data-contrast=\"auto\">\u202fpour cr\u00e9er rapidement des solutions de maintenance : des pi\u00e8ces de rechange\u00a0aux\u00a0outils\u00a0et protections. Avec les meilleures imprimantes 3D, notre\u202f<\/span><b><span data-contrast=\"auto\">armoire AMPC Printfarm<\/span><\/b><span data-contrast=\"auto\">,\u202f<\/span><b><span data-contrast=\"auto\">armoire de s\u00e9chage<\/span><\/b><span data-contrast=\"auto\">\u202fet\u202f<\/span><b><span data-contrast=\"auto\">mat\u00e9riaux ESD-safe<\/span><\/b><span data-contrast=\"auto\">\u202fnous pr\u00e9sentons un flux de travail complet pour le service et la maintenance, y compris des exemples inspirants et des \u00e9tudes de cas. <\/span><span data-ccp-props=\"{}\">\u00a0<\/span><\/p>\n<p><span data-contrast=\"auto\">Venez nous rendre visite au\u202f<\/span><b><span data-contrast=\"auto\">stand KicMPi<\/span><\/b><span data-ccp-props=\"{}\">\u00a0<\/span><\/p>\n\t\t\t\t\t\t\t\t<\/div>\n\t\t\t\t<\/div>\n\t\t\t\t<\/div>\n\t\t\t\t<\/div>\n\t\t\t\t\t<\/div>\n\t\t\t\t<\/div>\n\t\t\t\t<\/div>\n\t\t\t\t\t<\/div>\n\t\t\t\t<\/div>\n\t\t<div class=\"elementor-element elementor-element-5bd77fe e-flex e-con-boxed e-con e-parent\" data-id=\"5bd77fe\" data-element_type=\"container\" data-settings=\"{&quot;background_background&quot;:&quot;classic&quot;}\">\n\t\t\t\t\t<div class=\"e-con-inner\">\n\t\t<div class=\"elementor-element elementor-element-53905e4 e-con-full e-flex e-con e-child\" data-id=\"53905e4\" data-element_type=\"container\" data-settings=\"{&quot;background_background&quot;:&quot;classic&quot;}\">\n\t\t<div class=\"elementor-element elementor-element-d6ce9bc e-flex e-con-boxed e-con e-child\" data-id=\"d6ce9bc\" data-element_type=\"container\">\n\t\t\t\t\t<div class=\"e-con-inner\">\n\t\t\t\t<div class=\"elementor-element elementor-element-d977b5c elementor-widget elementor-widget-text-editor\" data-id=\"d977b5c\" data-element_type=\"widget\" data-widget_type=\"text-editor.default\">\n\t\t\t\t<div class=\"elementor-widget-container\">\n\t\t\t\t\t\t\t\t\t<p><span data-contrast=\"auto\">Tout responsable de maintenance reconna\u00eet le moment o\u00f9 quelque chose ne va pas. Une installation \u00e9met un bruit inhabituel, la consommation d&rsquo;\u00e9nergie augmente, mais la cause reste invisible. Gr\u00e2ce \u00e0 l&rsquo;inspection acoustique, Sorama permet d&rsquo;identifier ce moment plus t\u00f4t et de mani\u00e8re concr\u00e8te.<\/span><span data-ccp-props=\"{}\">\u00a0<\/span><\/p>\n<p><span data-contrast=\"auto\">Nos cam\u00e9ras acoustiques rendent audibles et visibles les sons ultrasoniques. Les \u00e9quipes de maintenance peuvent ainsi d\u00e9tecter imm\u00e9diatement les fuites et les anomalies m\u00e9caniques, sans interruption de service et sans risque physique. Lors du salon Maintenance Antwerpen, nous montrerons comment localiser les fuites d&rsquo;air comprim\u00e9 et de gaz, m\u00eame les plus infimes, y compris dans les environnements explosifs.<\/span><span data-ccp-props=\"{}\">\u00a0<\/span><\/p>\n<p><span data-contrast=\"auto\">En combinaison avec le robot d&rsquo;inspection SPOT de Boston Dynamics, les inspections se d\u00e9placent vers des endroits difficiles d&rsquo;acc\u00e8s ou dangereux pour les humains. Sur notre mur de d\u00e9monstration, vous pouvez voir comment une fuite invisible devient visible en quelques secondes et comment l&rsquo;inspection passe de la recherche \u00e0 une intervention cibl\u00e9e.<\/span><span data-ccp-props=\"{}\">\u00a0<\/span><\/p>\n<p><span data-contrast=\"auto\">Sorama aide les responsables de maintenance \u00e0 limiter les pertes d&rsquo;\u00e9nergie, \u00e0 pr\u00e9venir les pannes impr\u00e9vues et \u00e0 garantir le bon fonctionnement des installations, m\u00eame dans des conditions difficiles.<\/span><span data-ccp-props=\"{}\">\u00a0<\/span><\/p>\n<p><b><span data-contrast=\"auto\">Nos produits :<\/span><\/b><span data-ccp-props=\"{}\">\u00a0<\/span><\/p>\n<p><span data-contrast=\"auto\">Sorama\u00a0CAM iV64s<\/span><span data-ccp-props=\"{}\">\u00a0<\/span><\/p>\n<p><span data-contrast=\"auto\">Sorama\u00a0CAM iV64Ex<\/span><span data-ccp-props=\"{}\">\u00a0<\/span><\/p>\n<p><span data-contrast=\"auto\">Sorama\u00a0L642Ex<\/span><span data-ccp-props=\"{}\">\u00a0<\/span><\/p>\n<p><span data-contrast=\"auto\">Boston Dynamics SPOT<\/span><span data-ccp-props=\"{}\">\u00a0<\/span><\/p>\n\t\t\t\t\t\t\t\t<\/div>\n\t\t\t\t<\/div>\n\t\t\t\t\t<\/div>\n\t\t\t\t<\/div>\n\t\t<div class=\"elementor-element elementor-element-815b3e6 e-flex e-con-boxed e-con e-child\" data-id=\"815b3e6\" data-element_type=\"container\" data-settings=\"{&quot;background_background&quot;:&quot;classic&quot;}\">\n\t\t\t\t\t<div class=\"e-con-inner\">\n\t\t\t\t<div class=\"elementor-element elementor-element-1eb084e elementor-widget elementor-widget-image\" data-id=\"1eb084e\" data-element_type=\"widget\" data-widget_type=\"image.default\">\n\t\t\t\t<div class=\"elementor-widget-container\">\n\t\t\t\t\t\t\t\t\t\t\t\t\t\t\t<img decoding=\"async\" width=\"800\" height=\"221\" src=\"https:\/\/easyfairsassets.com\/sites\/181\/2026\/03\/Schermafbeelding-2026-02-27-153513-1024x283.png\" class=\"attachment-large size-large wp-image-160783\" alt=\"\" srcset=\"https:\/\/easyfairsassets.com\/sites\/181\/2026\/03\/Schermafbeelding-2026-02-27-153513-1024x283.png 1024w, https:\/\/easyfairsassets.com\/sites\/181\/2026\/03\/Schermafbeelding-2026-02-27-153513-300x83.png 300w, https:\/\/easyfairsassets.com\/sites\/181\/2026\/03\/Schermafbeelding-2026-02-27-153513-768x212.png 768w, https:\/\/easyfairsassets.com\/sites\/181\/2026\/03\/Schermafbeelding-2026-02-27-153513.png 1430w\" sizes=\"(max-width: 800px) 100vw, 800px\" \/>\t\t\t\t\t\t\t\t\t\t\t\t\t\t\t<\/div>\n\t\t\t\t<\/div>\n\t\t\t\t<div class=\"elementor-element elementor-element-f7fbb51 elementor-widget elementor-widget-image\" data-id=\"f7fbb51\" data-element_type=\"widget\" data-widget_type=\"image.default\">\n\t\t\t\t<div class=\"elementor-widget-container\">\n\t\t\t\t\t\t\t\t\t\t\t\t\t\t\t<img loading=\"lazy\" decoding=\"async\" width=\"800\" height=\"449\" src=\"https:\/\/easyfairsassets.com\/sites\/181\/2026\/03\/L642Ex-30-degrees-1-1024x575.jpg\" class=\"attachment-large size-large wp-image-160786\" alt=\"\" srcset=\"https:\/\/easyfairsassets.com\/sites\/181\/2026\/03\/L642Ex-30-degrees-1-1024x575.jpg 1024w, https:\/\/easyfairsassets.com\/sites\/181\/2026\/03\/L642Ex-30-degrees-1-300x169.jpg 300w, https:\/\/easyfairsassets.com\/sites\/181\/2026\/03\/L642Ex-30-degrees-1-768x432.jpg 768w, https:\/\/easyfairsassets.com\/sites\/181\/2026\/03\/L642Ex-30-degrees-1-1536x863.jpg 1536w, https:\/\/easyfairsassets.com\/sites\/181\/2026\/03\/L642Ex-30-degrees-1.jpg 1920w\" sizes=\"(max-width: 800px) 100vw, 800px\" \/>\t\t\t\t\t\t\t\t\t\t\t\t\t\t\t<\/div>\n\t\t\t\t<\/div>\n\t\t\t\t<div class=\"elementor-element elementor-element-b5faeb3 elementor-widget elementor-widget-image\" data-id=\"b5faeb3\" data-element_type=\"widget\" data-widget_type=\"image.default\">\n\t\t\t\t<div class=\"elementor-widget-container\">\n\t\t\t\t\t\t\t\t\t\t\t\t\t\t\t<img loading=\"lazy\" decoding=\"async\" width=\"800\" height=\"450\" src=\"https:\/\/easyfairsassets.com\/sites\/181\/2026\/03\/CAM-iV64s-industrial-2-devices-1024x576.png\" class=\"attachment-large size-large wp-image-160789\" alt=\"\" srcset=\"https:\/\/easyfairsassets.com\/sites\/181\/2026\/03\/CAM-iV64s-industrial-2-devices-1024x576.png 1024w, https:\/\/easyfairsassets.com\/sites\/181\/2026\/03\/CAM-iV64s-industrial-2-devices-300x169.png 300w, https:\/\/easyfairsassets.com\/sites\/181\/2026\/03\/CAM-iV64s-industrial-2-devices-768x432.png 768w, https:\/\/easyfairsassets.com\/sites\/181\/2026\/03\/CAM-iV64s-industrial-2-devices-1536x864.png 1536w, https:\/\/easyfairsassets.com\/sites\/181\/2026\/03\/CAM-iV64s-industrial-2-devices.png 1920w\" sizes=\"(max-width: 800px) 100vw, 800px\" \/>\t\t\t\t\t\t\t\t\t\t\t\t\t\t\t<\/div>\n\t\t\t\t<\/div>\n\t\t\t\t<div class=\"elementor-element elementor-element-2e48329 elementor-widget elementor-widget-image\" data-id=\"2e48329\" data-element_type=\"widget\" data-widget_type=\"image.default\">\n\t\t\t\t<div class=\"elementor-widget-container\">\n\t\t\t\t\t\t\t\t\t\t\t\t\t\t\t<img loading=\"lazy\" decoding=\"async\" width=\"800\" height=\"600\" src=\"https:\/\/easyfairsassets.com\/sites\/181\/2026\/03\/SORAMA-CAM-iV64Ex-30-degrees-1024x768.png\" class=\"attachment-large size-large wp-image-160792\" alt=\"\" srcset=\"https:\/\/easyfairsassets.com\/sites\/181\/2026\/03\/SORAMA-CAM-iV64Ex-30-degrees-1024x768.png 1024w, https:\/\/easyfairsassets.com\/sites\/181\/2026\/03\/SORAMA-CAM-iV64Ex-30-degrees-300x225.png 300w, https:\/\/easyfairsassets.com\/sites\/181\/2026\/03\/SORAMA-CAM-iV64Ex-30-degrees-768x576.png 768w, https:\/\/easyfairsassets.com\/sites\/181\/2026\/03\/SORAMA-CAM-iV64Ex-30-degrees-1536x1152.png 1536w, https:\/\/easyfairsassets.com\/sites\/181\/2026\/03\/SORAMA-CAM-iV64Ex-30-degrees.png 1890w\" sizes=\"(max-width: 800px) 100vw, 800px\" \/>\t\t\t\t\t\t\t\t\t\t\t\t\t\t\t<\/div>\n\t\t\t\t<\/div>\n\t\t\t\t\t<\/div>\n\t\t\t\t<\/div>\n\t\t\t\t<\/div>\n\t\t\t\t\t<\/div>\n\t\t\t\t<\/div>\n\t\t<div class=\"elementor-element elementor-element-bb5639a e-flex e-con-boxed e-con e-parent\" data-id=\"bb5639a\" data-element_type=\"container\" data-settings=\"{&quot;background_background&quot;:&quot;classic&quot;}\">\n\t\t\t\t\t<div class=\"e-con-inner\">\n\t\t<div class=\"elementor-element elementor-element-7b82db3 e-con-full e-flex e-con e-child\" data-id=\"7b82db3\" data-element_type=\"container\" data-settings=\"{&quot;background_background&quot;:&quot;classic&quot;}\">\n\t\t<div class=\"elementor-element elementor-element-eb105d3 e-flex e-con-boxed e-con e-child\" data-id=\"eb105d3\" data-element_type=\"container\">\n\t\t\t\t\t<div class=\"e-con-inner\">\n\t\t<div class=\"elementor-element elementor-element-f36eec8 e-grid e-con-full e-con e-child\" data-id=\"f36eec8\" data-element_type=\"container\">\n\t\t\t\t<div class=\"elementor-element elementor-element-76e0815 elementor-widget elementor-widget-image\" data-id=\"76e0815\" data-element_type=\"widget\" data-widget_type=\"image.default\">\n\t\t\t\t<div class=\"elementor-widget-container\">\n\t\t\t\t\t\t\t\t\t\t\t\t\t\t\t<img loading=\"lazy\" decoding=\"async\" width=\"800\" height=\"800\" src=\"https:\/\/easyfairsassets.com\/sites\/181\/2026\/03\/logo-1024x1024.png\" class=\"attachment-large size-large wp-image-160795\" alt=\"\" srcset=\"https:\/\/easyfairsassets.com\/sites\/181\/2026\/03\/logo-1024x1024.png 1024w, https:\/\/easyfairsassets.com\/sites\/181\/2026\/03\/logo-300x300.png 300w, https:\/\/easyfairsassets.com\/sites\/181\/2026\/03\/logo-150x150.png 150w, https:\/\/easyfairsassets.com\/sites\/181\/2026\/03\/logo-768x768.png 768w, https:\/\/easyfairsassets.com\/sites\/181\/2026\/03\/logo.png 1200w\" sizes=\"(max-width: 800px) 100vw, 800px\" \/>\t\t\t\t\t\t\t\t\t\t\t\t\t\t\t<\/div>\n\t\t\t\t<\/div>\n\t\t\t\t<div class=\"elementor-element elementor-element-7208402 elementor-widget elementor-widget-text-editor\" data-id=\"7208402\" data-element_type=\"widget\" data-widget_type=\"text-editor.default\">\n\t\t\t\t<div class=\"elementor-widget-container\">\n\t\t\t\t\t\t\t\t\t<p>Sprout est un robot souple qui se d\u00e9veloppe comme une plante et est con\u00e7u pour effectuer des inspections dans des environnements exigus, complexes et difficiles d&rsquo;acc\u00e8s. Avec un diam\u00e8tre de base de 8 cm, il peut se faufiler dans des ouvertures de seulement 5 cm et offre une mobilit\u00e9 3D compl\u00e8te, y compris la capacit\u00e9 de grimper verticalement et de travailler \u00e0 l&rsquo;encontre de la gravit\u00e9.<\/p>\n<p>Sprout est enti\u00e8rement flexible, peut se courber dans toutes les directions et prendre des virages \u00e0 90 degr\u00e9s, des chemins sinueux et des g\u00e9om\u00e9tries irr\u00e9guli\u00e8res. Il peut \u00eatre d\u00e9ploy\u00e9 sur des centaines de m\u00e8tres, ce qui permet des inspections approfondies sans d\u00e9montage ni mise hors service. Sa capacit\u00e9 de charge est proportionnelle \u00e0 son diam\u00e8tre : la version 8 cm supporte jusqu&rsquo;\u00e0 500 grammes, tandis que les variantes de plus grand diam\u00e8tre peuvent supporter des outils plus lourds.<\/p>\n<p>Toutes les donn\u00e9es d&rsquo;inspection sont trait\u00e9es via XiniX Forge, une plateforme qui int\u00e8gre de mani\u00e8re transparente des capacit\u00e9s d&rsquo;IA avanc\u00e9es dans les flux de travail et les bases de donn\u00e9es existants. \u00c0 l&rsquo;aide de mod\u00e8les d&rsquo;IA pr\u00e9-entra\u00een\u00e9s et personnalisables, XiniX Forge d\u00e9tecte automatiquement les d\u00e9fauts tels que les fissures, la corrosion et les anomalies de soudure, g\u00e9n\u00e8re des statistiques et produit des rapports d&rsquo;inspection automatis\u00e9s. Une interface aliment\u00e9e par LLM permet aux utilisateurs de consulter les r\u00e9sultats et d&rsquo;obtenir des informations dans le cadre d&rsquo;une conversation, ce qui facilite une \u00e9valuation rapide et bas\u00e9e sur les donn\u00e9es de l&rsquo;\u00e9tat des actifs.<\/p>\n\t\t\t\t\t\t\t\t<\/div>\n\t\t\t\t<\/div>\n\t\t\t\t<\/div>\n\t\t\t\t\t<\/div>\n\t\t\t\t<\/div>\n\t\t\t\t<\/div>\n\t\t\t\t\t<\/div>\n\t\t\t\t<\/div>\n\t\t<div class=\"elementor-element elementor-element-5c65542 e-flex e-con-boxed e-con e-parent\" data-id=\"5c65542\" data-element_type=\"container\" data-settings=\"{&quot;background_background&quot;:&quot;classic&quot;}\">\n\t\t\t\t\t<div class=\"e-con-inner\">\n\t\t<div class=\"elementor-element elementor-element-14ec554 e-con-full e-flex e-con e-child\" data-id=\"14ec554\" data-element_type=\"container\" data-settings=\"{&quot;background_background&quot;:&quot;classic&quot;}\">\n\t\t\t\t<div class=\"elementor-element elementor-element-9a435cc elementor-widget elementor-widget-heading\" data-id=\"9a435cc\" data-element_type=\"widget\" data-widget_type=\"heading.default\">\n\t\t\t\t<div class=\"elementor-widget-container\">\n\t\t\t\t\t<h2 class=\"elementor-heading-title elementor-size-default\">Vous avez des questions ou souhaitez obtenir plus d'informations ? Notre \u00e9quipe se tient \u00e0 votre disposition pour vous aider.&nbsp;<\/h2>\t\t\t\t<\/div>\n\t\t\t\t<\/div>\n\t\t\t\t<div class=\"elementor-element elementor-element-7f1aeee elementor-widget elementor-widget-button\" data-id=\"7f1aeee\" data-element_type=\"widget\" data-widget_type=\"button.default\">\n\t\t\t\t<div class=\"elementor-widget-container\">\n\t\t\t\t\t\t\t\t\t<div class=\"elementor-button-wrapper\">\n\t\t\t\t\t<a class=\"elementor-button elementor-button-link elementor-size-sm\" href=\"https:\/\/www.pumps-valves-expo.be\/nl\/contact\/\">\n\t\t\t\t\t\t<span class=\"elementor-button-content-wrapper\">\n\t\t\t\t\t\t\t\t\t<span class=\"elementor-button-text\">Des questions ?<\/span>\n\t\t\t\t\t<\/span>\n\t\t\t\t\t<\/a>\n\t\t\t\t<\/div>\n\t\t\t\t\t\t\t\t<\/div>\n\t\t\t\t<\/div>\n\t\t\t\t<\/div>\n\t\t\t\t\t<\/div>\n\t\t\t\t<\/div>\n\t\t\t\t<\/div>\n\t\t","protected":false},"excerpt":{"rendered":"<p>D\u00e9monstrations Smart Maintenance \u00e0 l&rsquo;honneur Visitez la Smart Maintenance Demo Zone \u2013 d\u00e9couvrez l&rsquo;avenir de la maintenance Dans la Smart Maintenance Demo Zone, vous d\u00e9couvrirez comment les technologies intelligentes rendent la maintenance plus intelligente, plus s\u00fbre et plus efficace. Gr\u00e2ce aux solutions de XiniX AI, Sorama et Lay3rs, vous d\u00e9couvrirez comment l&rsquo;inspection, la d\u00e9tection et [&hellip;]<\/p>\n","protected":false},"author":933,"featured_media":0,"parent":4484,"menu_order":0,"comment_status":"closed","ping_status":"closed","template":"","meta":{"_seopress_robots_primary_cat":"","_seopress_titles_title":"Zone de d\u00e9monstration des robots - Pumps & Valves 2024","_seopress_titles_desc":"Une visite guid\u00e9e d\u00e9di\u00e9e \u00e0 l&#039;innovation. L\u2019innovation constitue l\u2019un des piliers du salon Pumps &amp; Valves.","_seopress_robots_index":"","footnotes":""},"class_list":["post-4503","page","type-page","status-publish","hentry"],"_links":{"self":[{"href":"https:\/\/www.pumps-valves-expo.be\/fr\/wp-json\/wp\/v2\/pages\/4503","targetHints":{"allow":["GET"]}}],"collection":[{"href":"https:\/\/www.pumps-valves-expo.be\/fr\/wp-json\/wp\/v2\/pages"}],"about":[{"href":"https:\/\/www.pumps-valves-expo.be\/fr\/wp-json\/wp\/v2\/types\/page"}],"author":[{"embeddable":true,"href":"https:\/\/www.pumps-valves-expo.be\/fr\/wp-json\/wp\/v2\/users\/933"}],"replies":[{"embeddable":true,"href":"https:\/\/www.pumps-valves-expo.be\/fr\/wp-json\/wp\/v2\/comments?post=4503"}],"version-history":[{"count":5,"href":"https:\/\/www.pumps-valves-expo.be\/fr\/wp-json\/wp\/v2\/pages\/4503\/revisions"}],"predecessor-version":[{"id":161009,"href":"https:\/\/www.pumps-valves-expo.be\/fr\/wp-json\/wp\/v2\/pages\/4503\/revisions\/161009"}],"up":[{"embeddable":true,"href":"https:\/\/www.pumps-valves-expo.be\/fr\/wp-json\/wp\/v2\/pages\/4484"}],"wp:attachment":[{"href":"https:\/\/www.pumps-valves-expo.be\/fr\/wp-json\/wp\/v2\/media?parent=4503"}],"curies":[{"name":"wp","href":"https:\/\/api.w.org\/{rel}","templated":true}]}}