{"id":4480,"date":"2019-08-29T14:52:17","date_gmt":"2019-08-29T12:52:17","guid":{"rendered":"https:\/\/www.pumps-valves-expo.be\/participer\/telechargements\/"},"modified":"2024-01-28T08:11:46","modified_gmt":"2024-01-28T07:11:46","slug":"telechargements","status":"publish","type":"page","link":"https:\/\/www.pumps-valves-expo.be\/fr\/participer\/telechargements\/","title":{"rendered":"T\u00e9l\u00e9chargements"},"content":{"rendered":"\t\t<div data-elementor-type=\"wp-post\" data-elementor-id=\"4480\" class=\"elementor elementor-4480 elementor-4399\" data-elementor-post-type=\"page\">\n\t\t\t\t\t\t<section class=\"elementor-section elementor-top-section elementor-element elementor-element-9e136bf elementor-section-boxed elementor-section-height-default elementor-section-height-default\" data-id=\"9e136bf\" data-element_type=\"section\" data-settings=\"{&quot;background_background&quot;:&quot;classic&quot;}\">\n\t\t\t\t\t\t<div class=\"elementor-container elementor-column-gap-default\">\n\t\t\t\t\t<div class=\"elementor-column elementor-col-100 elementor-top-column elementor-element elementor-element-00d64b8\" data-id=\"00d64b8\" data-element_type=\"column\" data-settings=\"{&quot;background_background&quot;:&quot;classic&quot;}\">\n\t\t\t<div class=\"elementor-widget-wrap elementor-element-populated\">\n\t\t\t\t\t\t<div class=\"elementor-element elementor-element-10351b1 elementor-widget elementor-widget-text-editor\" data-id=\"10351b1\" data-element_type=\"widget\" data-widget_type=\"text-editor.default\">\n\t\t\t\t<div class=\"elementor-widget-container\">\n\t\t\t\t\t\t\t\t\t<h1>T\u00e9l\u00e9chargements<\/h1>\t\t\t\t\t\t\t\t<\/div>\n\t\t\t\t<\/div>\n\t\t\t\t<div class=\"elementor-element elementor-element-9560c70 elementor-widget elementor-widget-text-editor\" data-id=\"9560c70\" data-element_type=\"widget\" data-widget_type=\"text-editor.default\">\n\t\t\t\t<div class=\"elementor-widget-container\">\n\t\t\t\t\t\t\t\t\t<p>Nous nous r\u00e9jouissons de vous voir \u00e0 Pumps &amp; Valves !<\/p><p>Entre-temps, notre campagne de promotion bat son plein et vous, en tant qu&rsquo;exposant, pouvez \u00e9galement faire conna\u00eetre votre participation. Vous pouvez t\u00e9l\u00e9charger ci-dessous du mat\u00e9riel promotionnel pour attirer le plus grand nombre possible de relations potentielles et de visiteurs qualitatifs sur votre stand.<\/p>\t\t\t\t\t\t\t\t<\/div>\n\t\t\t\t<\/div>\n\t\t\t\t\t<\/div>\n\t\t<\/div>\n\t\t\t\t\t<\/div>\n\t\t<\/section>\n\t\t<div class=\"elementor-element elementor-element-3b95498 e-flex e-con-boxed e-con e-parent\" data-id=\"3b95498\" data-element_type=\"container\" data-settings=\"{&quot;background_background&quot;:&quot;classic&quot;,&quot;shape_divider_top&quot;:&quot;opacity-tilt&quot;,&quot;shape_divider_bottom&quot;:&quot;opacity-tilt&quot;}\">\n\t\t\t\t\t<div class=\"e-con-inner\">\n\t\t\t\t<div class=\"elementor-shape elementor-shape-top\" aria-hidden=\"true\" data-negative=\"false\">\n\t\t\t<svg xmlns=\"http:\/\/www.w3.org\/2000\/svg\" viewBox=\"0 0 2600 131.1\" preserveAspectRatio=\"none\">\n\t<path class=\"elementor-shape-fill\" d=\"M0 0L2600 0 2600 69.1 0 0z\"\/>\n\t<path class=\"elementor-shape-fill\" style=\"opacity:0.5\" d=\"M0 0L2600 0 2600 69.1 0 69.1z\"\/>\n\t<path class=\"elementor-shape-fill\" style=\"opacity:0.25\" d=\"M2600 0L0 0 0 130.1 2600 69.1z\"\/>\n<\/svg>\t\t<\/div>\n\t\t\t\t<div class=\"elementor-shape elementor-shape-bottom\" aria-hidden=\"true\" data-negative=\"false\">\n\t\t\t<svg xmlns=\"http:\/\/www.w3.org\/2000\/svg\" viewBox=\"0 0 2600 131.1\" preserveAspectRatio=\"none\">\n\t<path class=\"elementor-shape-fill\" d=\"M0 0L2600 0 2600 69.1 0 0z\"\/>\n\t<path class=\"elementor-shape-fill\" style=\"opacity:0.5\" d=\"M0 0L2600 0 2600 69.1 0 69.1z\"\/>\n\t<path class=\"elementor-shape-fill\" style=\"opacity:0.25\" d=\"M2600 0L0 0 0 130.1 2600 69.1z\"\/>\n<\/svg>\t\t<\/div>\n\t\t<div class=\"elementor-element elementor-element-7d24bc6 e-con-full e-flex e-con e-child\" data-id=\"7d24bc6\" data-element_type=\"container\">\n\t\t<div class=\"elementor-element elementor-element-c87daf1 e-con-full skewed-box e-flex e-con e-child\" data-id=\"c87daf1\" data-element_type=\"container\" data-settings=\"{&quot;background_background&quot;:&quot;classic&quot;}\">\n\t\t\t\t<div class=\"elementor-element elementor-element-2997413 elementor-widget elementor-widget-heading\" data-id=\"2997413\" data-element_type=\"widget\" data-widget_type=\"heading.default\">\n\t\t\t\t<div class=\"elementor-widget-container\">\n\t\t\t\t\t<h2 class=\"elementor-heading-title elementor-size-default\">Pourquoi inviter vos clients ?<\/h2>\t\t\t\t<\/div>\n\t\t\t\t<\/div>\n\t\t\t\t<div class=\"elementor-element elementor-element-489cf15 elementor-widget elementor-widget-text-editor\" data-id=\"489cf15\" data-element_type=\"widget\" data-widget_type=\"text-editor.default\">\n\t\t\t\t<div class=\"elementor-widget-container\">\n\t\t\t\t\t\t\t\t\t<p>Vous restez au centre de l\u2019attention de votre communaut\u00e9.<\/p><p>L\u2019occasion de pr\u00e9senter vos nouveaux produits, services, \u2026 dans un environnement inspirant qui stimule vos relations.<\/p><p>De plus, vous avez une chance de gagner le Marketing Award et une visibilit\u00e9 suppl\u00e9mentaire si vous accueillez le plus grand nombre de visiteurs sur votre stand via votre URL\/code personnel.<\/p>\t\t\t\t\t\t\t\t<\/div>\n\t\t\t\t<\/div>\n\t\t\t\t<\/div>\n\t\t\t\t<\/div>\n\t\t<div class=\"elementor-element elementor-element-359406a e-con-full e-flex e-con e-child\" data-id=\"359406a\" data-element_type=\"container\">\n\t\t<div class=\"elementor-element elementor-element-1a8a7cc e-flex e-con-boxed e-con e-child\" data-id=\"1a8a7cc\" data-element_type=\"container\">\n\t\t\t\t\t<div class=\"e-con-inner\">\n\t\t<div class=\"elementor-element elementor-element-15c72a7 e-con-full skewed-box e-flex e-con e-child\" data-id=\"15c72a7\" data-element_type=\"container\" data-settings=\"{&quot;background_background&quot;:&quot;classic&quot;}\">\n\t\t\t\t<div class=\"elementor-element elementor-element-1a90802 elementor-widget elementor-widget-heading\" data-id=\"1a90802\" data-element_type=\"widget\" data-widget_type=\"heading.default\">\n\t\t\t\t<div class=\"elementor-widget-container\">\n\t\t\t\t\t<h2 class=\"elementor-heading-title elementor-size-default\">Mat\u00e9riel promotionnel<\/h2>\t\t\t\t<\/div>\n\t\t\t\t<\/div>\n\t\t\t\t<div class=\"elementor-element elementor-element-cf4b978 elementor-widget elementor-widget-text-editor\" data-id=\"cf4b978\" data-element_type=\"widget\" data-widget_type=\"text-editor.default\">\n\t\t\t\t<div class=\"elementor-widget-container\">\n\t\t\t\t\t\t\t\t\t<p><span style=\"text-decoration: underline;\"><strong><a style=\"color: white; text-decoration: underline;\" href=\"https:\/\/easyfairsassets.com\/sites\/181\/2024\/01\/PV24_Logo_Kleur.jpg\" target=\"_blank\" rel=\"noopener\">Logo Maintenance coleur<\/a><\/strong><\/span><br \/><span style=\"text-decoration: underline;\"><strong><a style=\"color: white; text-decoration: underline;\" href=\"https:\/\/easyfairsassets.com\/sites\/181\/2024\/01\/PV24_Logo_Tag_Wit.png\" target=\"_blank\" rel=\"noopener\">Logo Pumps &amp; Valves blanc<\/a><\/strong><\/span><br \/><span style=\"text-decoration: underline;\"><strong><a style=\"color: white; text-decoration: underline;\" href=\"https:\/\/easyfairsassets.com\/sites\/181\/2024\/01\/PV24-Emailhandtekening_500x100.jpg\" target=\"_blank\" rel=\"noopener\">Signature \u00e9lectronique<\/a><\/strong><\/span><\/p>\t\t\t\t\t\t\t\t<\/div>\n\t\t\t\t<\/div>\n\t\t\t\t<\/div>\n\t\t\t\t\t<\/div>\n\t\t\t\t<\/div>\n\t\t<div class=\"elementor-element elementor-element-0a1579b e-flex e-con-boxed e-con e-child\" data-id=\"0a1579b\" data-element_type=\"container\">\n\t\t\t\t\t<div class=\"e-con-inner\">\n\t\t<div class=\"elementor-element elementor-element-07e1b98 e-con-full skewed-box e-flex e-con e-child\" data-id=\"07e1b98\" data-element_type=\"container\" data-settings=\"{&quot;background_background&quot;:&quot;classic&quot;}\">\n\t\t\t\t<div class=\"elementor-element elementor-element-3487707 elementor-widget elementor-widget-heading\" data-id=\"3487707\" data-element_type=\"widget\" data-widget_type=\"heading.default\">\n\t\t\t\t<div class=\"elementor-widget-container\">\n\t\t\t\t\t<h2 class=\"elementor-heading-title elementor-size-default\">Photos<\/h2>\t\t\t\t<\/div>\n\t\t\t\t<\/div>\n\t\t\t\t<div class=\"elementor-element elementor-element-f8fcaf9 elementor-widget elementor-widget-text-editor\" data-id=\"f8fcaf9\" data-element_type=\"widget\" data-widget_type=\"text-editor.default\">\n\t\t\t\t<div class=\"elementor-widget-container\">\n\t\t\t\t\t\t\t\t\t<p>Vous cherchez de belles images atmosph\u00e9riques ?\u00a0Consultez les photos de l\u2019entretien 2023 ici.<\/p>\t\t\t\t\t\t\t\t<\/div>\n\t\t\t\t<\/div>\n\t\t\t\t<\/div>\n\t\t\t\t\t<\/div>\n\t\t\t\t<\/div>\n\t\t<div class=\"elementor-element elementor-element-b6a49cf e-con-full e-flex e-con e-child\" data-id=\"b6a49cf\" data-element_type=\"container\">\n\t\t<div class=\"elementor-element elementor-element-b31645f e-con-full skewed-box e-flex e-con e-child\" data-id=\"b31645f\" data-element_type=\"container\" data-settings=\"{&quot;background_background&quot;:&quot;classic&quot;}\">\n\t\t\t\t<div class=\"elementor-element elementor-element-b313596 elementor-widget elementor-widget-heading\" data-id=\"b313596\" data-element_type=\"widget\" data-widget_type=\"heading.default\">\n\t\t\t\t<div class=\"elementor-widget-container\">\n\t\t\t\t\t<h2 class=\"elementor-heading-title elementor-size-default\">M\u00e9dias sociaux<\/h2>\t\t\t\t<\/div>\n\t\t\t\t<\/div>\n\t\t\t\t<div class=\"elementor-element elementor-element-81abc4b elementor-widget elementor-widget-text-editor\" data-id=\"81abc4b\" data-element_type=\"widget\" data-widget_type=\"text-editor.default\">\n\t\t\t\t<div class=\"elementor-widget-container\">\n\t\t\t\t\t\t\t\t\t<p>N\u2019oubliez pas d\u2019utiliser vos canaux de m\u00e9dias sociaux pour promouvoir votre participation. N\u2019oubliez pas de nous taguer, afin que nous puissions le rediffuser sur nos canaux.<\/p>\t\t\t\t\t\t\t\t<\/div>\n\t\t\t\t<\/div>\n\t\t\t\t<div class=\"elementor-element elementor-element-9fe6254 elementor-shape-rounded elementor-grid-0 e-grid-align-center elementor-widget elementor-widget-social-icons\" data-id=\"9fe6254\" data-element_type=\"widget\" data-widget_type=\"social-icons.default\">\n\t\t\t\t<div class=\"elementor-widget-container\">\n\t\t\t\t\t\t\t<div class=\"elementor-social-icons-wrapper elementor-grid\">\n\t\t\t\t\t\t\t<span class=\"elementor-grid-item\">\n\t\t\t\t\t<a class=\"elementor-icon elementor-social-icon elementor-social-icon-linkedin elementor-repeater-item-b9189e9\" href=\"https:\/\/www.linkedin.com\/showcase\/maintenance-trade-show\/\" target=\"_blank\">\n\t\t\t\t\t\t<span class=\"elementor-screen-only\">Linkedin<\/span>\n\t\t\t\t\t\t<svg aria-hidden=\"true\" class=\"e-font-icon-svg e-fab-linkedin\" viewBox=\"0 0 448 512\" xmlns=\"http:\/\/www.w3.org\/2000\/svg\"><path d=\"M416 32H31.9C14.3 32 0 46.5 0 64.3v383.4C0 465.5 14.3 480 31.9 480H416c17.6 0 32-14.5 32-32.3V64.3c0-17.8-14.4-32.3-32-32.3zM135.4 416H69V202.2h66.5V416zm-33.2-243c-21.3 0-38.5-17.3-38.5-38.5S80.9 96 102.2 96c21.2 0 38.5 17.3 38.5 38.5 0 21.3-17.2 38.5-38.5 38.5zm282.1 243h-66.4V312c0-24.8-.5-56.7-34.5-56.7-34.6 0-39.9 27-39.9 54.9V416h-66.4V202.2h63.7v29.2h.9c8.9-16.8 30.6-34.5 62.9-34.5 67.2 0 79.7 44.3 79.7 101.9V416z\"><\/path><\/svg>\t\t\t\t\t<\/a>\n\t\t\t\t<\/span>\n\t\t\t\t\t<\/div>\n\t\t\t\t\t\t<\/div>\n\t\t\t\t<\/div>\n\t\t\t\t<\/div>\n\t\t\t\t<\/div>\n\t\t\t\t<\/div>\n\t\t\t\t\t<\/div>\n\t\t\t\t<\/div>\n\t\t<a class=\"elementor-element elementor-element-7a45327 e-flex e-con-boxed e-con e-parent\" data-id=\"7a45327\" data-element_type=\"container\" href=\"https:\/\/flic.kr\/s\/aHBqjAxJmD\">\n\t\t\t\t\t<div class=\"e-con-inner\">\n\t\t\t\t<div class=\"elementor-element elementor-element-425c1cb gallery-spacing-custom elementor-widget elementor-widget-image-gallery\" data-id=\"425c1cb\" data-element_type=\"widget\" data-widget_type=\"image-gallery.default\">\n\t\t\t\t<div class=\"elementor-widget-container\">\n\t\t\t\t\t\t\t<div class=\"elementor-image-gallery\">\n\t\t\t<div id='gallery-1' class='gallery galleryid-4480 gallery-columns-3 gallery-size-full'><figure class='gallery-item'>\n\t\t\t<div class='gallery-icon landscape'>\n\t\t\t\t<img fetchpriority=\"high\" decoding=\"async\" width=\"1920\" height=\"1280\" src=\"https:\/\/easyfairsassets.com\/sites\/181\/2024\/01\/52776475112_db4dd7784e_o.jpg\" class=\"attachment-full size-full\" alt=\"\" srcset=\"https:\/\/easyfairsassets.com\/sites\/181\/2024\/01\/52776475112_db4dd7784e_o.jpg 1920w, https:\/\/easyfairsassets.com\/sites\/181\/2024\/01\/52776475112_db4dd7784e_o-300x200.jpg 300w, https:\/\/easyfairsassets.com\/sites\/181\/2024\/01\/52776475112_db4dd7784e_o-1024x683.jpg 1024w, https:\/\/easyfairsassets.com\/sites\/181\/2024\/01\/52776475112_db4dd7784e_o-768x512.jpg 768w, https:\/\/easyfairsassets.com\/sites\/181\/2024\/01\/52776475112_db4dd7784e_o-1536x1024.jpg 1536w\" sizes=\"(max-width: 1920px) 100vw, 1920px\" \/>\n\t\t\t<\/div><\/figure><figure class='gallery-item'>\n\t\t\t<div class='gallery-icon landscape'>\n\t\t\t\t<img decoding=\"async\" width=\"1920\" height=\"1280\" src=\"https:\/\/easyfairsassets.com\/sites\/181\/2024\/01\/LOWRES-0812.jpg\" class=\"attachment-full size-full\" alt=\"\" srcset=\"https:\/\/easyfairsassets.com\/sites\/181\/2024\/01\/LOWRES-0812.jpg 1920w, https:\/\/easyfairsassets.com\/sites\/181\/2024\/01\/LOWRES-0812-300x200.jpg 300w, https:\/\/easyfairsassets.com\/sites\/181\/2024\/01\/LOWRES-0812-1024x683.jpg 1024w, https:\/\/easyfairsassets.com\/sites\/181\/2024\/01\/LOWRES-0812-768x512.jpg 768w, https:\/\/easyfairsassets.com\/sites\/181\/2024\/01\/LOWRES-0812-1536x1024.jpg 1536w\" sizes=\"(max-width: 1920px) 100vw, 1920px\" \/>\n\t\t\t<\/div><\/figure><figure class='gallery-item'>\n\t\t\t<div class='gallery-icon landscape'>\n\t\t\t\t<img decoding=\"async\" width=\"1920\" height=\"1280\" src=\"https:\/\/easyfairsassets.com\/sites\/181\/2024\/01\/LOWRES-0793.jpg\" class=\"attachment-full size-full\" alt=\"\" srcset=\"https:\/\/easyfairsassets.com\/sites\/181\/2024\/01\/LOWRES-0793.jpg 1920w, https:\/\/easyfairsassets.com\/sites\/181\/2024\/01\/LOWRES-0793-300x200.jpg 300w, https:\/\/easyfairsassets.com\/sites\/181\/2024\/01\/LOWRES-0793-1024x683.jpg 1024w, https:\/\/easyfairsassets.com\/sites\/181\/2024\/01\/LOWRES-0793-768x512.jpg 768w, https:\/\/easyfairsassets.com\/sites\/181\/2024\/01\/LOWRES-0793-1536x1024.jpg 1536w\" sizes=\"(max-width: 1920px) 100vw, 1920px\" \/>\n\t\t\t<\/div><\/figure><figure class='gallery-item'>\n\t\t\t<div class='gallery-icon landscape'>\n\t\t\t\t<img loading=\"lazy\" decoding=\"async\" width=\"1920\" height=\"1280\" src=\"https:\/\/easyfairsassets.com\/sites\/181\/2024\/01\/LOWRES-0658.jpg\" class=\"attachment-full size-full\" alt=\"\" srcset=\"https:\/\/easyfairsassets.com\/sites\/181\/2024\/01\/LOWRES-0658.jpg 1920w, https:\/\/easyfairsassets.com\/sites\/181\/2024\/01\/LOWRES-0658-300x200.jpg 300w, https:\/\/easyfairsassets.com\/sites\/181\/2024\/01\/LOWRES-0658-1024x683.jpg 1024w, https:\/\/easyfairsassets.com\/sites\/181\/2024\/01\/LOWRES-0658-768x512.jpg 768w, https:\/\/easyfairsassets.com\/sites\/181\/2024\/01\/LOWRES-0658-1536x1024.jpg 1536w\" sizes=\"(max-width: 1920px) 100vw, 1920px\" \/>\n\t\t\t<\/div><\/figure><figure class='gallery-item'>\n\t\t\t<div class='gallery-icon landscape'>\n\t\t\t\t<img loading=\"lazy\" decoding=\"async\" width=\"1920\" height=\"1280\" src=\"https:\/\/easyfairsassets.com\/sites\/181\/2024\/01\/51984301295_80035188d8_k-1.jpg\" class=\"attachment-full size-full\" alt=\"\" srcset=\"https:\/\/easyfairsassets.com\/sites\/181\/2024\/01\/51984301295_80035188d8_k-1.jpg 1920w, https:\/\/easyfairsassets.com\/sites\/181\/2024\/01\/51984301295_80035188d8_k-1-300x200.jpg 300w, https:\/\/easyfairsassets.com\/sites\/181\/2024\/01\/51984301295_80035188d8_k-1-1024x683.jpg 1024w, https:\/\/easyfairsassets.com\/sites\/181\/2024\/01\/51984301295_80035188d8_k-1-768x512.jpg 768w, https:\/\/easyfairsassets.com\/sites\/181\/2024\/01\/51984301295_80035188d8_k-1-1536x1024.jpg 1536w\" sizes=\"(max-width: 1920px) 100vw, 1920px\" \/>\n\t\t\t<\/div><\/figure><figure class='gallery-item'>\n\t\t\t<div class='gallery-icon landscape'>\n\t\t\t\t<img loading=\"lazy\" decoding=\"async\" width=\"1920\" height=\"1280\" src=\"https:\/\/easyfairsassets.com\/sites\/181\/2024\/01\/51983813968_a795f77f8f_k.jpg\" class=\"attachment-full size-full\" alt=\"\" srcset=\"https:\/\/easyfairsassets.com\/sites\/181\/2024\/01\/51983813968_a795f77f8f_k.jpg 1920w, https:\/\/easyfairsassets.com\/sites\/181\/2024\/01\/51983813968_a795f77f8f_k-300x200.jpg 300w, https:\/\/easyfairsassets.com\/sites\/181\/2024\/01\/51983813968_a795f77f8f_k-1024x683.jpg 1024w, https:\/\/easyfairsassets.com\/sites\/181\/2024\/01\/51983813968_a795f77f8f_k-768x512.jpg 768w, https:\/\/easyfairsassets.com\/sites\/181\/2024\/01\/51983813968_a795f77f8f_k-1536x1024.jpg 1536w\" sizes=\"(max-width: 1920px) 100vw, 1920px\" \/>\n\t\t\t<\/div><\/figure><figure class='gallery-item'>\n\t\t\t<div class='gallery-icon landscape'>\n\t\t\t\t<img loading=\"lazy\" decoding=\"async\" width=\"1920\" height=\"1280\" src=\"https:\/\/easyfairsassets.com\/sites\/181\/2024\/01\/52777010551_af0ffdbea0_o-1.jpg\" class=\"attachment-full size-full\" alt=\"\" srcset=\"https:\/\/easyfairsassets.com\/sites\/181\/2024\/01\/52777010551_af0ffdbea0_o-1.jpg 1920w, https:\/\/easyfairsassets.com\/sites\/181\/2024\/01\/52777010551_af0ffdbea0_o-1-300x200.jpg 300w, https:\/\/easyfairsassets.com\/sites\/181\/2024\/01\/52777010551_af0ffdbea0_o-1-1024x683.jpg 1024w, https:\/\/easyfairsassets.com\/sites\/181\/2024\/01\/52777010551_af0ffdbea0_o-1-768x512.jpg 768w, https:\/\/easyfairsassets.com\/sites\/181\/2024\/01\/52777010551_af0ffdbea0_o-1-1536x1024.jpg 1536w\" sizes=\"(max-width: 1920px) 100vw, 1920px\" \/>\n\t\t\t<\/div><\/figure><figure class='gallery-item'>\n\t\t\t<div class='gallery-icon landscape'>\n\t\t\t\t<img loading=\"lazy\" decoding=\"async\" width=\"1920\" height=\"1280\" src=\"https:\/\/easyfairsassets.com\/sites\/181\/2024\/01\/52777264224_b4c76e5005_o-1.jpg\" class=\"attachment-full size-full\" alt=\"\" srcset=\"https:\/\/easyfairsassets.com\/sites\/181\/2024\/01\/52777264224_b4c76e5005_o-1.jpg 1920w, https:\/\/easyfairsassets.com\/sites\/181\/2024\/01\/52777264224_b4c76e5005_o-1-300x200.jpg 300w, https:\/\/easyfairsassets.com\/sites\/181\/2024\/01\/52777264224_b4c76e5005_o-1-1024x683.jpg 1024w, https:\/\/easyfairsassets.com\/sites\/181\/2024\/01\/52777264224_b4c76e5005_o-1-768x512.jpg 768w, https:\/\/easyfairsassets.com\/sites\/181\/2024\/01\/52777264224_b4c76e5005_o-1-1536x1024.jpg 1536w\" sizes=\"(max-width: 1920px) 100vw, 1920px\" \/>\n\t\t\t<\/div><\/figure><figure class='gallery-item'>\n\t\t\t<div class='gallery-icon landscape'>\n\t\t\t\t<img loading=\"lazy\" decoding=\"async\" width=\"1920\" height=\"1280\" src=\"https:\/\/easyfairsassets.com\/sites\/181\/2024\/01\/52776460542_34176d5e83_o-1.jpg\" class=\"attachment-full size-full\" alt=\"\" srcset=\"https:\/\/easyfairsassets.com\/sites\/181\/2024\/01\/52776460542_34176d5e83_o-1.jpg 1920w, https:\/\/easyfairsassets.com\/sites\/181\/2024\/01\/52776460542_34176d5e83_o-1-300x200.jpg 300w, https:\/\/easyfairsassets.com\/sites\/181\/2024\/01\/52776460542_34176d5e83_o-1-1024x683.jpg 1024w, https:\/\/easyfairsassets.com\/sites\/181\/2024\/01\/52776460542_34176d5e83_o-1-768x512.jpg 768w, https:\/\/easyfairsassets.com\/sites\/181\/2024\/01\/52776460542_34176d5e83_o-1-1536x1024.jpg 1536w\" sizes=\"(max-width: 1920px) 100vw, 1920px\" \/>\n\t\t\t<\/div><\/figure>\n\t\t<\/div>\n\t\t<\/div>\n\t\t\t\t\t\t<\/div>\n\t\t\t\t<\/div>\n\t\t\t\t\t<\/div>\n\t\t\t\t<\/a>\n\t\t\t\t<\/div>\n\t\t","protected":false},"excerpt":{"rendered":"<p>T\u00e9l\u00e9chargements Nous nous r\u00e9jouissons de vous voir \u00e0 Pumps &amp; Valves ! Entre-temps, notre campagne de promotion bat son plein et vous, en tant qu&rsquo;exposant, pouvez \u00e9galement faire conna\u00eetre votre participation. Vous pouvez t\u00e9l\u00e9charger ci-dessous du mat\u00e9riel promotionnel pour attirer le plus grand nombre possible de relations potentielles et de visiteurs qualitatifs sur votre stand. [&hellip;]<\/p>\n","protected":false},"author":933,"featured_media":0,"parent":4452,"menu_order":0,"comment_status":"closed","ping_status":"closed","template":"","meta":{"_seopress_robots_primary_cat":"","_seopress_titles_title":"T\u00e9l\u00e9chargements - Pumps & Valves","_seopress_titles_desc":"D\u00e9couvrez ici du mat\u00e9riel suppl\u00e9mentaire pour pr\u00e9parer encore mieux votre participation.","_seopress_robots_index":"","footnotes":""},"class_list":["post-4480","page","type-page","status-publish","hentry"],"_links":{"self":[{"href":"https:\/\/www.pumps-valves-expo.be\/fr\/wp-json\/wp\/v2\/pages\/4480","targetHints":{"allow":["GET"]}}],"collection":[{"href":"https:\/\/www.pumps-valves-expo.be\/fr\/wp-json\/wp\/v2\/pages"}],"about":[{"href":"https:\/\/www.pumps-valves-expo.be\/fr\/wp-json\/wp\/v2\/types\/page"}],"author":[{"embeddable":true,"href":"https:\/\/www.pumps-valves-expo.be\/fr\/wp-json\/wp\/v2\/users\/933"}],"replies":[{"embeddable":true,"href":"https:\/\/www.pumps-valves-expo.be\/fr\/wp-json\/wp\/v2\/comments?post=4480"}],"version-history":[{"count":5,"href":"https:\/\/www.pumps-valves-expo.be\/fr\/wp-json\/wp\/v2\/pages\/4480\/revisions"}],"predecessor-version":[{"id":88408,"href":"https:\/\/www.pumps-valves-expo.be\/fr\/wp-json\/wp\/v2\/pages\/4480\/revisions\/88408"}],"up":[{"embeddable":true,"href":"https:\/\/www.pumps-valves-expo.be\/fr\/wp-json\/wp\/v2\/pages\/4452"}],"wp:attachment":[{"href":"https:\/\/www.pumps-valves-expo.be\/fr\/wp-json\/wp\/v2\/media?parent=4480"}],"curies":[{"name":"wp","href":"https:\/\/api.w.org\/{rel}","templated":true}]}}