{"id":4456,"date":"2019-08-29T09:52:18","date_gmt":"2019-08-29T07:52:18","guid":{"rendered":"https:\/\/www.pumps-valves-expo.be\/participer\/profil-de-visiteur\/"},"modified":"2025-11-27T16:50:25","modified_gmt":"2025-11-27T15:50:25","slug":"profil-de-visiteur","status":"publish","type":"page","link":"https:\/\/www.pumps-valves-expo.be\/fr\/participer\/profil-de-visiteur\/","title":{"rendered":"Profil de visiteur"},"content":{"rendered":"\t\t<div data-elementor-type=\"wp-post\" data-elementor-id=\"4456\" class=\"elementor elementor-4456 elementor-3066\" data-elementor-post-type=\"page\">\n\t\t\t\t<div class=\"elementor-element elementor-element-f6f3322 e-flex e-con-boxed e-con e-parent\" data-id=\"f6f3322\" data-element_type=\"container\" data-settings=\"{&quot;background_background&quot;:&quot;classic&quot;}\">\n\t\t\t\t\t<div class=\"e-con-inner\">\n\t\t<div class=\"elementor-element elementor-element-3a70a00 e-con-full e-flex e-con e-child\" data-id=\"3a70a00\" data-element_type=\"container\" data-settings=\"{&quot;background_background&quot;:&quot;classic&quot;}\">\n\t\t<div class=\"elementor-element elementor-element-b77c1ef e-con-full e-flex e-con e-child\" data-id=\"b77c1ef\" data-element_type=\"container\">\n\t\t\t\t<div class=\"elementor-element elementor-element-499a3b8 elementor-widget elementor-widget-heading\" data-id=\"499a3b8\" data-element_type=\"widget\" data-widget_type=\"heading.default\">\n\t\t\t\t<div class=\"elementor-widget-container\">\n\t\t\t\t\t<h1 class=\"elementor-heading-title elementor-size-default\">Qui est le visiteur de Pumps &amp; Valves ?<\/h1>\t\t\t\t<\/div>\n\t\t\t\t<\/div>\n\t\t\t\t<div class=\"elementor-element elementor-element-1b0db3c elementor-widget elementor-widget-text-editor\" data-id=\"1b0db3c\" data-element_type=\"widget\" data-widget_type=\"text-editor.default\">\n\t\t\t\t<div class=\"elementor-widget-container\">\n\t\t\t\t\t\t\t\t\t<p>Pumps &amp; Valves est le moment id\u00e9al pour toutes les entreprises <strong>offrant des solutions pour le traitement des liquides et des gaz<\/strong>, afin de se rencontrer, de r\u00e9seauter, d\u2019apprendre, de s\u2019inspirer et de d\u00e9couvrir des innovations.<\/p>\n<p>Les visiteurs de Pumps &amp; Valves sont un m\u00e9lange de d\u00e9cideurs cl\u00e9s et d\u2019experts. Ils recherchent des solutions, de nouvelles technologies et des innovations. Leur objectif est de comparer et d\u2019\u00e9tablir de nouveaux contacts professionnels, dans le but final de conclure des affaires de valeur.<\/p>\n\t\t\t\t\t\t\t\t<\/div>\n\t\t\t\t<\/div>\n\t\t\t\t<\/div>\n\t\t\t\t<\/div>\n\t\t\t\t\t<\/div>\n\t\t\t\t<\/div>\n\t\t<div class=\"elementor-element elementor-element-0d82f7a e-flex e-con-boxed e-con e-parent\" data-id=\"0d82f7a\" data-element_type=\"container\" data-settings=\"{&quot;background_background&quot;:&quot;gradient&quot;}\">\n\t\t\t\t\t<div class=\"e-con-inner\">\n\t\t<div class=\"elementor-element elementor-element-d8a4a38 e-flex e-con-boxed e-con e-child\" data-id=\"d8a4a38\" data-element_type=\"container\">\n\t\t\t\t\t<div class=\"e-con-inner\">\n\t\t\t\t<div class=\"elementor-element elementor-element-d6935a0 elementor-widget elementor-widget-heading\" data-id=\"d6935a0\" data-element_type=\"widget\" data-widget_type=\"heading.default\">\n\t\t\t\t<div class=\"elementor-widget-container\">\n\t\t\t\t\t<h2 class=\"elementor-heading-title elementor-size-default\">Secteurs dans lesquels nos visiteurs sont actifs<\/h2>\t\t\t\t<\/div>\n\t\t\t\t<\/div>\n\t\t\t\t\t<\/div>\n\t\t\t\t<\/div>\n\t\t<div class=\"elementor-element elementor-element-f79215f e-con-full skewed-box e-flex e-con e-child\" data-id=\"f79215f\" data-element_type=\"container\" data-settings=\"{&quot;background_background&quot;:&quot;classic&quot;}\">\n\t\t\t\t<div class=\"elementor-element elementor-element-1fb4807 elementor-widget__width-inherit elementor-widget elementor-widget-heading\" data-id=\"1fb4807\" data-element_type=\"widget\" data-widget_type=\"heading.default\">\n\t\t\t\t<div class=\"elementor-widget-container\">\n\t\t\t\t\t<h2 class=\"elementor-heading-title elementor-size-default\">(Petro) Chimie<\/h2>\t\t\t\t<\/div>\n\t\t\t\t<\/div>\n\t\t\t\t<div class=\"elementor-element elementor-element-4082235 elementor-widget elementor-widget-image\" data-id=\"4082235\" data-element_type=\"widget\" data-widget_type=\"image.default\">\n\t\t\t\t<div class=\"elementor-widget-container\">\n\t\t\t\t\t\t\t\t\t\t\t\t\t\t\t<img decoding=\"async\" src=\"https:\/\/easyfairsassets.com\/sites\/181\/elementor\/thumbs\/Petrochemical-qh4pkqt5rxv4xqulbsfqgi8e6uu0p1rfsg4s25d0hk.jpeg\" title=\"Petrochemical.jpeg\" alt=\"Petrochemical.jpeg\" loading=\"lazy\" \/>\t\t\t\t\t\t\t\t\t\t\t\t\t\t\t<\/div>\n\t\t\t\t<\/div>\n\t\t\t\t<\/div>\n\t\t<div class=\"elementor-element elementor-element-2ee6bce e-con-full skewed-box e-flex e-con e-child\" data-id=\"2ee6bce\" data-element_type=\"container\" data-settings=\"{&quot;background_background&quot;:&quot;classic&quot;}\">\n\t\t\t\t<div class=\"elementor-element elementor-element-c2d52f5 elementor-widget__width-inherit elementor-widget elementor-widget-heading\" data-id=\"c2d52f5\" data-element_type=\"widget\" data-widget_type=\"heading.default\">\n\t\t\t\t<div class=\"elementor-widget-container\">\n\t\t\t\t\t<h2 class=\"elementor-heading-title elementor-size-default\">Voeding &amp; drinks<\/h2>\t\t\t\t<\/div>\n\t\t\t\t<\/div>\n\t\t\t\t<div class=\"elementor-element elementor-element-6bbbd30 elementor-widget elementor-widget-image\" data-id=\"6bbbd30\" data-element_type=\"widget\" data-widget_type=\"image.default\">\n\t\t\t\t<div class=\"elementor-widget-container\">\n\t\t\t\t\t\t\t\t\t\t\t\t\t\t\t<img decoding=\"async\" src=\"https:\/\/easyfairsassets.com\/sites\/181\/elementor\/thumbs\/Voeding-en-drinks-qh4pkrqzyrwf9ct86aud0zzus8pdwqv64ks9jfbmbc.jpg\" title=\"Voeding-en-drinks.jpg\" alt=\"Voeding-en-drinks.jpg\" loading=\"lazy\" \/>\t\t\t\t\t\t\t\t\t\t\t\t\t\t\t<\/div>\n\t\t\t\t<\/div>\n\t\t\t\t<\/div>\n\t\t<div class=\"elementor-element elementor-element-3a3fdd2 e-con-full skewed-box e-flex e-con e-child\" data-id=\"3a3fdd2\" data-element_type=\"container\" data-settings=\"{&quot;background_background&quot;:&quot;classic&quot;}\">\n\t\t\t\t<div class=\"elementor-element elementor-element-f446a74 elementor-widget__width-inherit elementor-widget elementor-widget-heading\" data-id=\"f446a74\" data-element_type=\"widget\" data-widget_type=\"heading.default\">\n\t\t\t\t<div class=\"elementor-widget-container\">\n\t\t\t\t\t<h2 class=\"elementor-heading-title elementor-size-default\">Farmaceutica &amp; Life science<\/h2>\t\t\t\t<\/div>\n\t\t\t\t<\/div>\n\t\t\t\t<div class=\"elementor-element elementor-element-a263e6d elementor-widget elementor-widget-image\" data-id=\"a263e6d\" data-element_type=\"widget\" data-widget_type=\"image.default\">\n\t\t\t\t<div class=\"elementor-widget-container\">\n\t\t\t\t\t\t\t\t\t\t\t\t\t\t\t<img decoding=\"async\" src=\"https:\/\/easyfairsassets.com\/sites\/181\/elementor\/thumbs\/Pharmaceutical-qh4pksou5lxpkyrv0t8zlhrbdmkr4fywgpfr0pa854.jpg\" title=\"Pharmaceutical.jpg\" alt=\"Pharmaceutical.jpg\" loading=\"lazy\" \/>\t\t\t\t\t\t\t\t\t\t\t\t\t\t\t<\/div>\n\t\t\t\t<\/div>\n\t\t\t\t<\/div>\n\t\t<div class=\"elementor-element elementor-element-358595c e-con-full skewed-box e-flex e-con e-child\" data-id=\"358595c\" data-element_type=\"container\" data-settings=\"{&quot;background_background&quot;:&quot;classic&quot;}\">\n\t\t\t\t<div class=\"elementor-element elementor-element-888a097 elementor-widget__width-inherit elementor-widget elementor-widget-heading\" data-id=\"888a097\" data-element_type=\"widget\" data-widget_type=\"heading.default\">\n\t\t\t\t<div class=\"elementor-widget-container\">\n\t\t\t\t\t<h2 class=\"elementor-heading-title elementor-size-default\">(Afval)water<\/h2>\t\t\t\t<\/div>\n\t\t\t\t<\/div>\n\t\t\t\t<div class=\"elementor-element elementor-element-453725f elementor-widget elementor-widget-image\" data-id=\"453725f\" data-element_type=\"widget\" data-widget_type=\"image.default\">\n\t\t\t\t<div class=\"elementor-widget-container\">\n\t\t\t\t\t\t\t\t\t\t\t\t\t\t\t<img decoding=\"async\" src=\"https:\/\/easyfairsassets.com\/sites\/181\/elementor\/thumbs\/Waste-Water-qh4pkukija0a86p4pu28qha8kebhju6d4yqpz97fso.jpg\" title=\"Waste-Water.jpg\" alt=\"Waste-Water.jpg\" loading=\"lazy\" \/>\t\t\t\t\t\t\t\t\t\t\t\t\t\t\t<\/div>\n\t\t\t\t<\/div>\n\t\t\t\t<\/div>\n\t\t<div class=\"elementor-element elementor-element-4f955d0 e-con-full skewed-box e-flex e-con e-child\" data-id=\"4f955d0\" data-element_type=\"container\" data-settings=\"{&quot;background_background&quot;:&quot;classic&quot;}\">\n\t\t\t\t<div class=\"elementor-element elementor-element-89f40b0 elementor-widget__width-inherit elementor-widget elementor-widget-heading\" data-id=\"89f40b0\" data-element_type=\"widget\" data-widget_type=\"heading.default\">\n\t\t\t\t<div class=\"elementor-widget-container\">\n\t\t\t\t\t<h2 class=\"elementor-heading-title elementor-size-default\">Metaal<\/h2>\t\t\t\t<\/div>\n\t\t\t\t<\/div>\n\t\t\t\t<div class=\"elementor-element elementor-element-03c7d18 elementor-widget elementor-widget-image\" data-id=\"03c7d18\" data-element_type=\"widget\" data-widget_type=\"image.default\">\n\t\t\t\t<div class=\"elementor-widget-container\">\n\t\t\t\t\t\t\t\t\t\t\t\t\t\t\t<img decoding=\"async\" src=\"https:\/\/easyfairsassets.com\/sites\/181\/elementor\/thumbs\/Metal-Production-qh4pkvicq41kjsnrkcgvaz1p5s6urja3h3e7gj61mg.jpg\" title=\"Metal-Production.jpg\" alt=\"Metal-Production.jpg\" loading=\"lazy\" \/>\t\t\t\t\t\t\t\t\t\t\t\t\t\t\t<\/div>\n\t\t\t\t<\/div>\n\t\t\t\t<\/div>\n\t\t<div class=\"elementor-element elementor-element-58bf4b3 e-con-full skewed-box e-flex e-con e-child\" data-id=\"58bf4b3\" data-element_type=\"container\" data-settings=\"{&quot;background_background&quot;:&quot;classic&quot;}\">\n\t\t\t\t<div class=\"elementor-element elementor-element-5813ebd elementor-widget__width-inherit elementor-widget elementor-widget-heading\" data-id=\"5813ebd\" data-element_type=\"widget\" data-widget_type=\"heading.default\">\n\t\t\t\t<div class=\"elementor-widget-container\">\n\t\t\t\t\t<h2 class=\"elementor-heading-title elementor-size-default\">Maritiem<\/h2>\t\t\t\t<\/div>\n\t\t\t\t<\/div>\n\t\t\t\t<div class=\"elementor-element elementor-element-3f5b9bd elementor-widget elementor-widget-image\" data-id=\"3f5b9bd\" data-element_type=\"widget\" data-widget_type=\"image.default\">\n\t\t\t\t<div class=\"elementor-widget-container\">\n\t\t\t\t\t\t\t\t\t\t\t\t\t\t\t<img decoding=\"async\" src=\"https:\/\/easyfairsassets.com\/sites\/181\/elementor\/thumbs\/Maritime-qh4pkybvam5fimjo3vor0gc2xxsyemlahhcnwd1v3s.jpg\" title=\"Maritime.jpg\" alt=\"Maritime.jpg\" loading=\"lazy\" \/>\t\t\t\t\t\t\t\t\t\t\t\t\t\t\t<\/div>\n\t\t\t\t<\/div>\n\t\t\t\t<\/div>\n\t\t<div class=\"elementor-element elementor-element-b830281 e-con-full skewed-box e-flex e-con e-child\" data-id=\"b830281\" data-element_type=\"container\" data-settings=\"{&quot;background_background&quot;:&quot;classic&quot;}\">\n\t\t\t\t<div class=\"elementor-element elementor-element-b342f25 elementor-widget__width-inherit elementor-widget elementor-widget-heading\" data-id=\"b342f25\" data-element_type=\"widget\" data-widget_type=\"heading.default\">\n\t\t\t\t<div class=\"elementor-widget-container\">\n\t\t\t\t\t<h2 class=\"elementor-heading-title elementor-size-default\">Mijnbouw &amp; extractie<\/h2>\t\t\t\t<\/div>\n\t\t\t\t<\/div>\n\t\t\t\t<div class=\"elementor-element elementor-element-0f1ff80 elementor-widget elementor-widget-image\" data-id=\"0f1ff80\" data-element_type=\"widget\" data-widget_type=\"image.default\">\n\t\t\t\t<div class=\"elementor-widget-container\">\n\t\t\t\t\t\t\t\t\t\t\t\t\t\t\t<img decoding=\"async\" src=\"https:\/\/easyfairsassets.com\/sites\/181\/elementor\/thumbs\/Mining-Extraction-qh4pl15dv49ahgfknewmpxmgq3f21pwhhvb4c6xol4.jpg\" title=\"Mining-Extraction.jpg\" alt=\"Mining-Extraction.jpg\" loading=\"lazy\" \/>\t\t\t\t\t\t\t\t\t\t\t\t\t\t\t<\/div>\n\t\t\t\t<\/div>\n\t\t\t\t<\/div>\n\t\t<div class=\"elementor-element elementor-element-ea2a198 e-con-full skewed-box e-flex e-con e-child\" data-id=\"ea2a198\" data-element_type=\"container\" data-settings=\"{&quot;background_background&quot;:&quot;classic&quot;}\">\n\t\t\t\t<div class=\"elementor-element elementor-element-6e09061 elementor-widget__width-inherit elementor-widget elementor-widget-heading\" data-id=\"6e09061\" data-element_type=\"widget\" data-widget_type=\"heading.default\">\n\t\t\t\t<div class=\"elementor-widget-container\">\n\t\t\t\t\t<h2 class=\"elementor-heading-title elementor-size-default\">Papier<\/h2>\t\t\t\t<\/div>\n\t\t\t\t<\/div>\n\t\t\t\t<div class=\"elementor-element elementor-element-4c772f9 elementor-widget elementor-widget-image\" data-id=\"4c772f9\" data-element_type=\"widget\" data-widget_type=\"image.default\">\n\t\t\t\t<div class=\"elementor-widget-container\">\n\t\t\t\t\t\t\t\t\t\t\t\t\t\t\t<img decoding=\"async\" src=\"https:\/\/easyfairsassets.com\/sites\/181\/elementor\/thumbs\/Paper-qh4pl3128sbv4ocucfpvux5dwv5sh43y64m3aquw8o.jpg\" title=\"Paper.jpg\" alt=\"Paper.jpg\" loading=\"lazy\" \/>\t\t\t\t\t\t\t\t\t\t\t\t\t\t\t<\/div>\n\t\t\t\t<\/div>\n\t\t\t\t<\/div>\n\t\t<div class=\"elementor-element elementor-element-cd79e30 e-con-full skewed-box e-flex e-con e-child\" data-id=\"cd79e30\" data-element_type=\"container\" data-settings=\"{&quot;background_background&quot;:&quot;classic&quot;}\">\n\t\t\t\t<div class=\"elementor-element elementor-element-3af8a5c elementor-widget__width-inherit elementor-widget elementor-widget-heading\" data-id=\"3af8a5c\" data-element_type=\"widget\" data-widget_type=\"heading.default\">\n\t\t\t\t<div class=\"elementor-widget-container\">\n\t\t\t\t\t<h2 class=\"elementor-heading-title elementor-size-default\">Cosmetica<\/h2>\t\t\t\t<\/div>\n\t\t\t\t<\/div>\n\t\t\t\t<div class=\"elementor-element elementor-element-d9234a5 elementor-widget elementor-widget-image\" data-id=\"d9234a5\" data-element_type=\"widget\" data-widget_type=\"image.default\">\n\t\t\t\t<div class=\"elementor-widget-container\">\n\t\t\t\t\t\t\t\t\t\t\t\t\t\t\t<img decoding=\"async\" src=\"https:\/\/easyfairsassets.com\/sites\/181\/elementor\/thumbs\/Paper-qh4pl3128sbv4ocucfpvux5dwv5sh43y64m3aquw8o.jpg\" title=\"Paper.jpg\" alt=\"Paper.jpg\" loading=\"lazy\" \/>\t\t\t\t\t\t\t\t\t\t\t\t\t\t\t<\/div>\n\t\t\t\t<\/div>\n\t\t\t\t<\/div>\n\t\t\t\t\t<\/div>\n\t\t\t\t<\/div>\n\t\t<div class=\"elementor-element elementor-element-8f3d416 e-flex e-con-boxed e-con e-parent\" data-id=\"8f3d416\" data-element_type=\"container\" data-settings=\"{&quot;background_background&quot;:&quot;classic&quot;,&quot;shape_divider_top&quot;:&quot;curve&quot;,&quot;shape_divider_top_negative&quot;:&quot;yes&quot;,&quot;shape_divider_bottom&quot;:&quot;curve&quot;,&quot;shape_divider_bottom_negative&quot;:&quot;yes&quot;}\">\n\t\t\t\t\t<div class=\"e-con-inner\">\n\t\t\t\t<div class=\"elementor-shape elementor-shape-top\" aria-hidden=\"true\" data-negative=\"true\">\n\t\t\t<svg xmlns=\"http:\/\/www.w3.org\/2000\/svg\" viewBox=\"0 0 1000 100\" preserveAspectRatio=\"none\">\n\t<path class=\"elementor-shape-fill\" d=\"M500,97C126.7,96.3,0.8,19.8,0,0v100l1000,0V1C1000,19.4,873.3,97.8,500,97z\"\/>\n<\/svg>\t\t<\/div>\n\t\t\t\t<div class=\"elementor-shape elementor-shape-bottom\" aria-hidden=\"true\" data-negative=\"true\">\n\t\t\t<svg xmlns=\"http:\/\/www.w3.org\/2000\/svg\" viewBox=\"0 0 1000 100\" preserveAspectRatio=\"none\">\n\t<path class=\"elementor-shape-fill\" d=\"M500,97C126.7,96.3,0.8,19.8,0,0v100l1000,0V1C1000,19.4,873.3,97.8,500,97z\"\/>\n<\/svg>\t\t<\/div>\n\t\t<div class=\"elementor-element elementor-element-73fe134 e-con-full skewed-box e-flex e-con e-child\" data-id=\"73fe134\" data-element_type=\"container\" data-settings=\"{&quot;background_background&quot;:&quot;classic&quot;}\">\n\t\t\t\t<div class=\"elementor-element elementor-element-058967f elementor-widget elementor-widget-text-editor\" data-id=\"058967f\" data-element_type=\"widget\" data-widget_type=\"text-editor.default\">\n\t\t\t\t<div class=\"elementor-widget-container\">\n\t\t\t\t\t\t\t\t\t<p>\u00ab\u00a0En une seule journ\u00e9e, vous \u00eates de nouveau \u00e0 jour sur les nouvelles tendances et \u00e9quipements.\u00a0\u00bb<\/p>\n\t\t\t\t\t\t\t\t<\/div>\n\t\t\t\t<\/div>\n\t\t\t\t<div class=\"elementor-element elementor-element-f3a3950 elementor-widget elementor-widget-text-editor\" data-id=\"f3a3950\" data-element_type=\"widget\" data-widget_type=\"text-editor.default\">\n\t\t\t\t<div class=\"elementor-widget-container\">\n\t\t\t\t\t\t\t\t\t<p>Ivo Maes \u2013 Chef de projet, AVEVE Veevoeding<\/p>\n\t\t\t\t\t\t\t\t<\/div>\n\t\t\t\t<\/div>\n\t\t\t\t<\/div>\n\t\t<div class=\"elementor-element elementor-element-cdf09e7 e-con-full skewed-box e-flex e-con e-child\" data-id=\"cdf09e7\" data-element_type=\"container\" data-settings=\"{&quot;background_background&quot;:&quot;classic&quot;}\">\n\t\t\t\t<div class=\"elementor-element elementor-element-a448533 elementor-widget elementor-widget-text-editor\" data-id=\"a448533\" data-element_type=\"widget\" data-widget_type=\"text-editor.default\">\n\t\t\t\t<div class=\"elementor-widget-container\">\n\t\t\t\t\t\t\t\t\t<p>\u00ab\u00a0Maintenance en Pump &amp; Valves is like a box of chocolates&#8230; une offre joliment diversifi\u00e9e\u00a0\u00bb<\/p>\n\t\t\t\t\t\t\t\t<\/div>\n\t\t\t\t<\/div>\n\t\t\t\t<div class=\"elementor-element elementor-element-26fc4e9 elementor-widget elementor-widget-text-editor\" data-id=\"26fc4e9\" data-element_type=\"widget\" data-widget_type=\"text-editor.default\">\n\t\t\t\t<div class=\"elementor-widget-container\">\n\t\t\t\t\t\t\t\t\t<p>Marc De Locht \u2013 Conseiller en pr\u00e9vention, BASF<\/p>\n\t\t\t\t\t\t\t\t<\/div>\n\t\t\t\t<\/div>\n\t\t\t\t<\/div>\n\t\t<div class=\"elementor-element elementor-element-0f465b1 e-con-full skewed-box e-flex e-con e-child\" data-id=\"0f465b1\" data-element_type=\"container\" data-settings=\"{&quot;background_background&quot;:&quot;classic&quot;}\">\n\t\t\t\t<div class=\"elementor-element elementor-element-2706ec1 elementor-widget elementor-widget-text-editor\" data-id=\"2706ec1\" data-element_type=\"widget\" data-widget_type=\"text-editor.default\">\n\t\t\t\t<div class=\"elementor-widget-container\">\n\t\t\t\t\t\t\t\t\t<p>\u00ab\u00a0Un salon bien organis\u00e9 o\u00f9 l\u2019on ne se perd pas parmi un trop grand nombre d\u2019exposants\u00a0\u00bb<\/p>\n\t\t\t\t\t\t\t\t<\/div>\n\t\t\t\t<\/div>\n\t\t\t\t<div class=\"elementor-element elementor-element-cda95fc elementor-widget elementor-widget-text-editor\" data-id=\"cda95fc\" data-element_type=\"widget\" data-widget_type=\"text-editor.default\">\n\t\t\t\t<div class=\"elementor-widget-container\">\n\t\t\t\t\t\t\t\t\t<p>Freddy Rogiers &#8211; Industrial designer, Umicore<\/p>\n\t\t\t\t\t\t\t\t<\/div>\n\t\t\t\t<\/div>\n\t\t\t\t<\/div>\n\t\t\t\t\t<\/div>\n\t\t\t\t<\/div>\n\t\t\t\t<\/div>\n\t\t","protected":false},"excerpt":{"rendered":"<p>Qui est le visiteur de Pumps &amp; Valves ? Pumps &amp; Valves est le moment id\u00e9al pour toutes les entreprises offrant des solutions pour le traitement des liquides et des gaz, afin de se rencontrer, de r\u00e9seauter, d\u2019apprendre, de s\u2019inspirer et de d\u00e9couvrir des innovations. Les visiteurs de Pumps &amp; Valves sont un m\u00e9lange de [&hellip;]<\/p>\n","protected":false},"author":933,"featured_media":0,"parent":4452,"menu_order":0,"comment_status":"closed","ping_status":"closed","template":"","meta":{"_seopress_robots_primary_cat":"","_seopress_titles_title":"Qui visite Pumps & Valves ","_seopress_titles_desc":"Ing\u00e9nieurs d'exploitation, techniciens de maintenance, directeurs de si\u00e8ge, directeurs des ventes et du marketing, directeurs techniques, assistants techniques, directeurs des achats et des achats, PDG.","_seopress_robots_index":"","footnotes":""},"class_list":["post-4456","page","type-page","status-publish","hentry"],"_links":{"self":[{"href":"https:\/\/www.pumps-valves-expo.be\/fr\/wp-json\/wp\/v2\/pages\/4456","targetHints":{"allow":["GET"]}}],"collection":[{"href":"https:\/\/www.pumps-valves-expo.be\/fr\/wp-json\/wp\/v2\/pages"}],"about":[{"href":"https:\/\/www.pumps-valves-expo.be\/fr\/wp-json\/wp\/v2\/types\/page"}],"author":[{"embeddable":true,"href":"https:\/\/www.pumps-valves-expo.be\/fr\/wp-json\/wp\/v2\/users\/933"}],"replies":[{"embeddable":true,"href":"https:\/\/www.pumps-valves-expo.be\/fr\/wp-json\/wp\/v2\/comments?post=4456"}],"version-history":[{"count":5,"href":"https:\/\/www.pumps-valves-expo.be\/fr\/wp-json\/wp\/v2\/pages\/4456\/revisions"}],"predecessor-version":[{"id":154466,"href":"https:\/\/www.pumps-valves-expo.be\/fr\/wp-json\/wp\/v2\/pages\/4456\/revisions\/154466"}],"up":[{"embeddable":true,"href":"https:\/\/www.pumps-valves-expo.be\/fr\/wp-json\/wp\/v2\/pages\/4452"}],"wp:attachment":[{"href":"https:\/\/www.pumps-valves-expo.be\/fr\/wp-json\/wp\/v2\/media?parent=4456"}],"curies":[{"name":"wp","href":"https:\/\/api.w.org\/{rel}","templated":true}]}}