{"id":161898,"date":"2026-03-16T20:19:17","date_gmt":"2026-03-16T19:19:17","guid":{"rendered":"https:\/\/www.pumps-valves-expo.be\/wie-bezoekt\/"},"modified":"2026-03-23T15:26:42","modified_gmt":"2026-03-23T14:26:42","slug":"wie-bezoekt","status":"publish","type":"page","link":"https:\/\/www.pumps-valves-expo.be\/fr\/wie-bezoekt\/","title":{"rendered":"Wie bezoekt"},"content":{"rendered":"\t\t<div data-elementor-type=\"wp-page\" data-elementor-id=\"161898\" class=\"elementor elementor-161898 elementor-161852\" data-elementor-post-type=\"page\">\n\t\t\t\t<div class=\"elementor-element elementor-element-868ccad e-flex e-con-boxed e-con e-parent\" data-id=\"868ccad\" data-element_type=\"container\" data-settings=\"{&quot;background_background&quot;:&quot;classic&quot;}\">\n\t\t\t\t\t<div class=\"e-con-inner\">\n\t\t\t\t<div class=\"elementor-element elementor-element-a95a96f elementor-widget elementor-widget-heading\" data-id=\"a95a96f\" data-element_type=\"widget\" data-widget_type=\"heading.default\">\n\t\t\t\t<div class=\"elementor-widget-container\">\n\t\t\t\t\t<h2 class=\"elementor-heading-title elementor-size-default\">Vous souhaitez savoir quels professionnels ne manqueront pas de se rendre au salon Pumps &amp; Valves ?<\/h2>\t\t\t\t<\/div>\n\t\t\t\t<\/div>\n\t\t\t\t<div class=\"elementor-element elementor-element-eff8f96 elementor-widget elementor-widget-spacer\" data-id=\"eff8f96\" data-element_type=\"widget\" data-widget_type=\"spacer.default\">\n\t\t\t\t<div class=\"elementor-widget-container\">\n\t\t\t\t\t\t\t<div class=\"elementor-spacer\">\n\t\t\t<div class=\"elementor-spacer-inner\"><\/div>\n\t\t<\/div>\n\t\t\t\t\t\t<\/div>\n\t\t\t\t<\/div>\n\t\t\t\t\t<\/div>\n\t\t\t\t<\/div>\n\t\t<div class=\"elementor-element elementor-element-0743dfc e-flex e-con-boxed e-con e-parent\" data-id=\"0743dfc\" data-element_type=\"container\" data-settings=\"{&quot;background_background&quot;:&quot;classic&quot;}\">\n\t\t\t\t\t<div class=\"e-con-inner\">\n\t\t<div class=\"elementor-element elementor-element-3c27e5b e-con-full e-flex e-con e-child\" data-id=\"3c27e5b\" data-element_type=\"container\" data-settings=\"{&quot;background_background&quot;:&quot;classic&quot;}\">\n\t\t<div class=\"elementor-element elementor-element-1c61fa3 e-con-full e-flex e-con e-child\" data-id=\"1c61fa3\" data-element_type=\"container\" data-settings=\"{&quot;background_background&quot;:&quot;classic&quot;}\">\n\t\t<div class=\"elementor-element elementor-element-6f1222e e-flex e-con-boxed e-con e-child\" data-id=\"6f1222e\" data-element_type=\"container\">\n\t\t\t\t\t<div class=\"e-con-inner\">\n\t\t<div class=\"elementor-element elementor-element-d8b5f03 e-flex e-con-boxed e-con e-child\" data-id=\"d8b5f03\" data-element_type=\"container\">\n\t\t\t\t\t<div class=\"e-con-inner\">\n\t\t\t\t<div class=\"elementor-element elementor-element-69ca240 elementor-widget elementor-widget-image\" data-id=\"69ca240\" data-element_type=\"widget\" data-widget_type=\"image.default\">\n\t\t\t\t<div class=\"elementor-widget-container\">\n\t\t\t\t\t\t\t\t\t\t\t\t\t\t\t<img decoding=\"async\" width=\"150\" height=\"150\" src=\"https:\/\/easyfairsassets.com\/sites\/181\/2026\/03\/Noord-Natie-1-150x150.png\" class=\"attachment-thumbnail size-thumbnail wp-image-161858\" alt=\"\" srcset=\"https:\/\/easyfairsassets.com\/sites\/181\/2026\/03\/Noord-Natie-1-150x150.png 150w, https:\/\/easyfairsassets.com\/sites\/181\/2026\/03\/Noord-Natie-1-300x300.png 300w, https:\/\/easyfairsassets.com\/sites\/181\/2026\/03\/Noord-Natie-1.png 560w\" sizes=\"(max-width: 150px) 100vw, 150px\" \/>\t\t\t\t\t\t\t\t\t\t\t\t\t\t\t<\/div>\n\t\t\t\t<\/div>\n\t\t\t\t\t<\/div>\n\t\t\t\t<\/div>\n\t\t<div class=\"elementor-element elementor-element-299ce2b e-flex e-con-boxed e-con e-child\" data-id=\"299ce2b\" data-element_type=\"container\">\n\t\t\t\t\t<div class=\"e-con-inner\">\n\t\t\t\t<div class=\"elementor-element elementor-element-e3f8165 elementor-widget elementor-widget-text-editor\" data-id=\"e3f8165\" data-element_type=\"widget\" data-widget_type=\"text-editor.default\">\n\t\t\t\t<div class=\"elementor-widget-container\">\n\t\t\t\t\t\t\t\t\t<h3><strong>Sven Van Assche<\/strong><\/h3>\n<p>Responsable du terminal, Nord Natie Odfjell Antwerp Terminal<\/p>\n\t\t\t\t\t\t\t\t<\/div>\n\t\t\t\t<\/div>\n\t\t\t\t\t<\/div>\n\t\t\t\t<\/div>\n\t\t<div class=\"elementor-element elementor-element-7daf147 e-flex e-con-boxed e-con e-child\" data-id=\"7daf147\" data-element_type=\"container\">\n\t\t\t\t\t<div class=\"e-con-inner\">\n\t\t\t\t<div class=\"elementor-element elementor-element-74a66a3 elementor-widget__width-initial elementor-widget elementor-widget-image\" data-id=\"74a66a3\" data-element_type=\"widget\" data-widget_type=\"image.default\">\n\t\t\t\t<div class=\"elementor-widget-container\">\n\t\t\t\t\t\t\t\t\t\t\t\t\t\t\t<img decoding=\"async\" src=\"https:\/\/easyfairsassets.com\/sites\/181\/elementor\/thumbs\/2-rklsvcm8zrcw5ws57m67to46p5nf3jslzz93iipzgw.png\" title=\"2.png\" alt=\"2.png\" loading=\"lazy\" \/>\t\t\t\t\t\t\t\t\t\t\t\t\t\t\t<\/div>\n\t\t\t\t<\/div>\n\t\t\t\t\t<\/div>\n\t\t\t\t<\/div>\n\t\t\t\t\t<\/div>\n\t\t\t\t<\/div>\n\t\t\t\t<div class=\"elementor-element elementor-element-368c358 elementor-widget elementor-widget-text-editor\" data-id=\"368c358\" data-element_type=\"widget\" data-widget_type=\"text-editor.default\">\n\t\t\t\t<div class=\"elementor-widget-container\">\n\t\t\t\t\t\t\t\t\t<p>La continuit\u00e9 de la production est ma principale pr\u00e9occupation. Le fonctionnement continu et l&rsquo;optimisation de nos installations et de nos syst\u00e8mes d&rsquo;automatisation en font partie int\u00e9grante. L&rsquo;utilisation de pompes, de vannes, de joints, de tuyauteries, d&rsquo;accessoires et d&rsquo;autres \u00e9quipements de process fiables est donc essentielle pour assurer la continuit\u00e9 de nos op\u00e9rations. Une visite au salon Pumps &amp; Valves and Maintenance est donc tr\u00e8s utile, non seulement pour rencontrer des fournisseurs existants ou nouveaux, mais surtout pour d\u00e9couvrir de nouvelles technologies qui peuvent aider Noord Natie \u00e0 optimiser encore davantage ses activit\u00e9s.<\/p>\n<p>&nbsp;<\/p>\n\t\t\t\t\t\t\t\t<\/div>\n\t\t\t\t<\/div>\n\t\t\t\t<\/div>\n\t\t\t\t<\/div>\n\t\t\t\t\t<\/div>\n\t\t\t\t<\/div>\n\t\t<div class=\"elementor-element elementor-element-d78e1c6 e-flex e-con-boxed e-con e-parent\" data-id=\"d78e1c6\" data-element_type=\"container\">\n\t\t\t\t\t<div class=\"e-con-inner\">\n\t\t<div class=\"elementor-element elementor-element-04d395c e-con-full e-flex e-con e-child\" data-id=\"04d395c\" data-element_type=\"container\" data-settings=\"{&quot;background_background&quot;:&quot;classic&quot;}\">\n\t\t<div class=\"elementor-element elementor-element-d8bddc9 e-con-full e-flex e-con e-child\" data-id=\"d8bddc9\" data-element_type=\"container\" data-settings=\"{&quot;background_background&quot;:&quot;classic&quot;}\">\n\t\t<div class=\"elementor-element elementor-element-2e4071a e-con-full e-flex e-con e-child\" data-id=\"2e4071a\" data-element_type=\"container\">\n\t\t<div class=\"elementor-element elementor-element-67a3c48 e-flex e-con-boxed e-con e-child\" data-id=\"67a3c48\" data-element_type=\"container\">\n\t\t\t\t\t<div class=\"e-con-inner\">\n\t\t<div class=\"elementor-element elementor-element-5f2439e e-flex e-con-boxed e-con e-child\" data-id=\"5f2439e\" data-element_type=\"container\">\n\t\t\t\t\t<div class=\"e-con-inner\">\n\t\t\t\t<div class=\"elementor-element elementor-element-d3efbcc elementor-widget elementor-widget-image\" data-id=\"d3efbcc\" data-element_type=\"widget\" data-widget_type=\"image.default\">\n\t\t\t\t<div class=\"elementor-widget-container\">\n\t\t\t\t\t\t\t\t\t\t\t\t\t\t\t<img decoding=\"async\" src=\"https:\/\/easyfairsassets.com\/sites\/181\/elementor\/thumbs\/PVA26-Visual-App-300-x-300-px-15-rklt03ovjlv2uxvngo4bfgy2ta880gnrbhzguvoc0g.png\" title=\"PVA26-Visual-App-300-x-300-px-15.png\" alt=\"PVA26-Visual-App-300-x-300-px-15.png\" loading=\"lazy\" \/>\t\t\t\t\t\t\t\t\t\t\t\t\t\t\t<\/div>\n\t\t\t\t<\/div>\n\t\t\t\t\t<\/div>\n\t\t\t\t<\/div>\n\t\t<div class=\"elementor-element elementor-element-e74a0ae e-flex e-con-boxed e-con e-child\" data-id=\"e74a0ae\" data-element_type=\"container\">\n\t\t\t\t\t<div class=\"e-con-inner\">\n\t\t\t\t<div class=\"elementor-element elementor-element-2bd85de elementor-widget elementor-widget-text-editor\" data-id=\"2bd85de\" data-element_type=\"widget\" data-widget_type=\"text-editor.default\">\n\t\t\t\t<div class=\"elementor-widget-container\">\n\t\t\t\t\t\t\t\t\t<h3 style=\"text-align: left;\">Hans Musters<\/h3>\n<p><\/p>\n<p style=\"text-align: left;\">Responsable du d\u00e9veloppement commercial chez ACTA<\/p>\n\t\t\t\t\t\t\t\t<\/div>\n\t\t\t\t<\/div>\n\t\t\t\t\t<\/div>\n\t\t\t\t<\/div>\n\t\t<div class=\"elementor-element elementor-element-f15f451 e-flex e-con-boxed e-con e-child\" data-id=\"f15f451\" data-element_type=\"container\">\n\t\t\t\t\t<div class=\"e-con-inner\">\n\t\t\t\t<div class=\"elementor-element elementor-element-84f9438 elementor-widget elementor-widget-image\" data-id=\"84f9438\" data-element_type=\"widget\" data-widget_type=\"image.default\">\n\t\t\t\t<div class=\"elementor-widget-container\">\n\t\t\t\t\t\t\t\t\t\t\t\t\t\t\t<img decoding=\"async\" width=\"300\" height=\"123\" src=\"https:\/\/easyfairsassets.com\/sites\/181\/2026\/03\/ACTA-logo-300x123-1.jpg\" class=\"attachment-large size-large wp-image-161867\" alt=\"\" \/>\t\t\t\t\t\t\t\t\t\t\t\t\t\t\t<\/div>\n\t\t\t\t<\/div>\n\t\t\t\t\t<\/div>\n\t\t\t\t<\/div>\n\t\t\t\t\t<\/div>\n\t\t\t\t<\/div>\n\t\t\t\t<div class=\"elementor-element elementor-element-9f11121 elementor-widget elementor-widget-text-editor\" data-id=\"9f11121\" data-element_type=\"widget\" data-widget_type=\"text-editor.default\">\n\t\t\t\t<div class=\"elementor-widget-container\">\n\t\t\t\t\t\t\t\t\t<p>L&rsquo;offre de formation d&rsquo;ACTA s&rsquo;inscrit parfaitement dans le profil th\u00e9matique des salons professionnels Pumps &amp; Valves et Maintenance.\u00a0En tant que sp\u00e9cialiste de la formation et de l&rsquo;automatisation pour l&rsquo;industrie des proc\u00e9d\u00e9s, ACTA se concentre sur la m\u00e9canique, les techniques de mesure et de r\u00e9gulation, l&rsquo;automatisation industrielle, les techniques de proc\u00e9d\u00e9s, la s\u00e9curit\u00e9 et la technologie des pompes.<\/p>\n<p>Opportunit\u00e9s de r\u00e9seautage et liens avec l&rsquo;industrie<br \/>Par ailleurs, ces salons offrent une occasion unique de renforcer les liens avec l&rsquo;industrie. Ils r\u00e9unissent des d\u00e9cideurs, des techniciens, des directeurs d&rsquo;usine et des ing\u00e9nieurs en proc\u00e9d\u00e9s et en automatisation, ce qui permet \u00e0 ACTA d&rsquo;approfondir ses collaborations existantes et de nouer de nouvelles relations avec des entreprises sp\u00e9cialis\u00e9es dans les proc\u00e9d\u00e9s.<\/p>\n<p>&nbsp;<\/p>\n\t\t\t\t\t\t\t\t<\/div>\n\t\t\t\t<\/div>\n\t\t\t\t<\/div>\n\t\t\t\t<\/div>\n\t\t\t\t<\/div>\n\t\t\t\t\t<\/div>\n\t\t\t\t<\/div>\n\t\t<div class=\"elementor-element elementor-element-761c7ff e-flex e-con-boxed e-con e-parent\" data-id=\"761c7ff\" data-element_type=\"container\" data-settings=\"{&quot;background_background&quot;:&quot;classic&quot;}\">\n\t\t\t\t\t<div class=\"e-con-inner\">\n\t\t<div class=\"elementor-element elementor-element-df4910f e-con-full e-flex e-con e-child\" data-id=\"df4910f\" data-element_type=\"container\" data-settings=\"{&quot;background_background&quot;:&quot;classic&quot;}\">\n\t\t<div class=\"elementor-element elementor-element-7dac685 e-con-full e-flex e-con e-child\" data-id=\"7dac685\" data-element_type=\"container\" data-settings=\"{&quot;background_background&quot;:&quot;classic&quot;}\">\n\t\t<div class=\"elementor-element elementor-element-f431516 e-flex e-con-boxed e-con e-child\" data-id=\"f431516\" data-element_type=\"container\">\n\t\t\t\t\t<div class=\"e-con-inner\">\n\t\t<div class=\"elementor-element elementor-element-b6a0d77 e-flex e-con-boxed e-con e-child\" data-id=\"b6a0d77\" data-element_type=\"container\">\n\t\t\t\t\t<div class=\"e-con-inner\">\n\t\t\t\t<div class=\"elementor-element elementor-element-169b7d1 elementor-widget elementor-widget-image\" data-id=\"169b7d1\" data-element_type=\"widget\" data-widget_type=\"image.default\">\n\t\t\t\t<div class=\"elementor-widget-container\">\n\t\t\t\t\t\t\t\t\t\t\t\t\t\t\t<img decoding=\"async\" src=\"https:\/\/easyfairsassets.com\/sites\/181\/elementor\/thumbs\/PVA26-Visual-App-300-x-300-px-17-rklt0iqakyfo0p9t0umcjd5gbg63fmbgpkf8jb218w.png\" title=\"PVA26-Visual-App-300-x-300-px-17.png\" alt=\"PVA26-Visual-App-300-x-300-px-17.png\" loading=\"lazy\" \/>\t\t\t\t\t\t\t\t\t\t\t\t\t\t\t<\/div>\n\t\t\t\t<\/div>\n\t\t\t\t\t<\/div>\n\t\t\t\t<\/div>\n\t\t<div class=\"elementor-element elementor-element-6632580 e-flex e-con-boxed e-con e-child\" data-id=\"6632580\" data-element_type=\"container\">\n\t\t\t\t\t<div class=\"e-con-inner\">\n\t\t\t\t<div class=\"elementor-element elementor-element-74b2ed5 elementor-widget elementor-widget-text-editor\" data-id=\"74b2ed5\" data-element_type=\"widget\" data-widget_type=\"text-editor.default\">\n\t\t\t\t<div class=\"elementor-widget-container\">\n\t\t\t\t\t\t\t\t\t<h3>Wim Vancauwenberghe<\/h3>\n<p>Titulaire d&rsquo;un master en g\u00e9nie industriel et directeur de BEMAS depuis 2000<\/p>\n\t\t\t\t\t\t\t\t<\/div>\n\t\t\t\t<\/div>\n\t\t\t\t\t<\/div>\n\t\t\t\t<\/div>\n\t\t<div class=\"elementor-element elementor-element-c606be6 e-flex e-con-boxed e-con e-child\" data-id=\"c606be6\" data-element_type=\"container\">\n\t\t\t\t\t<div class=\"e-con-inner\">\n\t\t\t\t<div class=\"elementor-element elementor-element-cd9802f elementor-widget elementor-widget-image\" data-id=\"cd9802f\" data-element_type=\"widget\" data-widget_type=\"image.default\">\n\t\t\t\t<div class=\"elementor-widget-container\">\n\t\t\t\t\t\t\t\t\t\t\t\t\t\t\t<img decoding=\"async\" width=\"434\" height=\"114\" src=\"https:\/\/easyfairsassets.com\/sites\/181\/2026\/03\/BEMAS-Logo-met-baseline-asset-performance.png\" class=\"attachment-large size-large wp-image-161873\" alt=\"\" srcset=\"https:\/\/easyfairsassets.com\/sites\/181\/2026\/03\/BEMAS-Logo-met-baseline-asset-performance.png 434w, https:\/\/easyfairsassets.com\/sites\/181\/2026\/03\/BEMAS-Logo-met-baseline-asset-performance-300x79.png 300w\" sizes=\"(max-width: 434px) 100vw, 434px\" \/>\t\t\t\t\t\t\t\t\t\t\t\t\t\t\t<\/div>\n\t\t\t\t<\/div>\n\t\t\t\t\t<\/div>\n\t\t\t\t<\/div>\n\t\t\t\t\t<\/div>\n\t\t\t\t<\/div>\n\t\t\t\t<div class=\"elementor-element elementor-element-5811b4a elementor-widget elementor-widget-text-editor\" data-id=\"5811b4a\" data-element_type=\"widget\" data-widget_type=\"text-editor.default\">\n\t\t\t\t<div class=\"elementor-widget-container\">\n\t\t\t\t\t\t\t\t\t<p><span data-contrast=\"none\">En tant qu&rsquo;organisme ind\u00e9pendant sp\u00e9cialis\u00e9 dans le savoir-faire, BEMAS repr\u00e9sente un vaste r\u00e9seau d&rsquo;experts techniques, de responsables de maintenance et d&rsquo;entreprises industrielles. Ces groupes cibles constituent \u00e9galement une part importante des visiteurs et des exposants du salon Maintenance \u00e0 Antwerp Expo.<\/span><span data-ccp-props=\"{&quot;134233117&quot;:false,&quot;134233118&quot;:false,&quot;335557856&quot;:16777215,&quot;335559738&quot;:225,&quot;335559739&quot;:225}\">\u00a0<\/span><\/p>\n<p><span data-contrast=\"none\">La mission de BEMAS est de professionnaliser davantage la maintenance et la gestion des actifs, et de leur donner une dimension strat\u00e9gique au sein de l&rsquo;industrie. Le salon professionnel Maintenance s&rsquo;inscrit parfaitement dans cette d\u00e9marche en mettant l&rsquo;accent sur l&rsquo;innovation, la technologie et les solutions d&rsquo;avenir pour les environnements de maintenance industrielle.<\/span><span data-ccp-props=\"{&quot;134233117&quot;:false,&quot;134233118&quot;:false,&quot;335557856&quot;:16777215,&quot;335559738&quot;:225,&quot;335559739&quot;:225}\">\u00a0<\/span><\/p>\n<p><span data-contrast=\"none\">En collaboration avec Maintenance, BEMAS organise \u00e9galement des masterclasses techniques sur des th\u00e8mes d&rsquo;actualit\u00e9. Avec des initiatives telles que le\u00a0<\/span><b><span data-contrast=\"none\">BEMAS Digital\u00a0Innovation\u00a0Award<\/span><\/b><span data-contrast=\"none\">\u00a0et le prix\u00a0 <\/span><b><span data-contrast=\"none\">Technical Team of\u00a0the\u00a0Year<\/span><\/b><span data-contrast=\"none\">\u00a0BEMAS met ainsi en avant le secteur de la maintenance et ses nombreux techniciens et responsables de maintenance engag\u00e9s.<\/span><span data-ccp-props=\"{&quot;134233117&quot;:false,&quot;134233118&quot;:false,&quot;335557856&quot;:16777215,&quot;335559738&quot;:225,&quot;335559739&quot;:225}\">\u00a0<\/span><\/p>\n<p>&nbsp;<\/p>\n\t\t\t\t\t\t\t\t<\/div>\n\t\t\t\t<\/div>\n\t\t\t\t<\/div>\n\t\t\t\t<\/div>\n\t\t\t\t\t<\/div>\n\t\t\t\t<\/div>\n\t\t\t\t<\/div>\n\t\t","protected":false},"excerpt":{"rendered":"<p>Vous souhaitez savoir quels professionnels ne manqueront pas de se rendre au salon Pumps &amp; Valves ? Sven Van Assche Responsable du terminal, Nord Natie Odfjell Antwerp Terminal La continuit\u00e9 de la production est ma principale pr\u00e9occupation. Le fonctionnement continu et l&rsquo;optimisation de nos installations et de nos syst\u00e8mes d&rsquo;automatisation en font partie int\u00e9grante. L&rsquo;utilisation [&hellip;]<\/p>\n","protected":false},"author":1351,"featured_media":0,"parent":0,"menu_order":0,"comment_status":"closed","ping_status":"closed","template":"","meta":{"_seopress_robots_primary_cat":"","_seopress_titles_title":"","_seopress_titles_desc":"","_seopress_robots_index":"","footnotes":""},"class_list":["post-161898","page","type-page","status-publish","hentry"],"_links":{"self":[{"href":"https:\/\/www.pumps-valves-expo.be\/fr\/wp-json\/wp\/v2\/pages\/161898","targetHints":{"allow":["GET"]}}],"collection":[{"href":"https:\/\/www.pumps-valves-expo.be\/fr\/wp-json\/wp\/v2\/pages"}],"about":[{"href":"https:\/\/www.pumps-valves-expo.be\/fr\/wp-json\/wp\/v2\/types\/page"}],"author":[{"embeddable":true,"href":"https:\/\/www.pumps-valves-expo.be\/fr\/wp-json\/wp\/v2\/users\/1351"}],"replies":[{"embeddable":true,"href":"https:\/\/www.pumps-valves-expo.be\/fr\/wp-json\/wp\/v2\/comments?post=161898"}],"version-history":[{"count":2,"href":"https:\/\/www.pumps-valves-expo.be\/fr\/wp-json\/wp\/v2\/pages\/161898\/revisions"}],"predecessor-version":[{"id":162584,"href":"https:\/\/www.pumps-valves-expo.be\/fr\/wp-json\/wp\/v2\/pages\/161898\/revisions\/162584"}],"wp:attachment":[{"href":"https:\/\/www.pumps-valves-expo.be\/fr\/wp-json\/wp\/v2\/media?parent=161898"}],"curies":[{"name":"wp","href":"https:\/\/api.w.org\/{rel}","templated":true}]}}