{"id":158830,"date":"2026-01-20T10:24:30","date_gmt":"2026-01-20T09:24:30","guid":{"rendered":"https:\/\/www.pumps-valves-expo.be\/lp-combi\/"},"modified":"2026-03-23T16:41:05","modified_gmt":"2026-03-23T15:41:05","slug":"lp-combi","status":"publish","type":"page","link":"https:\/\/www.pumps-valves-expo.be\/fr\/lp-combi\/","title":{"rendered":"Mai-pva"},"content":{"rendered":"\t\t<div data-elementor-type=\"wp-page\" data-elementor-id=\"158830\" class=\"elementor elementor-158830 elementor-157150\" data-elementor-post-type=\"page\">\n\t\t\t\t<div class=\"elementor-element elementor-element-844c8c2 e-flex e-con-boxed e-con e-parent\" data-id=\"844c8c2\" data-element_type=\"container\" data-settings=\"{&quot;background_background&quot;:&quot;classic&quot;}\">\n\t\t\t\t\t<div class=\"e-con-inner\">\n\t\t\t\t\t<\/div>\n\t\t\t\t<\/div>\n\t\t<div class=\"elementor-element elementor-element-33910b2 e-flex e-con-boxed e-con e-parent\" data-id=\"33910b2\" data-element_type=\"container\" data-settings=\"{&quot;background_background&quot;:&quot;gradient&quot;}\">\n\t\t\t\t\t<div class=\"e-con-inner\">\n\t\t<div class=\"elementor-element elementor-element-3ff8123 e-con-full e-flex e-con e-child\" data-id=\"3ff8123\" data-element_type=\"container\" data-settings=\"{&quot;background_background&quot;:&quot;classic&quot;}\">\n\t\t\t\t<div class=\"elementor-element elementor-element-b261edd elementor-widget elementor-widget-heading\" data-id=\"b261edd\" data-element_type=\"widget\" data-widget_type=\"heading.default\">\n\t\t\t\t<div class=\"elementor-widget-container\">\n\t\t\t\t\t<h2 class=\"elementor-heading-title elementor-size-default\">Maintenance and Pumps &amp; Valves: the meeting point for industrial professional<\/h2>\t\t\t\t<\/div>\n\t\t\t\t<\/div>\n\t\t<div class=\"elementor-element elementor-element-d9aeb4a e-con-full e-flex e-con e-child\" data-id=\"d9aeb4a\" data-element_type=\"container\">\n\t\t\t\t<div class=\"elementor-element elementor-element-b2a53db elementor-widget elementor-widget-text-editor\" data-id=\"b2a53db\" data-element_type=\"widget\" data-widget_type=\"text-editor.default\">\n\t\t\t\t<div class=\"elementor-widget-container\">\n\t\t\t\t\t\t\t\t\t<p>Les salons <strong data-end=\"108\" data-start=\"93\">Maintenance<\/strong> et <strong data-end=\"130\" data-start=\"112\">Pumps &amp; Valves<\/strong> constituent ensemble le rendez-vous incontournable des professionnels actifs dans les domaines de la <strong>maintenance, des pompes industrielles et des vannes. <\/strong> Ces salons professionnels de premier plan r\u00e9unissent connaissances, innovation et exp\u00e9rience pratique. Les visiteurs y d\u00e9couvrent une <strong>large gamme de solutions pratiques, de nouveaux produits et de technologies intelligentes<\/strong> qui contribuent \u00e0 optimiser les processus et \u00e0 garantir la fiabilit\u00e9 des installations.<\/p>\n<p>En outre, les salons offrent de nombreuses occasions d&rsquo;entrer en contact avec des fournisseurs, des experts et des coll\u00e8gues et de se tenir inform\u00e9 des derni\u00e8res tendances et \u00e9volutions.<\/p>\n\t\t\t\t\t\t\t\t<\/div>\n\t\t\t\t<\/div>\n\t\t\t\t<\/div>\n\t\t\t\t<\/div>\n\t\t\t\t\t<\/div>\n\t\t\t\t<\/div>\n\t\t<div class=\"elementor-element elementor-element-6056729 e-flex e-con-boxed e-con e-parent\" data-id=\"6056729\" data-element_type=\"container\" data-settings=\"{&quot;background_background&quot;:&quot;classic&quot;}\">\n\t\t\t\t\t<div class=\"e-con-inner\">\n\t\t<div class=\"elementor-element elementor-element-49d14e6 e-grid e-con-full e-con e-child\" data-id=\"49d14e6\" data-element_type=\"container\">\n\t\t<div class=\"elementor-element elementor-element-4c0cf46 e-flex e-con-boxed e-con e-child\" data-id=\"4c0cf46\" data-element_type=\"container\" data-settings=\"{&quot;background_background&quot;:&quot;classic&quot;}\">\n\t\t\t\t\t<div class=\"e-con-inner\">\n\t\t\t\t<div class=\"elementor-element elementor-element-80938ef elementor-widget elementor-widget-heading\" data-id=\"80938ef\" data-element_type=\"widget\" data-widget_type=\"heading.default\">\n\t\t\t\t<div class=\"elementor-widget-container\">\n\t\t\t\t\t<h2 class=\"elementor-heading-title elementor-size-default\">Maintenance<\/h2>\t\t\t\t<\/div>\n\t\t\t\t<\/div>\n\t\t\t\t<div class=\"elementor-element elementor-element-37462df elementor-widget elementor-widget-text-editor\" data-id=\"37462df\" data-element_type=\"widget\" data-widget_type=\"text-editor.default\">\n\t\t\t\t<div class=\"elementor-widget-container\">\n\t\t\t\t\t\t\t\t\t<p><strong>Maintenance<\/strong>\u00a0est le\u00a0<strong>plus grand lieu de rencontre d\u00e9di\u00e9 \u00e0 la maintenance ax\u00e9e sur la production<\/strong>\u00a0dans l&rsquo;un des\u00a0<strong>p\u00f4les industriels<\/strong>\u00a0d&rsquo;Europe : Anvers.<br \/>Les fournisseurs de services de maintenance, les fonctions techniques, de supervision et de gestion des industries \u00e0 forte intensit\u00e9 d&rsquo;actifs se r\u00e9unissent pour d\u00e9couvrir des outils et des technologies destin\u00e9s \u00e0 la maintenance et \u00e0 l&rsquo;am\u00e9lioration des \u00e9quipements de production et des actifs industriels, y compris des solutions innovantes pour leur transformation num\u00e9rique.<br \/>Le tout agr\u00e9ment\u00e9 d&rsquo;une touche d&rsquo;\u00a0<strong>innovation, d&rsquo;automatisation et de r\u00e9alit\u00e9 virtuelle.<\/strong><\/p>\n\t\t\t\t\t\t\t\t<\/div>\n\t\t\t\t<\/div>\n\t\t\t\t<div class=\"elementor-element elementor-element-76dfb52 elementor-align-center elementor-mobile-align-right elementor-tablet-align-left elementor-widget__width-auto elementor-widget elementor-widget-dynamic-button\" data-id=\"76dfb52\" data-element_type=\"widget\" data-widget_type=\"dynamic-button.default\">\n\t\t\t\t<div class=\"elementor-widget-container\">\n\t\t\t\t\t        <div class=\"elementor-button-wrapper\">\n            <a href=\"https:\/\/register.visitcloud.com\/survey\/3f9ukwlgdynpy\/register\" class=\"elementor-button-link elementor-button elementor-size-xs\" role=\"button\">\n                        <span class=\"elementor-button-content-wrapper\">\n\t\t\t                <span class=\"elementor-button-icon elementor-align-icon-right\">\n\t\t\t\t<svg aria-hidden=\"true\" class=\"e-font-icon-svg e-fas-angle-right\" viewBox=\"0 0 256 512\" xmlns=\"http:\/\/www.w3.org\/2000\/svg\"><path d=\"M224.3 273l-136 136c-9.4 9.4-24.6 9.4-33.9 0l-22.6-22.6c-9.4-9.4-9.4-24.6 0-33.9l96.4-96.4-96.4-96.4c-9.4-9.4-9.4-24.6 0-33.9L54.3 103c9.4-9.4 24.6-9.4 33.9 0l136 136c9.5 9.4 9.5 24.6.1 34z\"><\/path><\/svg>\t\t\t<\/span>\n            \t\t\t<span class=\"elementor-button-text\">S'inscrire ici<\/span>\n\t\t<\/span>\n                    <\/a>\n        <\/div>\n        \t\t\t\t<\/div>\n\t\t\t\t<\/div>\n\t\t\t\t\t<\/div>\n\t\t\t\t<\/div>\n\t\t<div class=\"elementor-element elementor-element-cc831a6 e-flex e-con-boxed e-con e-child\" data-id=\"cc831a6\" data-element_type=\"container\" data-settings=\"{&quot;background_background&quot;:&quot;classic&quot;}\">\n\t\t\t\t\t<div class=\"e-con-inner\">\n\t\t\t\t<div class=\"elementor-element elementor-element-8e95105 elementor-widget elementor-widget-heading\" data-id=\"8e95105\" data-element_type=\"widget\" data-widget_type=\"heading.default\">\n\t\t\t\t<div class=\"elementor-widget-container\">\n\t\t\t\t\t<h2 class=\"elementor-heading-title elementor-size-default\">Pumps  Valves<\/h2>\t\t\t\t<\/div>\n\t\t\t\t<\/div>\n\t\t\t\t<div class=\"elementor-element elementor-element-219b7ee elementor-widget elementor-widget-text-editor\" data-id=\"219b7ee\" data-element_type=\"widget\" data-widget_type=\"text-editor.default\">\n\t\t\t\t<div class=\"elementor-widget-container\">\n\t\t\t\t\t\t\t\t\t<p><strong>Pumps &amp; Valves\u00a0<\/strong> sera \u00e0 nouveau le plus grand rendez-vous de <strong>tous les professionnels de l&rsquo;industrie de transformation<\/strong> les <strong>25 et 26 mars 2026<\/strong> \u00e0 <strong>Antwerp Expo<\/strong>.<\/p>\n<p><strong>Touchez 5 000 d\u00e9cideurs et experts techniques<\/strong> issus de diff\u00e9rents secteurs tels que la chimie (p\u00e9trochimie), la m\u00e9tallurgie, l&rsquo;eau, les cosm\u00e9tiques, l&rsquo;alimentation et les boissons, les sciences de la vie, l&rsquo;industrie pharmaceutique, etc. <b>Augmentez votre visibilit\u00e9<\/b> et renforcez votre <b>position sur le march\u00e9<\/b>.<\/p>\n<p><strong>20 masterclasses techniques<\/strong> auxquelles participeront \u00e0 nouveau plus de 700 techniciens.<\/p>\n\t\t\t\t\t\t\t\t<\/div>\n\t\t\t\t<\/div>\n\t\t\t\t<div class=\"elementor-element elementor-element-3036f39 elementor-align-center elementor-mobile-align-right elementor-tablet-align-left elementor-widget__width-auto elementor-widget elementor-widget-dynamic-button\" data-id=\"3036f39\" data-element_type=\"widget\" data-widget_type=\"dynamic-button.default\">\n\t\t\t\t<div class=\"elementor-widget-container\">\n\t\t\t\t\t        <div class=\"elementor-button-wrapper\">\n            <a href=\"https:\/\/register.visitcloud.com\/survey\/1bw1eprqvqf0m?translation=0op741s6p5t9m\" class=\"elementor-button-link elementor-button elementor-size-xs\" role=\"button\">\n                        <span class=\"elementor-button-content-wrapper\">\n\t\t\t                <span class=\"elementor-button-icon elementor-align-icon-right\">\n\t\t\t\t<svg aria-hidden=\"true\" class=\"e-font-icon-svg e-fas-angle-right\" viewBox=\"0 0 256 512\" xmlns=\"http:\/\/www.w3.org\/2000\/svg\"><path d=\"M224.3 273l-136 136c-9.4 9.4-24.6 9.4-33.9 0l-22.6-22.6c-9.4-9.4-9.4-24.6 0-33.9l96.4-96.4-96.4-96.4c-9.4-9.4-9.4-24.6 0-33.9L54.3 103c9.4-9.4 24.6-9.4 33.9 0l136 136c9.5 9.4 9.5 24.6.1 34z\"><\/path><\/svg>\t\t\t<\/span>\n            \t\t\t<span class=\"elementor-button-text\">S'inscrire ici<\/span>\n\t\t<\/span>\n                    <\/a>\n        <\/div>\n        \t\t\t\t<\/div>\n\t\t\t\t<\/div>\n\t\t\t\t\t<\/div>\n\t\t\t\t<\/div>\n\t\t\t\t<\/div>\n\t\t<div class=\"elementor-element elementor-element-7d39fd7 e-grid e-con-full e-con e-child\" data-id=\"7d39fd7\" data-element_type=\"container\">\n\t\t<div class=\"elementor-element elementor-element-d26a5db e-flex e-con-boxed e-con e-child\" data-id=\"d26a5db\" data-element_type=\"container\" data-settings=\"{&quot;background_background&quot;:&quot;classic&quot;}\">\n\t\t\t\t\t<div class=\"e-con-inner\">\n\t\t\t\t<div class=\"elementor-element elementor-element-b0426e7 elementor-widget elementor-widget-heading\" data-id=\"b0426e7\" data-element_type=\"widget\" data-widget_type=\"heading.default\">\n\t\t\t\t<div class=\"elementor-widget-container\">\n\t\t\t\t\t<h2 class=\"elementor-heading-title elementor-size-default\">4500 visiteurs<\/h2>\t\t\t\t<\/div>\n\t\t\t\t<\/div>\n\t\t\t\t<div class=\"elementor-element elementor-element-07d4488 elementor-widget elementor-widget-text-editor\" data-id=\"07d4488\" data-element_type=\"widget\" data-widget_type=\"text-editor.default\">\n\t\t\t\t<div class=\"elementor-widget-container\">\n\t\t\t\t\t\t\t\t\t<p>Rencontrez des PDG, des acheteurs, des responsables techniques, des ing\u00e9nieurs, etc. issus de divers secteurs tels que la chimie (p\u00e9trochimie), la m\u00e9tallurgie, la maintenance, etc.<\/p>\n\t\t\t\t\t\t\t\t<\/div>\n\t\t\t\t<\/div>\n\t\t\t\t<div class=\"elementor-element elementor-element-d0385bc elementor-align-center elementor-widget elementor-widget-button\" data-id=\"d0385bc\" data-element_type=\"widget\" data-widget_type=\"button.default\">\n\t\t\t\t<div class=\"elementor-widget-container\">\n\t\t\t\t\t\t\t\t\t<div class=\"elementor-button-wrapper\">\n\t\t\t\t\t<a class=\"elementor-button elementor-button-link elementor-size-sm\" href=\"https:\/\/www.maintenance-expo.be\/nl\/exposantenprofiel\/\">\n\t\t\t\t\t\t<span class=\"elementor-button-content-wrapper\">\n\t\t\t\t\t\t\t\t\t<span class=\"elementor-button-text\">Profil des exposants Maintenance<\/span>\n\t\t\t\t\t<\/span>\n\t\t\t\t\t<\/a>\n\t\t\t\t<\/div>\n\t\t\t\t\t\t\t\t<\/div>\n\t\t\t\t<\/div>\n\t\t\t\t<div class=\"elementor-element elementor-element-098dc7d elementor-align-center elementor-widget elementor-widget-button\" data-id=\"098dc7d\" data-element_type=\"widget\" data-widget_type=\"button.default\">\n\t\t\t\t<div class=\"elementor-widget-container\">\n\t\t\t\t\t\t\t\t\t<div class=\"elementor-button-wrapper\">\n\t\t\t\t\t<a class=\"elementor-button elementor-button-link elementor-size-sm\" href=\"https:\/\/www.pumps-valves-expo.be\/fr\/profil-dexposant-2\/\">\n\t\t\t\t\t\t<span class=\"elementor-button-content-wrapper\">\n\t\t\t\t\t\t\t\t\t<span class=\"elementor-button-text\">Profil des exposants Pumps &amp; Valves<\/span>\n\t\t\t\t\t<\/span>\n\t\t\t\t\t<\/a>\n\t\t\t\t<\/div>\n\t\t\t\t\t\t\t\t<\/div>\n\t\t\t\t<\/div>\n\t\t\t\t\t<\/div>\n\t\t\t\t<\/div>\n\t\t<div class=\"elementor-element elementor-element-1b2a410 e-flex e-con-boxed e-con e-child\" data-id=\"1b2a410\" data-element_type=\"container\" data-settings=\"{&quot;background_background&quot;:&quot;classic&quot;}\">\n\t\t\t\t\t<div class=\"e-con-inner\">\n\t\t\t\t<div class=\"elementor-element elementor-element-fa91f94 elementor-widget__width-initial elementor-widget elementor-widget-heading\" data-id=\"fa91f94\" data-element_type=\"widget\" data-widget_type=\"heading.default\">\n\t\t\t\t<div class=\"elementor-widget-container\">\n\t\t\t\t\t<h2 class=\"elementor-heading-title elementor-size-default\">+250 exposants<\/h2>\t\t\t\t<\/div>\n\t\t\t\t<\/div>\n\t\t\t\t<div class=\"elementor-element elementor-element-6672bd0 elementor-widget elementor-widget-text-editor\" data-id=\"6672bd0\" data-element_type=\"widget\" data-widget_type=\"text-editor.default\">\n\t\t\t\t<div class=\"elementor-widget-container\">\n\t\t\t\t\t\t\t\t\t<p>Une plateforme unique o\u00f9 se r\u00e9unissent les acteurs de la maintenance industrielle et des processus.<\/p>\n\t\t\t\t\t\t\t\t<\/div>\n\t\t\t\t<\/div>\n\t\t\t\t<div class=\"elementor-element elementor-element-80dc203 elementor-align-center elementor-widget elementor-widget-button\" data-id=\"80dc203\" data-element_type=\"widget\" data-widget_type=\"button.default\">\n\t\t\t\t<div class=\"elementor-widget-container\">\n\t\t\t\t\t\t\t\t\t<div class=\"elementor-button-wrapper\">\n\t\t\t\t\t<a class=\"elementor-button elementor-button-link elementor-size-sm\" href=\"https:\/\/www.maintenance-expo.be\/fr\/exhibitor\/\">\n\t\t\t\t\t\t<span class=\"elementor-button-content-wrapper\">\n\t\t\t\t\t\t\t\t\t<span class=\"elementor-button-text\">Exposants Maintenance<\/span>\n\t\t\t\t\t<\/span>\n\t\t\t\t\t<\/a>\n\t\t\t\t<\/div>\n\t\t\t\t\t\t\t\t<\/div>\n\t\t\t\t<\/div>\n\t\t\t\t<div class=\"elementor-element elementor-element-c2a5995 elementor-align-center elementor-widget elementor-widget-button\" data-id=\"c2a5995\" data-element_type=\"widget\" data-widget_type=\"button.default\">\n\t\t\t\t<div class=\"elementor-widget-container\">\n\t\t\t\t\t\t\t\t\t<div class=\"elementor-button-wrapper\">\n\t\t\t\t\t<a class=\"elementor-button elementor-button-link elementor-size-sm\" href=\"https:\/\/www.pumps-valves-expo.be\/fr\/exhibitor\/\">\n\t\t\t\t\t\t<span class=\"elementor-button-content-wrapper\">\n\t\t\t\t\t\t\t\t\t<span class=\"elementor-button-text\">Exposants Pumps &amp; Valves<\/span>\n\t\t\t\t\t<\/span>\n\t\t\t\t\t<\/a>\n\t\t\t\t<\/div>\n\t\t\t\t\t\t\t\t<\/div>\n\t\t\t\t<\/div>\n\t\t\t\t\t<\/div>\n\t\t\t\t<\/div>\n\t\t<div class=\"elementor-element elementor-element-47e7048 e-flex e-con-boxed e-con e-child\" data-id=\"47e7048\" data-element_type=\"container\" data-settings=\"{&quot;background_background&quot;:&quot;classic&quot;}\">\n\t\t\t\t\t<div class=\"e-con-inner\">\n\t\t\t\t<div class=\"elementor-element elementor-element-a823231 elementor-widget elementor-widget-heading\" data-id=\"a823231\" data-element_type=\"widget\" data-widget_type=\"heading.default\">\n\t\t\t\t<div class=\"elementor-widget-container\">\n\t\t\t\t\t<h2 class=\"elementor-heading-title elementor-size-default\">Exp\u00e9rience<\/h2>\t\t\t\t<\/div>\n\t\t\t\t<\/div>\n\t\t\t\t<div class=\"elementor-element elementor-element-0fd4efc elementor-widget elementor-widget-text-editor\" data-id=\"0fd4efc\" data-element_type=\"widget\" data-widget_type=\"text-editor.default\">\n\t\t\t\t<div class=\"elementor-widget-container\">\n\t\t\t\t\t\t\t\t\t<p>Restez \u00e0 jour gr\u00e2ce \u00e0 l&rsquo;offre vari\u00e9e de masterclasses, zones de d\u00e9monstration, etc.<\/p>\n\t\t\t\t\t\t\t\t<\/div>\n\t\t\t\t<\/div>\n\t\t\t\t<div class=\"elementor-element elementor-element-482f7b3 elementor-align-center elementor-widget elementor-widget-button\" data-id=\"482f7b3\" data-element_type=\"widget\" data-widget_type=\"button.default\">\n\t\t\t\t<div class=\"elementor-widget-container\">\n\t\t\t\t\t\t\t\t\t<div class=\"elementor-button-wrapper\">\n\t\t\t\t\t<a class=\"elementor-button elementor-button-link elementor-size-sm\" href=\"https:\/\/www.maintenance-expo.be\/fr\/programme\/\">\n\t\t\t\t\t\t<span class=\"elementor-button-content-wrapper\">\n\t\t\t\t\t\t\t\t\t<span class=\"elementor-button-text\">Programme de maintenance<\/span>\n\t\t\t\t\t<\/span>\n\t\t\t\t\t<\/a>\n\t\t\t\t<\/div>\n\t\t\t\t\t\t\t\t<\/div>\n\t\t\t\t<\/div>\n\t\t\t\t<div class=\"elementor-element elementor-element-e95f74d elementor-align-center elementor-widget elementor-widget-button\" data-id=\"e95f74d\" data-element_type=\"widget\" data-widget_type=\"button.default\">\n\t\t\t\t<div class=\"elementor-widget-container\">\n\t\t\t\t\t\t\t\t\t<div class=\"elementor-button-wrapper\">\n\t\t\t\t\t<a class=\"elementor-button elementor-button-link elementor-size-sm\" href=\"https:\/\/www.pumps-valves-expo.be\/fr\/programme\/\">\n\t\t\t\t\t\t<span class=\"elementor-button-content-wrapper\">\n\t\t\t\t\t\t\t\t\t<span class=\"elementor-button-text\">Programme Pumps &amp; Valves<\/span>\n\t\t\t\t\t<\/span>\n\t\t\t\t\t<\/a>\n\t\t\t\t<\/div>\n\t\t\t\t\t\t\t\t<\/div>\n\t\t\t\t<\/div>\n\t\t\t\t\t<\/div>\n\t\t\t\t<\/div>\n\t\t\t\t<\/div>\n\t\t\t\t\t<\/div>\n\t\t\t\t<\/div>\n\t\t<div class=\"elementor-element elementor-element-c6a987c e-con-full e-flex e-con e-child\" data-id=\"c6a987c\" data-element_type=\"container\" data-settings=\"{&quot;background_background&quot;:&quot;classic&quot;}\">\n\t\t\t\t<div class=\"elementor-element elementor-element-99c88c0 elementor-widget elementor-widget-heading\" data-id=\"99c88c0\" data-element_type=\"widget\" data-widget_type=\"heading.default\">\n\t\t\t\t<div class=\"elementor-widget-container\">\n\t\t\t\t\t<h2 class=\"elementor-heading-title elementor-size-default\">Photos<\/h2>\t\t\t\t<\/div>\n\t\t\t\t<\/div>\n\t\t\t\t<div class=\"elementor-element elementor-element-d189f51 gallery-spacing-custom elementor-widget elementor-widget-image-gallery\" data-id=\"d189f51\" data-element_type=\"widget\" data-widget_type=\"image-gallery.default\">\n\t\t\t\t<div class=\"elementor-widget-container\">\n\t\t\t\t\t\t\t<div class=\"elementor-image-gallery\">\n\t\t\t<div id='gallery-1' class='gallery galleryid-158830 gallery-columns-3 gallery-size-full'><figure class='gallery-item'>\n\t\t\t<div class='gallery-icon landscape'>\n\t\t\t\t<img fetchpriority=\"high\" decoding=\"async\" width=\"1920\" height=\"1280\" src=\"https:\/\/easyfairsassets.com\/sites\/181\/2026\/01\/54442429481_142c208c17_k-2.jpg\" class=\"attachment-full size-full\" alt=\"\" srcset=\"https:\/\/easyfairsassets.com\/sites\/181\/2026\/01\/54442429481_142c208c17_k-2.jpg 1920w, https:\/\/easyfairsassets.com\/sites\/181\/2026\/01\/54442429481_142c208c17_k-2-300x200.jpg 300w, https:\/\/easyfairsassets.com\/sites\/181\/2026\/01\/54442429481_142c208c17_k-2-1024x683.jpg 1024w, https:\/\/easyfairsassets.com\/sites\/181\/2026\/01\/54442429481_142c208c17_k-2-768x512.jpg 768w, https:\/\/easyfairsassets.com\/sites\/181\/2026\/01\/54442429481_142c208c17_k-2-1536x1024.jpg 1536w\" sizes=\"(max-width: 1920px) 100vw, 1920px\" \/>\n\t\t\t<\/div><\/figure><figure class='gallery-item'>\n\t\t\t<div class='gallery-icon landscape'>\n\t\t\t\t<img decoding=\"async\" width=\"1920\" height=\"1280\" src=\"https:\/\/easyfairsassets.com\/sites\/181\/2024\/03\/53611203247_88fb4f8e26_o.jpg\" class=\"attachment-full size-full\" alt=\"\" srcset=\"https:\/\/easyfairsassets.com\/sites\/181\/2024\/03\/53611203247_88fb4f8e26_o.jpg 1920w, https:\/\/easyfairsassets.com\/sites\/181\/2024\/03\/53611203247_88fb4f8e26_o-300x200.jpg 300w, https:\/\/easyfairsassets.com\/sites\/181\/2024\/03\/53611203247_88fb4f8e26_o-1024x683.jpg 1024w, https:\/\/easyfairsassets.com\/sites\/181\/2024\/03\/53611203247_88fb4f8e26_o-768x512.jpg 768w, https:\/\/easyfairsassets.com\/sites\/181\/2024\/03\/53611203247_88fb4f8e26_o-1536x1024.jpg 1536w\" sizes=\"(max-width: 1920px) 100vw, 1920px\" \/>\n\t\t\t<\/div><\/figure><figure class='gallery-item'>\n\t\t\t<div class='gallery-icon landscape'>\n\t\t\t\t<img decoding=\"async\" width=\"1920\" height=\"1280\" src=\"https:\/\/easyfairsassets.com\/sites\/181\/2024\/03\/53612419334_401cd51fb6_o.jpg\" class=\"attachment-full size-full\" alt=\"\" srcset=\"https:\/\/easyfairsassets.com\/sites\/181\/2024\/03\/53612419334_401cd51fb6_o.jpg 1920w, https:\/\/easyfairsassets.com\/sites\/181\/2024\/03\/53612419334_401cd51fb6_o-300x200.jpg 300w, https:\/\/easyfairsassets.com\/sites\/181\/2024\/03\/53612419334_401cd51fb6_o-1024x683.jpg 1024w, https:\/\/easyfairsassets.com\/sites\/181\/2024\/03\/53612419334_401cd51fb6_o-768x512.jpg 768w, https:\/\/easyfairsassets.com\/sites\/181\/2024\/03\/53612419334_401cd51fb6_o-1536x1024.jpg 1536w\" sizes=\"(max-width: 1920px) 100vw, 1920px\" \/>\n\t\t\t<\/div><\/figure><figure class='gallery-item'>\n\t\t\t<div class='gallery-icon landscape'>\n\t\t\t\t<img loading=\"lazy\" decoding=\"async\" width=\"1920\" height=\"1280\" src=\"https:\/\/easyfairsassets.com\/sites\/181\/2026\/01\/54442617534_610df4fe4e_k-2.jpg\" class=\"attachment-full size-full\" alt=\"\" srcset=\"https:\/\/easyfairsassets.com\/sites\/181\/2026\/01\/54442617534_610df4fe4e_k-2.jpg 1920w, https:\/\/easyfairsassets.com\/sites\/181\/2026\/01\/54442617534_610df4fe4e_k-2-300x200.jpg 300w, https:\/\/easyfairsassets.com\/sites\/181\/2026\/01\/54442617534_610df4fe4e_k-2-1024x683.jpg 1024w, https:\/\/easyfairsassets.com\/sites\/181\/2026\/01\/54442617534_610df4fe4e_k-2-768x512.jpg 768w, https:\/\/easyfairsassets.com\/sites\/181\/2026\/01\/54442617534_610df4fe4e_k-2-1536x1024.jpg 1536w\" sizes=\"(max-width: 1920px) 100vw, 1920px\" \/>\n\t\t\t<\/div><\/figure><figure class='gallery-item'>\n\t\t\t<div class='gallery-icon landscape'>\n\t\t\t\t<img loading=\"lazy\" decoding=\"async\" width=\"1920\" height=\"1280\" src=\"https:\/\/easyfairsassets.com\/sites\/181\/2026\/01\/54442415286_e9a31b7cb2_k-2-1.jpg\" class=\"attachment-full size-full\" alt=\"\" srcset=\"https:\/\/easyfairsassets.com\/sites\/181\/2026\/01\/54442415286_e9a31b7cb2_k-2-1.jpg 1920w, https:\/\/easyfairsassets.com\/sites\/181\/2026\/01\/54442415286_e9a31b7cb2_k-2-1-300x200.jpg 300w, https:\/\/easyfairsassets.com\/sites\/181\/2026\/01\/54442415286_e9a31b7cb2_k-2-1-1024x683.jpg 1024w, https:\/\/easyfairsassets.com\/sites\/181\/2026\/01\/54442415286_e9a31b7cb2_k-2-1-768x512.jpg 768w, https:\/\/easyfairsassets.com\/sites\/181\/2026\/01\/54442415286_e9a31b7cb2_k-2-1-1536x1024.jpg 1536w\" sizes=\"(max-width: 1920px) 100vw, 1920px\" \/>\n\t\t\t<\/div><\/figure><figure class='gallery-item'>\n\t\t\t<div class='gallery-icon landscape'>\n\t\t\t\t<img loading=\"lazy\" decoding=\"async\" width=\"1024\" height=\"683\" src=\"https:\/\/easyfairsassets.com\/sites\/181\/2026\/01\/53612315723_900bacb9f2_b.jpg\" class=\"attachment-full size-full\" alt=\"\" srcset=\"https:\/\/easyfairsassets.com\/sites\/181\/2026\/01\/53612315723_900bacb9f2_b.jpg 1024w, https:\/\/easyfairsassets.com\/sites\/181\/2026\/01\/53612315723_900bacb9f2_b-300x200.jpg 300w, https:\/\/easyfairsassets.com\/sites\/181\/2026\/01\/53612315723_900bacb9f2_b-768x512.jpg 768w\" sizes=\"(max-width: 1024px) 100vw, 1024px\" \/>\n\t\t\t<\/div><\/figure>\n\t\t<\/div>\n\t\t<\/div>\n\t\t\t\t\t\t<\/div>\n\t\t\t\t<\/div>\n\t\t\t\t<\/div>\n\t\t\t\t<\/div>\n\t\t","protected":false},"excerpt":{"rendered":"<p>Maintenance and Pumps &amp; Valves: the meeting point for industrial professional Les salons Maintenance et Pumps &amp; Valves constituent ensemble le rendez-vous incontournable des professionnels actifs dans les domaines de la maintenance, des pompes industrielles et des vannes. Ces salons professionnels de premier plan r\u00e9unissent connaissances, innovation et exp\u00e9rience pratique. Les visiteurs y d\u00e9couvrent une [&hellip;]<\/p>\n","protected":false},"author":1351,"featured_media":0,"parent":0,"menu_order":0,"comment_status":"closed","ping_status":"closed","template":"","meta":{"_seopress_robots_primary_cat":"","_seopress_titles_title":"","_seopress_titles_desc":"","_seopress_robots_index":"","footnotes":""},"class_list":["post-158830","page","type-page","status-publish","hentry"],"_links":{"self":[{"href":"https:\/\/www.pumps-valves-expo.be\/fr\/wp-json\/wp\/v2\/pages\/158830","targetHints":{"allow":["GET"]}}],"collection":[{"href":"https:\/\/www.pumps-valves-expo.be\/fr\/wp-json\/wp\/v2\/pages"}],"about":[{"href":"https:\/\/www.pumps-valves-expo.be\/fr\/wp-json\/wp\/v2\/types\/page"}],"author":[{"embeddable":true,"href":"https:\/\/www.pumps-valves-expo.be\/fr\/wp-json\/wp\/v2\/users\/1351"}],"replies":[{"embeddable":true,"href":"https:\/\/www.pumps-valves-expo.be\/fr\/wp-json\/wp\/v2\/comments?post=158830"}],"version-history":[{"count":5,"href":"https:\/\/www.pumps-valves-expo.be\/fr\/wp-json\/wp\/v2\/pages\/158830\/revisions"}],"predecessor-version":[{"id":162594,"href":"https:\/\/www.pumps-valves-expo.be\/fr\/wp-json\/wp\/v2\/pages\/158830\/revisions\/162594"}],"wp:attachment":[{"href":"https:\/\/www.pumps-valves-expo.be\/fr\/wp-json\/wp\/v2\/media?parent=158830"}],"curies":[{"name":"wp","href":"https:\/\/api.w.org\/{rel}","templated":true}]}}