{"id":154444,"date":"2025-11-27T16:06:29","date_gmt":"2025-11-27T15:06:29","guid":{"rendered":"https:\/\/www.pumps-valves-expo.be\/smart-badge-vs-visit-connect\/"},"modified":"2026-02-26T11:47:07","modified_gmt":"2026-02-26T10:47:07","slug":"smart-badge-vs-visit-connect","status":"publish","type":"page","link":"https:\/\/www.pumps-valves-expo.be\/fr\/smart-badge-vs-visit-connect\/","title":{"rendered":"Smart Badge vs. Visit Connect"},"content":{"rendered":"\t\t<div data-elementor-type=\"wp-page\" data-elementor-id=\"154444\" class=\"elementor elementor-154444 elementor-153664\" data-elementor-post-type=\"page\">\n\t\t\t\t<div class=\"elementor-element elementor-element-53c7ed1 e-flex e-con-boxed e-con e-parent\" data-id=\"53c7ed1\" data-element_type=\"container\" data-settings=\"{&quot;background_background&quot;:&quot;classic&quot;}\">\n\t\t\t\t\t<div class=\"e-con-inner\">\n\t\t\t\t<div class=\"elementor-element elementor-element-e69c187 elementor-widget__width-initial elementor-widget elementor-widget-heading\" data-id=\"e69c187\" data-element_type=\"widget\" data-widget_type=\"heading.default\">\n\t\t\t\t<div class=\"elementor-widget-container\">\n\t\t\t\t\t<h1 class=\"elementor-heading-title elementor-size-default\">Suivi efficace des prospects avec Smart Badge &amp; Visit Connect App<\/h1>\t\t\t\t<\/div>\n\t\t\t\t<\/div>\n\t\t\t\t\t<\/div>\n\t\t\t\t<\/div>\n\t\t<div class=\"elementor-element elementor-element-7274cb1 e-flex e-con-boxed e-con e-parent\" data-id=\"7274cb1\" data-element_type=\"container\">\n\t\t\t\t\t<div class=\"e-con-inner\">\n\t\t\t\t<div class=\"elementor-element elementor-element-a00a572 elementor-widget elementor-widget-heading\" data-id=\"a00a572\" data-element_type=\"widget\" data-widget_type=\"heading.default\">\n\t\t\t\t<div class=\"elementor-widget-container\">\n\t\t\t\t\t<h2 class=\"elementor-heading-title elementor-size-default\">Smart Badge vs. Visit Connect<\/h2>\t\t\t\t<\/div>\n\t\t\t\t<\/div>\n\t\t\t\t<div class=\"elementor-element elementor-element-7520d3c elementor-widget elementor-widget-text-editor\" data-id=\"7520d3c\" data-element_type=\"widget\" data-widget_type=\"text-editor.default\">\n\t\t\t\t<div class=\"elementor-widget-container\">\n\t\t\t\t\t\t\t\t\t<strong data-start=\"317\" data-end=\"389\">\u00a0<\/strong><br><br><strong>Deux outils, un seul objectif : \u00e9tablir et suivre des connexions pr\u00e9cieuses.<\/strong><br><br>Pendant Pumps &amp; Valves, vous collectez facilement des prospects de valeur \u2013 sans outils complexes ni travail manuel. Utilisez intelligemment \u00e0 la fois le Smart Badge et l\u2019application Visit Connect pour maximiser votre participation au salon.\t\t\t\t\t\t\t\t<\/div>\n\t\t\t\t<\/div>\n\t\t\t\t\t<\/div>\n\t\t\t\t<\/div>\n\t\t<div class=\"elementor-element elementor-element-a5decc8 e-flex e-con-boxed e-con e-parent\" data-id=\"a5decc8\" data-element_type=\"container\" data-settings=\"{&quot;background_background&quot;:&quot;classic&quot;,&quot;shape_divider_top&quot;:&quot;curve&quot;,&quot;shape_divider_top_negative&quot;:&quot;yes&quot;,&quot;shape_divider_bottom&quot;:&quot;curve&quot;,&quot;shape_divider_bottom_negative&quot;:&quot;yes&quot;}\">\n\t\t\t\t\t<div class=\"e-con-inner\">\n\t\t\t\t<div class=\"elementor-shape elementor-shape-top\" aria-hidden=\"true\" data-negative=\"true\">\n\t\t\t<svg xmlns=\"http:\/\/www.w3.org\/2000\/svg\" viewBox=\"0 0 1000 100\" preserveAspectRatio=\"none\">\n\t<path class=\"elementor-shape-fill\" d=\"M500,97C126.7,96.3,0.8,19.8,0,0v100l1000,0V1C1000,19.4,873.3,97.8,500,97z\"\/>\n<\/svg>\t\t<\/div>\n\t\t\t\t<div class=\"elementor-shape elementor-shape-bottom\" aria-hidden=\"true\" data-negative=\"true\">\n\t\t\t<svg xmlns=\"http:\/\/www.w3.org\/2000\/svg\" viewBox=\"0 0 1000 100\" preserveAspectRatio=\"none\">\n\t<path class=\"elementor-shape-fill\" d=\"M500,97C126.7,96.3,0.8,19.8,0,0v100l1000,0V1C1000,19.4,873.3,97.8,500,97z\"\/>\n<\/svg>\t\t<\/div>\n\t\t<div class=\"elementor-element elementor-element-365decb e-con-full e-flex e-con e-child\" data-id=\"365decb\" data-element_type=\"container\">\n\t\t<div class=\"elementor-element elementor-element-ce5241d e-con-full e-flex e-con e-child\" data-id=\"ce5241d\" data-element_type=\"container\" data-settings=\"{&quot;background_background&quot;:&quot;classic&quot;}\">\n\t\t<div class=\"elementor-element elementor-element-27b3816 e-con-full e-flex e-con e-child\" data-id=\"27b3816\" data-element_type=\"container\">\n\t\t\t\t<div class=\"elementor-element elementor-element-4ba10b4 elementor-widget__width-inherit elementor-widget elementor-widget-heading\" data-id=\"4ba10b4\" data-element_type=\"widget\" data-widget_type=\"heading.default\">\n\t\t\t\t<div class=\"elementor-widget-container\">\n\t\t\t\t\t<h2 class=\"elementor-heading-title elementor-size-default\">Smart Badge <br>(Touch &amp;  Collect)<\/h2>\t\t\t\t<\/div>\n\t\t\t\t<\/div>\n\t\t\t\t<div class=\"elementor-element elementor-element-4c17e84 elementor-widget elementor-widget-text-editor\" data-id=\"4c17e84\" data-element_type=\"widget\" data-widget_type=\"text-editor.default\">\n\t\t\t\t<div class=\"elementor-widget-container\">\n\t\t\t\t\t\t\t\t\t<ul>\n<li>\u00c0 l\u2019initiative du <strong>visiteur<\/strong><\/li>\n<li><strong>Tous les exposants<\/strong> peuvent diffuser leurs informations via le lecteur (informations t\u00e9l\u00e9charg\u00e9es sur My Easyfairs).<\/li>\n<li><strong>Aucun \u00e9change n\u00e9cessair<\/strong>e avec le visiteur : installez simplement le lecteur sur votre stand et ils recevront automatiquement vos informations.<\/li>\n<li><strong> Les exposants<\/strong> re\u00e7oivent une liste de visiteurs avec les donn\u00e9es issues de l\u2019enregistrement, d\u00e8s qu\u2019ils ont \u00e9t\u00e9 scann\u00e9s sur votre stand.<\/li>\n<li><strong>Pr\u00e9paration<\/strong> : mettez autant d\u2019informations que possible sur My Easyfairs. Le lecteur vous sera livr\u00e9 sur votre stand lors du montage.<\/li>\n<\/ul>\n\t\t\t\t\t\t\t\t<\/div>\n\t\t\t\t<\/div>\n\t\t\t\t<div class=\"elementor-element elementor-element-dbd6618 elementor-widget elementor-widget-video\" data-id=\"dbd6618\" data-element_type=\"widget\" data-settings=\"{&quot;youtube_url&quot;:&quot;https:\\\/\\\/youtu.be\\\/ikKCfzrS3nQ&quot;,&quot;video_type&quot;:&quot;youtube&quot;,&quot;controls&quot;:&quot;yes&quot;}\" data-widget_type=\"video.default\">\n\t\t\t\t<div class=\"elementor-widget-container\">\n\t\t\t\t\t\t\t<div class=\"elementor-wrapper elementor-open-inline\">\n\t\t\t<div class=\"elementor-video\"><\/div>\t\t<\/div>\n\t\t\t\t\t\t<\/div>\n\t\t\t\t<\/div>\n\t\t\t\t<\/div>\n\t\t\t\t<\/div>\n\t\t\t\t<\/div>\n\t\t<div class=\"elementor-element elementor-element-50ab375 e-con-full e-flex e-con e-child\" data-id=\"50ab375\" data-element_type=\"container\">\n\t\t<div class=\"elementor-element elementor-element-23b1075 e-con-full e-flex e-con e-child\" data-id=\"23b1075\" data-element_type=\"container\" data-settings=\"{&quot;background_background&quot;:&quot;classic&quot;}\">\n\t\t<div class=\"elementor-element elementor-element-c0cde24 e-con-full e-flex e-con e-child\" data-id=\"c0cde24\" data-element_type=\"container\">\n\t\t\t\t<div class=\"elementor-element elementor-element-8627b0c elementor-widget__width-inherit elementor-widget elementor-widget-heading\" data-id=\"8627b0c\" data-element_type=\"widget\" data-widget_type=\"heading.default\">\n\t\t\t\t<div class=\"elementor-widget-container\">\n\t\t\t\t\t<h2 class=\"elementor-heading-title elementor-size-default\">Visit Connect<\/h2>\t\t\t\t<\/div>\n\t\t\t\t<\/div>\n\t\t\t\t<div class=\"elementor-element elementor-element-340844e elementor-widget elementor-widget-text-editor\" data-id=\"340844e\" data-element_type=\"widget\" data-widget_type=\"text-editor.default\">\n\t\t\t\t<div class=\"elementor-widget-container\">\n\t\t\t\t\t\t\t\t\t<ul>\n<li><strong>\u00c0 l\u2019initiative de l\u2019exposant<\/strong>: Cette application est disponible pour tous les exposants.<\/li>\n<li>Vous pouvez installer l\u2019application sur <strong>tous<\/strong> vos appareils.<\/li>\n<li>Q<strong>ualifiez vos leads en posant des questions<\/strong> et en prenant des notes dans l\u2019application. Rassemblez toutes les informations en un seul endroit.<\/li>\n<li><strong>Suivi des lead<\/strong>s : contactez le visiteur apr\u00e8s le salon.<\/li>\n<li><strong>Pr\u00e9paration<\/strong> : chaque visiteur re\u00e7oit <strong>\u00e0 l\u2019entr\u00e9e du salon un badge avec code QR.<\/strong><\/li>\n<\/ul>\n\t\t\t\t\t\t\t\t<\/div>\n\t\t\t\t<\/div>\n\t\t\t\t<\/div>\n\t\t\t\t<div class=\"elementor-element elementor-element-d31d043 elementor-widget elementor-widget-video\" data-id=\"d31d043\" data-element_type=\"widget\" data-settings=\"{&quot;video_type&quot;:&quot;hosted&quot;,&quot;controls&quot;:&quot;yes&quot;}\" data-widget_type=\"video.default\">\n\t\t\t\t<div class=\"elementor-widget-container\">\n\t\t\t\t\t\t\t<div class=\"e-hosted-video elementor-wrapper elementor-open-inline\">\n\t\t\t\t\t<video class=\"elementor-video\" src=\"https:\/\/easyfairsassets.com\/sites\/181\/2025\/11\/how-to-use-vc-for-staff-ihxwtqmy_dtB3IPUQ.mp4\" controls=\"\" preload=\"metadata\" controlsList=\"nodownload\"><\/video>\n\t\t\t\t<\/div>\n\t\t\t\t\t\t<\/div>\n\t\t\t\t<\/div>\n\t\t\t\t<\/div>\n\t\t\t\t<\/div>\n\t\t\t\t\t<\/div>\n\t\t\t\t<\/div>\n\t\t<div class=\"elementor-element elementor-element-c4c445c e-con-full e-flex e-con e-child\" data-id=\"c4c445c\" data-element_type=\"container\" data-settings=\"{&quot;background_background&quot;:&quot;classic&quot;}\">\n\t\t<div class=\"elementor-element elementor-element-c7748a8 e-grid e-con-full e-con e-child\" data-id=\"c7748a8\" data-element_type=\"container\" data-settings=\"{&quot;background_background&quot;:&quot;classic&quot;}\">\n\t\t\t\t<div class=\"elementor-element elementor-element-cad50d8 elementor-widget elementor-widget-text-editor\" data-id=\"cad50d8\" data-element_type=\"widget\" data-widget_type=\"text-editor.default\">\n\t\t\t\t<div class=\"elementor-widget-container\">\n\t\t\t\t\t\t\t\t\t<div class=\"elementor-element elementor-element-46fabe4 elementor-widget elementor-widget-heading\" data-id=\"46fabe4\" data-element_type=\"widget\" data-widget_type=\"heading.default\">\n<div class=\"elementor-widget-container\">\n<h2 class=\"elementor-heading-title elementor-size-default\">Quelle est la diff\u00e9rence entre Smart Badge et Visit Connect App ?<\/h2>\n<div><strong>\u00a0<\/strong><\/div>\n<p><\/div>\n<p><\/div>\n<p><\/p>\n<div class=\"elementor-element elementor-element-02a1dcf premium-table-dir-ltr elementor-widget elementor-widget-premium-tables-addon\" data-id=\"02a1dcf\" data-element_type=\"widget\" data-widget_type=\"premium-tables-addon.default\">\n<div class=\"elementor-widget-container\">\n<div class=\"premium-table-wrap\">\n<table class=\"premium-table\" data-settings=\"{&quot;sort&quot;:false,&quot;usNumbers&quot;:false,&quot;sortMob&quot;:false,&quot;search&quot;:false,&quot;records&quot;:false,&quot;dataType&quot;:&quot;custom&quot;,&quot;csvFile&quot;:null,&quot;firstRow&quot;:null,&quot;separator&quot;:null,&quot;pagination&quot;:&quot;&quot;,&quot;rows&quot;:0}\">\n<thead class=\"premium-table-head\">\n<tr class=\"premium-table-row\">\n<th class=\"premium-table-cell elementor-repeater-item-a9cc7ed\">Fonctionnalit\u00e9<\/th>\n<th class=\"premium-table-cell elementor-repeater-item-b6e3d63\"><span class=\"premium-table-text\">Smart Badge<\/span><\/th>\n<th class=\"premium-table-cell elementor-repeater-item-baf6154\"><span class=\"premium-table-text\">Visit Connect App<\/span><\/th>\n<\/tr>\n<\/thead>\n<tbody class=\"premium-table-body\">\n<tr class=\"premium-table-row elementor-repeater-item-a537c15\">\n<td class=\"premium-table-cell elementor-repeater-item-e5e221f\">Interaction requise ?<\/td>\n<td class=\"premium-table-cell elementor-repeater-item-876f878\">Non \u2013 fonctionne enti\u00e8rement automatiquement<\/td>\n<td class=\"premium-table-cell elementor-repeater-item-bf765db\">Oui \u2013 scan requis + possibilit\u00e9 d\u2019\u00e9change<\/td>\n<\/tr>\n<tr class=\"premium-table-row elementor-repeater-item-f155059\">\n<td class=\"premium-table-cell elementor-repeater-item-ca79c6d\">Ce que re\u00e7oit le visiteur ?<\/td>\n<td class=\"premium-table-cell elementor-repeater-item-505cae6\">Vos informations d\u2019entreprise par e-mail (bas\u00e9es sur les donn\u00e9es dans My Easyfairs)<\/td>\n<td class=\"premium-table-cell elementor-repeater-item-c0c2840\"><span class=\"premium-table-text\">\/<\/span><\/td>\n<\/tr>\n<tr class=\"premium-table-row elementor-repeater-item-b9fb964\">\n<td class=\"premium-table-cell elementor-repeater-item-fc6b6d4\">Ce que re\u00e7oit l\u2019exposant ?<\/td>\n<td class=\"premium-table-cell elementor-repeater-item-8d085dd\">Liste des visiteurs avec coordonn\u00e9es de ceux qui ont scann\u00e9<\/td>\n<td class=\"premium-table-cell elementor-repeater-item-78e5fe0\">Donn\u00e9es compl\u00e8tes des leads avec notes, tags, r\u00e9ponses, etc.<\/td>\n<\/tr>\n<tr class=\"premium-table-row elementor-repeater-item-3056711\">\n<td class=\"premium-table-cell elementor-repeater-item-183dd28\">Utilisation au salon<\/td>\n<td class=\"premium-table-cell elementor-repeater-item-ddea743\">Lecteur sur le stand, pr\u00eat \u00e0 l\u2019emploi<\/td>\n<td class=\"premium-table-cell elementor-repeater-item-868bd30\">Scanner les badges visiteurs avec votre propre appareil (smartphone\/tablette)<\/td>\n<\/tr>\n<tr class=\"premium-table-row elementor-repeater-item-71afb49\">\n<td class=\"premium-table-cell elementor-repeater-item-5d022bb\">Pr\u00e9paration<\/td>\n<td class=\"premium-table-cell elementor-repeater-item-00e9f98\">Compl\u00e9ter le profil dans My Easyfairs<\/td>\n<td class=\"premium-table-cell elementor-repeater-item-185e240\">Activer la licence + installer l\u2019application<\/td>\n<\/tr>\n<tr class=\"premium-table-row elementor-repeater-item-41332ee\">\n<td class=\"premium-table-cell elementor-repeater-item-97e15f6\">Disponible pour ?<\/td>\n<td class=\"premium-table-cell elementor-repeater-item-9a8a494\">Tous les exposants<\/td>\n<td class=\"premium-table-cell elementor-repeater-item-3777a34\">Tous les exposants<\/td>\n<\/tr>\n<tr class=\"premium-table-row elementor-repeater-item-41540c8\">\n<td class=\"premium-table-cell elementor-repeater-item-301af33\">Apr\u00e8s le salon<\/td>\n<td class=\"premium-table-cell elementor-repeater-item-d70672f\">T\u00e9l\u00e9charger les leads via My Easyfairs<\/td>\n<td class=\"premium-table-cell elementor-repeater-item-6843b71\">Exporter ou suivre les leads via Visit Connect<\/td>\n<\/tr>\n<\/tbody>\n<\/table>\n<\/div>\n<p><\/div>\n<p><\/div>\n\t\t\t\t\t\t\t\t<\/div>\n\t\t\t\t<\/div>\n\t\t\t\t<\/div>\n\t\t\t\t<\/div>\n\t\t<div class=\"elementor-element elementor-element-3d1b57c e-flex e-con-boxed e-con e-parent\" data-id=\"3d1b57c\" data-element_type=\"container\" data-settings=\"{&quot;background_background&quot;:&quot;classic&quot;}\">\n\t\t\t\t\t<div class=\"e-con-inner\">\n\t\t<div class=\"elementor-element elementor-element-37993c3 e-con-full e-flex e-con e-child\" data-id=\"37993c3\" data-element_type=\"container\" data-settings=\"{&quot;background_background&quot;:&quot;classic&quot;}\">\n\t\t\t\t<div class=\"elementor-element elementor-element-763daef elementor-widget elementor-widget-heading\" data-id=\"763daef\" data-element_type=\"widget\" data-widget_type=\"heading.default\">\n\t\t\t\t<div class=\"elementor-widget-container\">\n\t\t\t\t\t<h2 class=\"elementor-heading-title elementor-size-default\">Avez-vous encore des questions ou souhaitez-vous plus d\u2019informations ? Notre \u00e9quipe est pr\u00eate \u00e0 vous aider.<\/h2>\t\t\t\t<\/div>\n\t\t\t\t<\/div>\n\t\t\t\t<div class=\"elementor-element elementor-element-5c42423 elementor-widget elementor-widget-button\" data-id=\"5c42423\" data-element_type=\"widget\" data-widget_type=\"button.default\">\n\t\t\t\t<div class=\"elementor-widget-container\">\n\t\t\t\t\t\t\t\t\t<div class=\"elementor-button-wrapper\">\n\t\t\t\t\t<a class=\"elementor-button elementor-button-link elementor-size-sm\" href=\"https:\/\/www.pumps-valves-expo.be\/fr\/contact\/\">\n\t\t\t\t\t\t<span class=\"elementor-button-content-wrapper\">\n\t\t\t\t\t\t\t\t\t<span class=\"elementor-button-text\">Questions ?<\/span>\n\t\t\t\t\t<\/span>\n\t\t\t\t\t<\/a>\n\t\t\t\t<\/div>\n\t\t\t\t\t\t\t\t<\/div>\n\t\t\t\t<\/div>\n\t\t\t\t<\/div>\n\t\t\t\t\t<\/div>\n\t\t\t\t<\/div>\n\t\t\t\t<\/div>\n\t\t","protected":false},"excerpt":{"rendered":"<p>Suivi efficace des prospects avec Smart Badge &amp; Visit Connect App Smart Badge vs. Visit Connect \u00a0 Deux outils, un seul objectif : \u00e9tablir et suivre des connexions pr\u00e9cieuses. Pendant Pumps &amp; Valves, vous collectez facilement des prospects de valeur \u2013 sans outils complexes ni travail manuel. Utilisez intelligemment \u00e0 la fois le Smart Badge [&hellip;]<\/p>\n","protected":false},"author":949,"featured_media":0,"parent":0,"menu_order":0,"comment_status":"closed","ping_status":"closed","template":"","meta":{"_seopress_robots_primary_cat":"","_seopress_titles_title":"","_seopress_titles_desc":"","_seopress_robots_index":"","footnotes":""},"class_list":["post-154444","page","type-page","status-publish","hentry"],"_links":{"self":[{"href":"https:\/\/www.pumps-valves-expo.be\/fr\/wp-json\/wp\/v2\/pages\/154444","targetHints":{"allow":["GET"]}}],"collection":[{"href":"https:\/\/www.pumps-valves-expo.be\/fr\/wp-json\/wp\/v2\/pages"}],"about":[{"href":"https:\/\/www.pumps-valves-expo.be\/fr\/wp-json\/wp\/v2\/types\/page"}],"author":[{"embeddable":true,"href":"https:\/\/www.pumps-valves-expo.be\/fr\/wp-json\/wp\/v2\/users\/949"}],"replies":[{"embeddable":true,"href":"https:\/\/www.pumps-valves-expo.be\/fr\/wp-json\/wp\/v2\/comments?post=154444"}],"version-history":[{"count":4,"href":"https:\/\/www.pumps-valves-expo.be\/fr\/wp-json\/wp\/v2\/pages\/154444\/revisions"}],"predecessor-version":[{"id":160601,"href":"https:\/\/www.pumps-valves-expo.be\/fr\/wp-json\/wp\/v2\/pages\/154444\/revisions\/160601"}],"wp:attachment":[{"href":"https:\/\/www.pumps-valves-expo.be\/fr\/wp-json\/wp\/v2\/media?parent=154444"}],"curies":[{"name":"wp","href":"https:\/\/api.w.org\/{rel}","templated":true}]}}