{"id":154363,"date":"2025-11-26T12:44:42","date_gmt":"2025-11-26T11:44:42","guid":{"rendered":"https:\/\/www.pumps-valves-expo.be\/the-easyfairs-belgium-app\/"},"modified":"2026-01-05T12:49:19","modified_gmt":"2026-01-05T11:49:19","slug":"the-easyfairs-belgium-app","status":"publish","type":"page","link":"https:\/\/www.pumps-valves-expo.be\/fr\/the-easyfairs-belgium-app\/","title":{"rendered":"L\u2019application Easyfairs Belgium"},"content":{"rendered":"\t\t<div data-elementor-type=\"wp-page\" data-elementor-id=\"154363\" class=\"elementor elementor-154363 elementor-153697\" data-elementor-post-type=\"page\">\n\t\t\t\t<div class=\"elementor-element elementor-element-a0be7d5 e-flex e-con-boxed e-con e-child\" data-id=\"a0be7d5\" data-element_type=\"container\" data-settings=\"{&quot;background_background&quot;:&quot;classic&quot;}\">\n\t\t\t\t\t<div class=\"e-con-inner\">\n\t\t\t\t<div class=\"elementor-element elementor-element-e7bc49b elementor-widget__width-initial elementor-widget elementor-widget-heading\" data-id=\"e7bc49b\" data-element_type=\"widget\" data-widget_type=\"heading.default\">\n\t\t\t\t<div class=\"elementor-widget-container\">\n\t\t\t\t\t<h2 class=\"elementor-heading-title elementor-size-default\">Easyfairs Belgium app<\/h2>\t\t\t\t<\/div>\n\t\t\t\t<\/div>\n\t\t\t\t<div class=\"elementor-element elementor-element-31bd72e elementor-widget__width-initial elementor-widget elementor-widget-text-editor\" data-id=\"31bd72e\" data-element_type=\"widget\" data-widget_type=\"text-editor.default\">\n\t\t\t\t<div class=\"elementor-widget-container\">\n\t\t\t\t\t\t\t\t\t<p>L\u2019application Easyfairs Belgium est votre assistant intelligent pour une exp\u00e9rience optimale du salon. De la planification de votre agenda \u00e0 la d\u00e9couverte de nouveaux exposants et innovations, l\u2019application vous offre tout ce dont vous avez besoin pour tirer le meilleur parti de l\u2019\u00e9v\u00e9nement. Restez inform\u00e9 gr\u00e2ce aux notifications en temps r\u00e9el et saisissez des opportunit\u00e9s que vous auriez pu manquer autrement.<\/p>\n\t\t\t\t\t\t\t\t<\/div>\n\t\t\t\t<\/div>\n\t\t\t\t\t<\/div>\n\t\t\t\t<\/div>\n\t\t<div class=\"elementor-element elementor-element-d87126d e-flex e-con-boxed e-con e-parent\" data-id=\"d87126d\" data-element_type=\"container\" data-settings=\"{&quot;background_background&quot;:&quot;classic&quot;}\">\n\t\t\t\t\t<div class=\"e-con-inner\">\n\t\t\t\t<div class=\"elementor-element elementor-element-4795f56 elementor-widget elementor-widget-heading\" data-id=\"4795f56\" data-element_type=\"widget\" data-widget_type=\"heading.default\">\n\t\t\t\t<div class=\"elementor-widget-container\">\n\t\t\t\t\t<h2 class=\"elementor-heading-title elementor-size-default\"><br>Easyfairs Belgium app<\/h2>\t\t\t\t<\/div>\n\t\t\t\t<\/div>\n\t\t\t\t<div class=\"elementor-element elementor-element-9af21ce elementor-widget elementor-widget-text-editor\" data-id=\"9af21ce\" data-element_type=\"widget\" data-widget_type=\"text-editor.default\">\n\t\t\t\t<div class=\"elementor-widget-container\">\n\t\t\t\t\t\t\t\t\t<p data-start=\"84\" data-end=\"552\">L\u2019application vous offre <strong>un ensemble complet de fonctionnalit\u00e9s<\/strong> pour <strong>enrichir votre exp\u00e9rience \u2014 avant, pendant et apr\u00e8s l\u2019\u00e9v\u00e9nement<\/strong> ! D\u00e9couvrez facilement <strong>de nouveaux exposants, recevez des mises \u00e0 jour en temps r\u00e9el, naviguez rapidement sur le salon et restez toujours inform\u00e9 des activit\u00e9s importantes.<\/strong> Avec l\u2019application, vous tirerez le meilleur parti de votre visite et ne manquerez aucune opportunit\u00e9 de r\u00e9seauter ou de d\u00e9couvrir des solutions innovantes.<\/p>\n<p><\/p>\n<p data-start=\"554\" data-end=\"979\" data-is-last-node=\"\" data-is-only-node=\"\">Gr\u00e2ce \u00e0 l\u2019application, vous \u00eates toujours bien pr\u00e9par\u00e9 et pouvez <strong>r\u00e9agir de mani\u00e8re flexible<\/strong> aux nouvelles opportunit\u00e9s. Que vous souhaitiez trouver rapidement un stand sp\u00e9cifique, exprimer votre int\u00e9r\u00eat pour une session ou rester inform\u00e9 des \u00e9v\u00e9nements \u00e0 venir, l\u2019application vous fournit tout ce dont vous avez besoin pour optimiser votre visite. <strong>Rendez votre exp\u00e9rience plus efficace et assurez-vous de ne rien manquer.<\/strong><\/p>\n\t\t\t\t\t\t\t\t<\/div>\n\t\t\t\t<\/div>\n\t\t<div class=\"elementor-element elementor-element-4d99f7b e-con-full e-grid e-con e-child\" data-id=\"4d99f7b\" data-element_type=\"container\">\n\t\t<div class=\"elementor-element elementor-element-8f93c58 e-flex e-con-boxed e-con e-child\" data-id=\"8f93c58\" data-element_type=\"container\" data-settings=\"{&quot;background_background&quot;:&quot;classic&quot;}\">\n\t\t\t\t\t<div class=\"e-con-inner\">\n\t\t<div class=\"elementor-element elementor-element-f447c66 e-con-full e-flex e-con e-child\" data-id=\"f447c66\" data-element_type=\"container\">\n\t\t\t\t<div class=\"elementor-element elementor-element-457c6e7 elementor-widget__width-inherit elementor-widget elementor-widget-heading\" data-id=\"457c6e7\" data-element_type=\"widget\" data-widget_type=\"heading.default\">\n\t\t\t\t<div class=\"elementor-widget-container\">\n\t\t\t\t\t<h2 class=\"elementor-heading-title elementor-size-default\">Faites le premier pas et commencez d\u00e8s maintenant \u00e0 planifier votre visite<\/h2>\t\t\t\t<\/div>\n\t\t\t\t<\/div>\n\t\t\t\t<div class=\"elementor-element elementor-element-2b571f3 elementor-widget__width-initial elementor-view-default elementor-widget elementor-widget-icon\" data-id=\"2b571f3\" data-element_type=\"widget\" data-widget_type=\"icon.default\">\n\t\t\t\t<div class=\"elementor-widget-container\">\n\t\t\t\t\t\t\t<div class=\"elementor-icon-wrapper\">\n\t\t\t<div class=\"elementor-icon\">\n\t\t\t<svg aria-hidden=\"true\" class=\"e-font-icon-svg e-fas-rocket\" viewBox=\"0 0 512 512\" xmlns=\"http:\/\/www.w3.org\/2000\/svg\"><path d=\"M505.12019,19.09375c-1.18945-5.53125-6.65819-11-12.207-12.1875C460.716,0,435.507,0,410.40747,0,307.17523,0,245.26909,55.20312,199.05238,128H94.83772c-16.34763.01562-35.55658,11.875-42.88664,26.48438L2.51562,253.29688A28.4,28.4,0,0,0,0,264a24.00867,24.00867,0,0,0,24.00582,24H127.81618l-22.47457,22.46875c-11.36521,11.36133-12.99607,32.25781,0,45.25L156.24582,406.625c11.15623,11.1875,32.15619,13.15625,45.27726,0l22.47457-22.46875V488a24.00867,24.00867,0,0,0,24.00581,24,28.55934,28.55934,0,0,0,10.707-2.51562l98.72834-49.39063c14.62888-7.29687,26.50776-26.5,26.50776-42.85937V312.79688c72.59753-46.3125,128.03493-108.40626,128.03493-211.09376C512.07526,76.5,512.07526,51.29688,505.12019,19.09375ZM384.04033,168A40,40,0,1,1,424.05,128,40.02322,40.02322,0,0,1,384.04033,168Z\"><\/path><\/svg>\t\t\t<\/div>\n\t\t<\/div>\n\t\t\t\t\t\t<\/div>\n\t\t\t\t<\/div>\n\t\t\t\t<div class=\"elementor-element elementor-element-9d2e0fe elementor-widget elementor-widget-text-editor\" data-id=\"9d2e0fe\" data-element_type=\"widget\" data-widget_type=\"text-editor.default\">\n\t\t\t\t<div class=\"elementor-widget-container\">\n\t\t\t\t\t\t\t\t\t<p>Planifier votre visite \u00e0 Pumps &amp; Valves est la cl\u00e9 d&rsquo;une exp\u00e9rience r\u00e9ussie. Gr\u00e2ce \u00e0 la nouvelle application, il est facile de pr\u00e9parer votre journ\u00e9e au salon, de saisir les opportunit\u00e9s et de tirer le meilleur parti de l&rsquo;\u00e9v\u00e9nement !<\/p>\n\t\t\t\t\t\t\t\t<\/div>\n\t\t\t\t<\/div>\n\t\t\t\t<\/div>\n\t\t\t\t\t<\/div>\n\t\t\t\t<\/div>\n\t\t<div class=\"elementor-element elementor-element-b57a6eb e-con-full e-flex e-con e-child\" data-id=\"b57a6eb\" data-element_type=\"container\" data-settings=\"{&quot;background_background&quot;:&quot;classic&quot;}\">\n\t\t<div class=\"elementor-element elementor-element-988133d e-con-full e-flex e-con e-child\" data-id=\"988133d\" data-element_type=\"container\">\n\t\t\t\t<div class=\"elementor-element elementor-element-60847a9 elementor-widget__width-inherit elementor-widget elementor-widget-heading\" data-id=\"60847a9\" data-element_type=\"widget\" data-widget_type=\"heading.default\">\n\t\t\t\t<div class=\"elementor-widget-container\">\n\t\t\t\t\t<h2 class=\"elementor-heading-title elementor-size-default\">Recevez des recommandations personnalis\u00e9es<br><\/h2>\t\t\t\t<\/div>\n\t\t\t\t<\/div>\n\t\t\t\t<div class=\"elementor-element elementor-element-8df1460 elementor-view-default elementor-widget elementor-widget-icon\" data-id=\"8df1460\" data-element_type=\"widget\" data-widget_type=\"icon.default\">\n\t\t\t\t<div class=\"elementor-widget-container\">\n\t\t\t\t\t\t\t<div class=\"elementor-icon-wrapper\">\n\t\t\t<div class=\"elementor-icon\">\n\t\t\t<svg aria-hidden=\"true\" class=\"e-font-icon-svg e-fas-handshake\" viewBox=\"0 0 640 512\" xmlns=\"http:\/\/www.w3.org\/2000\/svg\"><path d=\"M434.7 64h-85.9c-8 0-15.7 3-21.6 8.4l-98.3 90c-.1.1-.2.3-.3.4-16.6 15.6-16.3 40.5-2.1 56 12.7 13.9 39.4 17.6 56.1 2.7.1-.1.3-.1.4-.2l79.9-73.2c6.5-5.9 16.7-5.5 22.6 1 6 6.5 5.5 16.6-1 22.6l-26.1 23.9L504 313.8c2.9 2.4 5.5 5 7.9 7.7V128l-54.6-54.6c-5.9-6-14.1-9.4-22.6-9.4zM544 128.2v223.9c0 17.7 14.3 32 32 32h64V128.2h-96zm48 223.9c-8.8 0-16-7.2-16-16s7.2-16 16-16 16 7.2 16 16-7.2 16-16 16zM0 384h64c17.7 0 32-14.3 32-32V128.2H0V384zm48-63.9c8.8 0 16 7.2 16 16s-7.2 16-16 16-16-7.2-16-16c0-8.9 7.2-16 16-16zm435.9 18.6L334.6 217.5l-30 27.5c-29.7 27.1-75.2 24.5-101.7-4.4-26.9-29.4-24.8-74.9 4.4-101.7L289.1 64h-83.8c-8.5 0-16.6 3.4-22.6 9.4L128 128v223.9h18.3l90.5 81.9c27.4 22.3 67.7 18.1 90-9.3l.2-.2 17.9 15.5c15.9 13 39.4 10.5 52.3-5.4l31.4-38.6 5.4 4.4c13.7 11.1 33.9 9.1 45-4.7l9.5-11.7c11.2-13.8 9.1-33.9-4.6-45.1z\"><\/path><\/svg>\t\t\t<\/div>\n\t\t<\/div>\n\t\t\t\t\t\t<\/div>\n\t\t\t\t<\/div>\n\t\t\t\t<div class=\"elementor-element elementor-element-c7aaa97 elementor-widget elementor-widget-text-editor\" data-id=\"c7aaa97\" data-element_type=\"widget\" data-widget_type=\"text-editor.default\">\n\t\t\t\t<div class=\"elementor-widget-container\">\n\t\t\t\t\t\t\t\t\t<p>Recevez des suggestions personnalis\u00e9es des meilleures personnes \u00e0 rencontrer. Gr\u00e2ce \u00e0 des algorithmes intelligents, vos pr\u00e9f\u00e9rences sont analys\u00e9es et les connexions les plus pr\u00e9cieuses vous sont propos\u00e9es.<\/p>\n\t\t\t\t\t\t\t\t<\/div>\n\t\t\t\t<\/div>\n\t\t\t\t<\/div>\n\t\t\t\t<\/div>\n\t\t<div class=\"elementor-element elementor-element-df79415 e-flex e-con-boxed e-con e-child\" data-id=\"df79415\" data-element_type=\"container\" data-settings=\"{&quot;background_background&quot;:&quot;classic&quot;}\">\n\t\t\t\t\t<div class=\"e-con-inner\">\n\t\t<div class=\"elementor-element elementor-element-fdda362 e-con-full e-flex e-con e-child\" data-id=\"fdda362\" data-element_type=\"container\">\n\t\t\t\t<div class=\"elementor-element elementor-element-105e846 elementor-widget__width-inherit elementor-widget elementor-widget-heading\" data-id=\"105e846\" data-element_type=\"widget\" data-widget_type=\"heading.default\">\n\t\t\t\t<div class=\"elementor-widget-container\">\n\t\t\t\t\t<h2 class=\"elementor-heading-title elementor-size-default\">Cr\u00e9ez votre programme id\u00e9al !<\/h2>\t\t\t\t<\/div>\n\t\t\t\t<\/div>\n\t\t\t\t<div class=\"elementor-element elementor-element-ab1f0c8 elementor-view-default elementor-widget elementor-widget-icon\" data-id=\"ab1f0c8\" data-element_type=\"widget\" data-widget_type=\"icon.default\">\n\t\t\t\t<div class=\"elementor-widget-container\">\n\t\t\t\t\t\t\t<div class=\"elementor-icon-wrapper\">\n\t\t\t<div class=\"elementor-icon\">\n\t\t\t<svg aria-hidden=\"true\" class=\"e-font-icon-svg e-fas-calendar-check\" viewBox=\"0 0 448 512\" xmlns=\"http:\/\/www.w3.org\/2000\/svg\"><path d=\"M436 160H12c-6.627 0-12-5.373-12-12v-36c0-26.51 21.49-48 48-48h48V12c0-6.627 5.373-12 12-12h40c6.627 0 12 5.373 12 12v52h128V12c0-6.627 5.373-12 12-12h40c6.627 0 12 5.373 12 12v52h48c26.51 0 48 21.49 48 48v36c0 6.627-5.373 12-12 12zM12 192h424c6.627 0 12 5.373 12 12v260c0 26.51-21.49 48-48 48H48c-26.51 0-48-21.49-48-48V204c0-6.627 5.373-12 12-12zm333.296 95.947l-28.169-28.398c-4.667-4.705-12.265-4.736-16.97-.068L194.12 364.665l-45.98-46.352c-4.667-4.705-12.266-4.736-16.971-.068l-28.397 28.17c-4.705 4.667-4.736 12.265-.068 16.97l82.601 83.269c4.667 4.705 12.265 4.736 16.97.068l142.953-141.805c4.705-4.667 4.736-12.265.068-16.97z\"><\/path><\/svg>\t\t\t<\/div>\n\t\t<\/div>\n\t\t\t\t\t\t<\/div>\n\t\t\t\t<\/div>\n\t\t\t\t<div class=\"elementor-element elementor-element-a608063 elementor-widget elementor-widget-text-editor\" data-id=\"a608063\" data-element_type=\"widget\" data-widget_type=\"text-editor.default\">\n\t\t\t\t<div class=\"elementor-widget-container\">\n\t\t\t\t\t\t\t\t\t<article class=\"text-token-text-primary w-full focus:outline-none [--shadow-height:45px] has-data-writing-block:pointer-events-none has-data-writing-block:-mt-(--shadow-height) has-data-writing-block:pt-(--shadow-height) [&amp;:has([data-writing-block])&gt;*]:pointer-events-auto scroll-mt-[calc(var(--header-height)+min(200px,max(70px,20svh)))]\" dir=\"auto\" tabindex=\"-1\" data-turn-id=\"request-WEB:8b3f4d76-9dc0-4155-8e5f-e28dc153dc15-16\" data-testid=\"conversation-turn-34\" data-scroll-anchor=\"true\" data-turn=\"assistant\">\n<div class=\"text-base my-auto mx-auto pb-10 [--thread-content-margin:--spacing(4)] thread-sm:[--thread-content-margin:--spacing(6)] thread-lg:[--thread-content-margin:--spacing(16)] px-(--thread-content-margin)\">\n<div class=\"[--thread-content-max-width:40rem] thread-lg:[--thread-content-max-width:48rem] mx-auto max-w-(--thread-content-max-width) flex-1 group\/turn-messages focus-visible:outline-hidden relative flex w-full min-w-0 flex-col agent-turn\" tabindex=\"-1\">\n<div class=\"flex max-w-full flex-col grow\">\n<div class=\"min-h-8 text-message relative flex w-full flex-col items-end gap-2 text-start break-words whitespace-normal [.text-message+&amp;]:mt-1\" dir=\"auto\" data-message-author-role=\"assistant\" data-message-id=\"fd839ac5-6f6e-450e-abd5-e791cfee75f9\" data-message-model-slug=\"gpt-5-mini\">\n<div class=\"flex w-full flex-col gap-1 empty:hidden first:pt-[1px]\">\n<div class=\"markdown prose dark:prose-invert w-full break-words light markdown-new-styling\">\n<p data-start=\"69\" data-end=\"328\" data-is-last-node=\"\" data-is-only-node=\"\">Restez toujours \u00e0 jour et ne manquez plus jamais une session importante ! Explorez le programme des s\u00e9minaires, d\u00e9couvrez plus en d\u00e9tail les intervenants et les sujets, et ajoutez facilement les sessions que vous souhaitez suivre \u00e0 votre agenda personnel.<\/p>\n<\/div>\n<\/div>\n<\/div>\n<\/div>\n<div class=\"z-0 flex min-h-[46px] justify-start\"><\/div>\n<\/div>\n<\/div>\n<\/article>\n<p><\/p>\n<div class=\"pointer-events-none h-px w-px\" aria-hidden=\"true\" data-edge=\"true\"><\/div>\n\t\t\t\t\t\t\t\t<\/div>\n\t\t\t\t<\/div>\n\t\t\t\t<\/div>\n\t\t\t\t\t<\/div>\n\t\t\t\t<\/div>\n\t\t\t\t<\/div>\n\t\t<div class=\"elementor-element elementor-element-77c7772 e-con-full e-flex e-con e-child\" data-id=\"77c7772\" data-element_type=\"container\" data-settings=\"{&quot;background_background&quot;:&quot;classic&quot;}\">\n\t\t<div class=\"elementor-element elementor-element-fd8c007 e-flex e-con-boxed e-con e-child\" data-id=\"fd8c007\" data-element_type=\"container\">\n\t\t\t\t\t<div class=\"e-con-inner\">\n\t\t\t\t<div class=\"elementor-element elementor-element-e7409ed elementor-widget elementor-widget-heading\" data-id=\"e7409ed\" data-element_type=\"widget\" data-widget_type=\"heading.default\">\n\t\t\t\t<div class=\"elementor-widget-container\">\n\t\t\t\t\t<h2 class=\"elementor-heading-title elementor-size-default\">Avantages de l\u2019application Easyfairs Belgium<\/h2>\t\t\t\t<\/div>\n\t\t\t\t<\/div>\n\t\t\t\t<div class=\"elementor-element elementor-element-ed1541e elementor-widget elementor-widget-text-editor\" data-id=\"ed1541e\" data-element_type=\"widget\" data-widget_type=\"text-editor.default\">\n\t\t\t\t<div class=\"elementor-widget-container\">\n\t\t\t\t\t\t\t\t\t<ol>\n<li><strong data-start=\"84\" data-end=\"109\">R\u00e9seautage efficace :<\/strong> Identifiez facilement les coll\u00e8gues et sp\u00e9cialistes correspondant \u00e0 vos besoins et planifiez vos rendez-vous de mani\u00e8re cibl\u00e9e.<\/li>\n<li><strong data-start=\"240\" data-end=\"267\">Exp\u00e9rience sur mesure :<\/strong> Recevez des suggestions parfaitement adapt\u00e9es \u00e0 vos pr\u00e9f\u00e9rences et exigences professionnelles.<\/li>\n<li><strong data-start=\"365\" data-end=\"386\">Rester organis\u00e9 :<\/strong> G\u00e9rez votre agenda, vos rendez-vous et vos ateliers de mani\u00e8re claire et centralis\u00e9e.<\/li>\n<li><strong data-start=\"475\" data-end=\"497\">Toujours inform\u00e9 :<\/strong> Recevez des notifications et mises \u00e0 jour en temps r\u00e9el sur l\u2019\u00e9v\u00e9nement, pour ne manquer aucun moment essentiel.<\/li>\n<\/ol>\n\t\t\t\t\t\t\t\t<\/div>\n\t\t\t\t<\/div>\n\t\t\t\t\t<\/div>\n\t\t\t\t<\/div>\n\t\t<div class=\"elementor-element elementor-element-c444459 e-flex e-con-boxed e-con e-child\" data-id=\"c444459\" data-element_type=\"container\" data-settings=\"{&quot;background_background&quot;:&quot;classic&quot;}\">\n\t\t\t\t\t<div class=\"e-con-inner\">\n\t\t\t\t<div class=\"elementor-element elementor-element-b7bd528 elementor-widget elementor-widget-image\" data-id=\"b7bd528\" data-element_type=\"widget\" data-widget_type=\"image.default\">\n\t\t\t\t<div class=\"elementor-widget-container\">\n\t\t\t\t\t\t\t\t\t\t\t\t\t\t\t<img fetchpriority=\"high\" decoding=\"async\" width=\"800\" height=\"534\" src=\"https:\/\/easyfairsassets.com\/sites\/181\/2025\/11\/53612446309_4ba7d41fb4_b.jpg\" class=\"attachment-large size-large wp-image-153728\" alt=\"\" srcset=\"https:\/\/easyfairsassets.com\/sites\/181\/2025\/11\/53612446309_4ba7d41fb4_b.jpg 1024w, https:\/\/easyfairsassets.com\/sites\/181\/2025\/11\/53612446309_4ba7d41fb4_b-300x200.jpg 300w, https:\/\/easyfairsassets.com\/sites\/181\/2025\/11\/53612446309_4ba7d41fb4_b-768x512.jpg 768w\" sizes=\"(max-width: 800px) 100vw, 800px\" \/>\t\t\t\t\t\t\t\t\t\t\t\t\t\t\t<\/div>\n\t\t\t\t<\/div>\n\t\t\t\t\t<\/div>\n\t\t\t\t<\/div>\n\t\t\t\t<\/div>\n\t\t<div class=\"elementor-element elementor-element-ab2d5df e-con-full e-flex e-con e-child\" data-id=\"ab2d5df\" data-element_type=\"container\" data-settings=\"{&quot;background_background&quot;:&quot;classic&quot;}\">\n\t\t<div class=\"elementor-element elementor-element-562df0d e-con-full e-flex e-con e-child\" data-id=\"562df0d\" data-element_type=\"container\" data-settings=\"{&quot;background_background&quot;:&quot;classic&quot;}\">\n\t\t\t\t<\/div>\n\t\t<div class=\"elementor-element elementor-element-72e5831 e-flex e-con-boxed e-con e-child\" data-id=\"72e5831\" data-element_type=\"container\">\n\t\t\t\t\t<div class=\"e-con-inner\">\n\t\t\t\t<div class=\"elementor-element elementor-element-c1aaf1c elementor-widget elementor-widget-heading\" data-id=\"c1aaf1c\" data-element_type=\"widget\" data-widget_type=\"heading.default\">\n\t\t\t\t<div class=\"elementor-widget-container\">\n\t\t\t\t\t<h2 class=\"elementor-heading-title elementor-size-default\">Comment \u00e7a fonctionne ?<\/h2>\t\t\t\t<\/div>\n\t\t\t\t<\/div>\n\t\t\t\t<div class=\"elementor-element elementor-element-3ee0651 elementor-widget elementor-widget-text-editor\" data-id=\"3ee0651\" data-element_type=\"widget\" data-widget_type=\"text-editor.default\">\n\t\t\t\t<div class=\"elementor-widget-container\">\n\t\t\t\t\t\t\t\t\t<ol>\n<li data-start=\"78\" data-end=\"249\"><strong data-start=\"78\" data-end=\"117\">Inscrivez-vous \u00e0 Pumps and Valves :<\/strong> Inscrivez-vous \u00e0 l\u2019\u00e9v\u00e9nement et recevez un e-mail de confirmation contenant un lien pour activer votre compte dans l\u2019application.<\/li>\n<li data-start=\"251\" data-end=\"456\"><strong data-start=\"251\" data-end=\"300\">T\u00e9l\u00e9chargez l\u2019application Easyfairs Belgium :<\/strong> L\u2019application est disponible sur Android et iOS. Utilisez le lien de t\u00e9l\u00e9chargement dans l\u2019e-mail de confirmation ou scannez le QR code pour l\u2019installer.<\/li>\n<li data-start=\"458\" data-end=\"613\"><strong data-start=\"458\" data-end=\"487\">Configurez votre profil :<\/strong> Remplissez votre profil avec vos centres d\u2019int\u00e9r\u00eat, les informations de votre entreprise et vos objectifs pour l\u2019\u00e9v\u00e9nement.<\/li>\n<li data-start=\"615\" data-end=\"787\"><strong data-start=\"615\" data-end=\"663\">Recevez des recommandations personnalis\u00e9es :<\/strong> L\u2019application analyse vos pr\u00e9f\u00e9rences et vous propose des exposants, s\u00e9minaires et opportunit\u00e9s de r\u00e9seautage pertinents.<\/li>\n<li data-start=\"789\" data-end=\"955\"><strong data-start=\"789\" data-end=\"816\">Planifiez et profitez :<\/strong> Utilisez l\u2019application pour organiser vos rendez-vous, g\u00e9rer votre agenda et tirer le meilleur parti de votre exp\u00e9rience Pumps and Valves.<\/li>\n<\/ol>\n\t\t\t\t\t\t\t\t<\/div>\n\t\t\t\t<\/div>\n\t\t\t\t\t<\/div>\n\t\t\t\t<\/div>\n\t\t\t\t<\/div>\n\t\t\t\t\t<\/div>\n\t\t\t\t<\/div>\n\t\t<div class=\"elementor-element elementor-element-b77b6b1 e-flex e-con-boxed e-con e-parent\" data-id=\"b77b6b1\" data-element_type=\"container\" data-settings=\"{&quot;background_background&quot;:&quot;classic&quot;}\">\n\t\t\t\t\t<div class=\"e-con-inner\">\n\t\t<div class=\"elementor-element elementor-element-7cae670 e-con-full e-flex e-con e-child\" data-id=\"7cae670\" data-element_type=\"container\" data-settings=\"{&quot;background_background&quot;:&quot;classic&quot;}\">\n\t\t\t\t<div class=\"elementor-element elementor-element-8922688 elementor-widget elementor-widget-heading\" data-id=\"8922688\" data-element_type=\"widget\" data-widget_type=\"heading.default\">\n\t\t\t\t<div class=\"elementor-widget-container\">\n\t\t\t\t\t<h2 class=\"elementor-heading-title elementor-size-default\">Tirez le meilleur parti de votre visite \u00e0 Pumps and Valves !<\/h2>\t\t\t\t<\/div>\n\t\t\t\t<\/div>\n\t\t\t\t<div class=\"elementor-element elementor-element-41d63f6 elementor-widget elementor-widget-text-editor\" data-id=\"41d63f6\" data-element_type=\"widget\" data-widget_type=\"text-editor.default\">\n\t\t\t\t<div class=\"elementor-widget-container\">\n\t\t\t\t\t\t\t\t\t<p>Optimisez votre visite au salon, cr\u00e9ez de nouvelles connexions et restez inform\u00e9 de tout ce que Pumps and Valves a \u00e0 offrir.<\/p>\n\t\t\t\t\t\t\t\t<\/div>\n\t\t\t\t<\/div>\n\t\t\t\t<div class=\"elementor-element elementor-element-ab119ec elementor-widget elementor-widget-button\" data-id=\"ab119ec\" data-element_type=\"widget\" data-widget_type=\"button.default\">\n\t\t\t\t<div class=\"elementor-widget-container\">\n\t\t\t\t\t\t\t\t\t<div class=\"elementor-button-wrapper\">\n\t\t\t\t\t<a class=\"elementor-button elementor-button-link elementor-size-sm\" href=\"https:\/\/apps.apple.com\/nl\/app\/easyfairs-belgium\/id6680193572\">\n\t\t\t\t\t\t<span class=\"elementor-button-content-wrapper\">\n\t\t\t\t\t\t\t\t\t<span class=\"elementor-button-text\">Apple App Store <\/span>\n\t\t\t\t\t<\/span>\n\t\t\t\t\t<\/a>\n\t\t\t\t<\/div>\n\t\t\t\t\t\t\t\t<\/div>\n\t\t\t\t<\/div>\n\t\t\t\t<div class=\"elementor-element elementor-element-1a5339e elementor-widget elementor-widget-button\" data-id=\"1a5339e\" data-element_type=\"widget\" data-widget_type=\"button.default\">\n\t\t\t\t<div class=\"elementor-widget-container\">\n\t\t\t\t\t\t\t\t\t<div class=\"elementor-button-wrapper\">\n\t\t\t\t\t<a class=\"elementor-button elementor-button-link elementor-size-sm\" href=\"https:\/\/play.google.com\/store\/apps\/details?id=events.grip.efbe1047&#038;hl=en\">\n\t\t\t\t\t\t<span class=\"elementor-button-content-wrapper\">\n\t\t\t\t\t\t\t\t\t<span class=\"elementor-button-text\">Google Play Store<\/span>\n\t\t\t\t\t<\/span>\n\t\t\t\t\t<\/a>\n\t\t\t\t<\/div>\n\t\t\t\t\t\t\t\t<\/div>\n\t\t\t\t<\/div>\n\t\t\t\t<\/div>\n\t\t\t\t\t<\/div>\n\t\t\t\t<\/div>\n\t\t\t\t<\/div>\n\t\t","protected":false},"excerpt":{"rendered":"<p>Easyfairs Belgium app L\u2019application Easyfairs Belgium est votre assistant intelligent pour une exp\u00e9rience optimale du salon. De la planification de votre agenda \u00e0 la d\u00e9couverte de nouveaux exposants et innovations, l\u2019application vous offre tout ce dont vous avez besoin pour tirer le meilleur parti de l\u2019\u00e9v\u00e9nement. Restez inform\u00e9 gr\u00e2ce aux notifications en temps r\u00e9el et [&hellip;]<\/p>\n","protected":false},"author":949,"featured_media":0,"parent":0,"menu_order":0,"comment_status":"closed","ping_status":"closed","template":"","meta":{"_seopress_robots_primary_cat":"","_seopress_titles_title":"","_seopress_titles_desc":"","_seopress_robots_index":"","footnotes":""},"class_list":["post-154363","page","type-page","status-publish","hentry"],"_links":{"self":[{"href":"https:\/\/www.pumps-valves-expo.be\/fr\/wp-json\/wp\/v2\/pages\/154363","targetHints":{"allow":["GET"]}}],"collection":[{"href":"https:\/\/www.pumps-valves-expo.be\/fr\/wp-json\/wp\/v2\/pages"}],"about":[{"href":"https:\/\/www.pumps-valves-expo.be\/fr\/wp-json\/wp\/v2\/types\/page"}],"author":[{"embeddable":true,"href":"https:\/\/www.pumps-valves-expo.be\/fr\/wp-json\/wp\/v2\/users\/949"}],"replies":[{"embeddable":true,"href":"https:\/\/www.pumps-valves-expo.be\/fr\/wp-json\/wp\/v2\/comments?post=154363"}],"version-history":[{"count":5,"href":"https:\/\/www.pumps-valves-expo.be\/fr\/wp-json\/wp\/v2\/pages\/154363\/revisions"}],"predecessor-version":[{"id":156964,"href":"https:\/\/www.pumps-valves-expo.be\/fr\/wp-json\/wp\/v2\/pages\/154363\/revisions\/156964"}],"wp:attachment":[{"href":"https:\/\/www.pumps-valves-expo.be\/fr\/wp-json\/wp\/v2\/media?parent=154363"}],"curies":[{"name":"wp","href":"https:\/\/api.w.org\/{rel}","templated":true}]}}