{"id":154309,"date":"2025-11-24T14:58:03","date_gmt":"2025-11-24T13:58:03","guid":{"rendered":"https:\/\/www.pumps-valves-expo.be\/secteurs\/"},"modified":"2026-02-26T11:47:48","modified_gmt":"2026-02-26T10:47:48","slug":"secteurs","status":"publish","type":"page","link":"https:\/\/www.pumps-valves-expo.be\/fr\/secteurs\/","title":{"rendered":"Secteurs"},"content":{"rendered":"\t\t<div data-elementor-type=\"wp-page\" data-elementor-id=\"154309\" class=\"elementor elementor-154309 elementor-144698\" data-elementor-post-type=\"page\">\n\t\t\t\t<div class=\"elementor-element elementor-element-b618d35 e-flex e-con-boxed e-con e-parent\" data-id=\"b618d35\" data-element_type=\"container\" data-settings=\"{&quot;background_background&quot;:&quot;classic&quot;}\">\n\t\t\t\t\t<div class=\"e-con-inner\">\n\t\t<div class=\"elementor-element elementor-element-2d9dfdd e-con-full e-flex e-con e-child\" data-id=\"2d9dfdd\" data-element_type=\"container\" data-settings=\"{&quot;background_background&quot;:&quot;classic&quot;}\">\n\t\t<div class=\"elementor-element elementor-element-3bf4a11 e-con-full e-flex e-con e-child\" data-id=\"3bf4a11\" data-element_type=\"container\">\n\t\t\t\t<div class=\"elementor-element elementor-element-1e7d094 elementor-widget elementor-widget-heading\" data-id=\"1e7d094\" data-element_type=\"widget\" data-widget_type=\"heading.default\">\n\t\t\t\t<div class=\"elementor-widget-container\">\n\t\t\t\t\t<h1 class=\"elementor-heading-title elementor-size-default\">Qui est le visiteur de Pumps &amp; Valves ?<\/h1>\t\t\t\t<\/div>\n\t\t\t\t<\/div>\n\t\t\t\t<div class=\"elementor-element elementor-element-ecc3d3f elementor-widget elementor-widget-text-editor\" data-id=\"ecc3d3f\" data-element_type=\"widget\" data-widget_type=\"text-editor.default\">\n\t\t\t\t<div class=\"elementor-widget-container\">\n\t\t\t\t\t\t\t\t\t<p>Pumps &amp; Valves est le moment id\u00e9al pour toutes les entreprises\u00a0<strong>offrant des solutions pour le traitement des liquides et des gaz<\/strong>, afin de se rencontrer, de r\u00e9seauter, d\u2019apprendre, de s\u2019inspirer et de d\u00e9couvrir des innovations.<\/p>\n<p>Les visiteurs de Pumps &amp; Valves sont un m\u00e9lange de d\u00e9cideurs cl\u00e9s et d\u2019experts. Ils recherchent des solutions, de nouvelles technologies et des innovations. Leur objectif est de comparer et d\u2019\u00e9tablir de nouveaux contacts professionnels, dans le but final de conclure des affaires de valeur.<\/p>\n\t\t\t\t\t\t\t\t<\/div>\n\t\t\t\t<\/div>\n\t\t\t\t<\/div>\n\t\t\t\t<\/div>\n\t\t\t\t\t<\/div>\n\t\t\t\t<\/div>\n\t\t<div class=\"elementor-element elementor-element-2df8f5b e-flex e-con-boxed e-con e-parent\" data-id=\"2df8f5b\" data-element_type=\"container\">\n\t\t\t\t\t<div class=\"e-con-inner\">\n\t\t\t\t<div class=\"elementor-element elementor-element-a9664aa elementor-widget elementor-widget-heading\" data-id=\"a9664aa\" data-element_type=\"widget\" data-widget_type=\"heading.default\">\n\t\t\t\t<div class=\"elementor-widget-container\">\n\t\t\t\t\t<h2 class=\"elementor-heading-title elementor-size-default\">Secteurs dans lesquels nos visiteurs sont actifs<\/h2>\t\t\t\t<\/div>\n\t\t\t\t<\/div>\n\t\t\t\t\t<\/div>\n\t\t\t\t<\/div>\n\t\t<div class=\"elementor-element elementor-element-797a6cf e-flex e-con-boxed e-con e-parent\" data-id=\"797a6cf\" data-element_type=\"container\">\n\t\t\t\t\t<div class=\"e-con-inner\">\n\t\t<div class=\"elementor-element elementor-element-51bd52d e-con-full e-flex e-con e-child\" data-id=\"51bd52d\" data-element_type=\"container\">\n\t\t<div class=\"elementor-element elementor-element-cbde54b e-con-full skewed-box e-flex e-con e-child\" data-id=\"cbde54b\" data-element_type=\"container\" data-settings=\"{&quot;background_background&quot;:&quot;classic&quot;}\">\n\t\t\t\t<div class=\"elementor-element elementor-element-01573a9 elementor-widget__width-inherit elementor-widget elementor-widget-heading\" data-id=\"01573a9\" data-element_type=\"widget\" data-widget_type=\"heading.default\">\n\t\t\t\t<div class=\"elementor-widget-container\">\n\t\t\t\t\t<h2 class=\"elementor-heading-title elementor-size-default\">Chimie<\/h2>\t\t\t\t<\/div>\n\t\t\t\t<\/div>\n\t\t\t\t<div class=\"elementor-element elementor-element-d1acf83 elementor-widget elementor-widget-image\" data-id=\"d1acf83\" data-element_type=\"widget\" data-widget_type=\"image.default\">\n\t\t\t\t<div class=\"elementor-widget-container\">\n\t\t\t\t\t\t\t\t\t\t\t\t\t\t\t<img decoding=\"async\" src=\"https:\/\/easyfairsassets.com\/sites\/181\/elementor\/thumbs\/PV_Chemie-rafhewk7kov36x6l9kta2t6ik41r9f26lqytinctrs.jpg\" title=\"Industrial,Zone,the,Equipment,Of,Oil,Refining,close-up,Of,Industrial,Pipelines,Of\" alt=\"chemie sector\" loading=\"lazy\" \/>\t\t\t\t\t\t\t\t\t\t\t\t\t\t\t<\/div>\n\t\t\t\t<\/div>\n\t\t\t\t<\/div>\n\t\t\t\t<\/div>\n\t\t<div class=\"elementor-element elementor-element-16c783b e-con-full e-flex e-con e-child\" data-id=\"16c783b\" data-element_type=\"container\">\n\t\t<div class=\"elementor-element elementor-element-505bc70 e-con-full skewed-box e-flex e-con e-child\" data-id=\"505bc70\" data-element_type=\"container\" data-settings=\"{&quot;background_background&quot;:&quot;classic&quot;}\">\n\t\t\t\t<div class=\"elementor-element elementor-element-1f356ef elementor-widget__width-inherit elementor-widget elementor-widget-heading\" data-id=\"1f356ef\" data-element_type=\"widget\" data-widget_type=\"heading.default\">\n\t\t\t\t<div class=\"elementor-widget-container\">\n\t\t\t\t\t<h2 class=\"elementor-heading-title elementor-size-default\">Pharmaceutique<\/h2>\t\t\t\t<\/div>\n\t\t\t\t<\/div>\n\t\t\t\t<div class=\"elementor-element elementor-element-0680f09 elementor-widget elementor-widget-image\" data-id=\"0680f09\" data-element_type=\"widget\" data-widget_type=\"image.default\">\n\t\t\t\t<div class=\"elementor-widget-container\">\n\t\t\t\t\t\t\t\t\t\t\t\t\t\t\t<img decoding=\"async\" src=\"https:\/\/easyfairsassets.com\/sites\/181\/elementor\/thumbs\/PV_Farma-rafhfy5r62ak3bnz612cujoybiwftb7g2x28ppt2uw.jpg\" title=\"Pharmaceutical,Automatic,Production,Equipment,At,Modern,Pharmacy,Factory,Or,Exhibition.\" alt=\"farma sector\" loading=\"lazy\" \/>\t\t\t\t\t\t\t\t\t\t\t\t\t\t\t<\/div>\n\t\t\t\t<\/div>\n\t\t\t\t<\/div>\n\t\t\t\t<\/div>\n\t\t<div class=\"elementor-element elementor-element-1ddc68b e-con-full e-flex e-con e-child\" data-id=\"1ddc68b\" data-element_type=\"container\">\n\t\t<div class=\"elementor-element elementor-element-93bb9ab e-con-full skewed-box e-flex e-con e-child\" data-id=\"93bb9ab\" data-element_type=\"container\" data-settings=\"{&quot;background_background&quot;:&quot;classic&quot;}\">\n\t\t\t\t<div class=\"elementor-element elementor-element-25aeb42 elementor-widget__width-inherit elementor-widget elementor-widget-heading\" data-id=\"25aeb42\" data-element_type=\"widget\" data-widget_type=\"heading.default\">\n\t\t\t\t<div class=\"elementor-widget-container\">\n\t\t\t\t\t<h2 class=\"elementor-heading-title elementor-size-default\">Food &amp; Drinks<\/h2>\t\t\t\t<\/div>\n\t\t\t\t<\/div>\n\t\t\t\t<div class=\"elementor-element elementor-element-61a639a elementor-widget elementor-widget-image\" data-id=\"61a639a\" data-element_type=\"widget\" data-widget_type=\"image.default\">\n\t\t\t\t<div class=\"elementor-widget-container\">\n\t\t\t\t\t\t\t\t\t\t\t\t\t\t\t<img decoding=\"async\" src=\"https:\/\/easyfairsassets.com\/sites\/181\/elementor\/thumbs\/PV_FoodDrinks_2-rafhggyiyr0ajiwo496w8ey678bs39a2ti3yb917eg.jpg\" title=\"Closeup,Engineer,Worker,Tablet,In,Food,And,Drinks,Factory,Industry\" alt=\"Food &amp; drinks sector\" loading=\"lazy\" \/>\t\t\t\t\t\t\t\t\t\t\t\t\t\t\t<\/div>\n\t\t\t\t<\/div>\n\t\t\t\t<\/div>\n\t\t\t\t<\/div>\n\t\t<div class=\"elementor-element elementor-element-d3da4db e-con-full e-flex e-con e-child\" data-id=\"d3da4db\" data-element_type=\"container\">\n\t\t<div class=\"elementor-element elementor-element-d0a8926 e-con-full skewed-box e-flex e-con e-child\" data-id=\"d0a8926\" data-element_type=\"container\" data-settings=\"{&quot;background_background&quot;:&quot;classic&quot;}\">\n\t\t\t\t<div class=\"elementor-element elementor-element-0d2013f elementor-widget__width-inherit elementor-widget elementor-widget-heading\" data-id=\"0d2013f\" data-element_type=\"widget\" data-widget_type=\"heading.default\">\n\t\t\t\t<div class=\"elementor-widget-container\">\n\t\t\t\t\t<h2 class=\"elementor-heading-title elementor-size-default\">Cosm\u00e9tique<\/h2>\t\t\t\t<\/div>\n\t\t\t\t<\/div>\n\t\t\t\t<div class=\"elementor-element elementor-element-6adaf56 elementor-widget elementor-widget-image\" data-id=\"6adaf56\" data-element_type=\"widget\" data-widget_type=\"image.default\">\n\t\t\t\t<div class=\"elementor-widget-container\">\n\t\t\t\t\t\t\t\t\t\t\t\t\t\t\t<img decoding=\"async\" src=\"https:\/\/easyfairsassets.com\/sites\/181\/elementor\/thumbs\/PV_Cosmetica_2-rafhf6wfnv98qmrkl7a6c8kl3cmsm378b655soxhvc.jpg\" title=\"Production,And,Packaging,Of,Cosmetics,Products.,Cropped,Shot,Of,Factory\" alt=\"cosmetica sector\" loading=\"lazy\" \/>\t\t\t\t\t\t\t\t\t\t\t\t\t\t\t<\/div>\n\t\t\t\t<\/div>\n\t\t\t\t<\/div>\n\t\t\t\t<\/div>\n\t\t\t\t\t<\/div>\n\t\t\t\t<\/div>\n\t\t<div class=\"elementor-element elementor-element-548d66e e-flex e-con-boxed e-con e-parent\" data-id=\"548d66e\" data-element_type=\"container\">\n\t\t\t\t\t<div class=\"e-con-inner\">\n\t\t<div class=\"elementor-element elementor-element-d57e9d6 e-con-full e-flex e-con e-child\" data-id=\"d57e9d6\" data-element_type=\"container\">\n\t\t<div class=\"elementor-element elementor-element-95cecc2 e-con-full skewed-box e-flex e-con e-child\" data-id=\"95cecc2\" data-element_type=\"container\" data-settings=\"{&quot;background_background&quot;:&quot;classic&quot;}\">\n\t\t\t\t<div class=\"elementor-element elementor-element-ae9c59d elementor-widget__width-inherit elementor-widget elementor-widget-heading\" data-id=\"ae9c59d\" data-element_type=\"widget\" data-widget_type=\"heading.default\">\n\t\t\t\t<div class=\"elementor-widget-container\">\n\t\t\t\t\t<h2 class=\"elementor-heading-title elementor-size-default\">Hydrog\u00e8ne<\/h2>\t\t\t\t<\/div>\n\t\t\t\t<\/div>\n\t\t\t\t<div class=\"elementor-element elementor-element-8165417 elementor-widget elementor-widget-image\" data-id=\"8165417\" data-element_type=\"widget\" data-widget_type=\"image.default\">\n\t\t\t\t<div class=\"elementor-widget-container\">\n\t\t\t\t\t\t\t\t\t\t\t\t\t\t\t<img decoding=\"async\" src=\"https:\/\/easyfairsassets.com\/sites\/181\/elementor\/thumbs\/PV_Waterstof_2-rafhj20jrcjogx5i0veyl9gt0dl49aji6ap0tn78ag.jpg\" title=\"Hydrogen,Factory.,Plant,With,Tanks,Filled,With,H2,Gas.,Exterior\" alt=\"Waterstof sector\" loading=\"lazy\" \/>\t\t\t\t\t\t\t\t\t\t\t\t\t\t\t<\/div>\n\t\t\t\t<\/div>\n\t\t\t\t<\/div>\n\t\t\t\t<\/div>\n\t\t<div class=\"elementor-element elementor-element-ee47db8 e-con-full e-flex e-con e-child\" data-id=\"ee47db8\" data-element_type=\"container\">\n\t\t<div class=\"elementor-element elementor-element-39cedca e-con-full skewed-box e-flex e-con e-child\" data-id=\"39cedca\" data-element_type=\"container\" data-settings=\"{&quot;background_background&quot;:&quot;classic&quot;}\">\n\t\t\t\t<div class=\"elementor-element elementor-element-60b9eb6 elementor-widget__width-inherit elementor-widget elementor-widget-heading\" data-id=\"60b9eb6\" data-element_type=\"widget\" data-widget_type=\"heading.default\">\n\t\t\t\t<div class=\"elementor-widget-container\">\n\t\t\t\t\t<h2 class=\"elementor-heading-title elementor-size-default\">Acier<\/h2>\t\t\t\t<\/div>\n\t\t\t\t<\/div>\n\t\t\t\t<div class=\"elementor-element elementor-element-61dec87 elementor-widget elementor-widget-image\" data-id=\"61dec87\" data-element_type=\"widget\" data-widget_type=\"image.default\">\n\t\t\t\t<div class=\"elementor-widget-container\">\n\t\t\t\t\t\t\t\t\t\t\t\t\t\t\t<img decoding=\"async\" src=\"https:\/\/easyfairsassets.com\/sites\/181\/elementor\/thumbs\/PV_Staal-rafhidkqtnm8324zzkunsfmtkcxkp5uhexqecg7gs8.jpg\" title=\"Sheet,Of,Hot,Metal,On,The,Conveyor,Belt\" alt=\"staal sector\" loading=\"lazy\" \/>\t\t\t\t\t\t\t\t\t\t\t\t\t\t\t<\/div>\n\t\t\t\t<\/div>\n\t\t\t\t<\/div>\n\t\t\t\t<\/div>\n\t\t<div class=\"elementor-element elementor-element-8b24431 e-con-full e-flex e-con e-child\" data-id=\"8b24431\" data-element_type=\"container\">\n\t\t<div class=\"elementor-element elementor-element-1ed91b8 e-con-full skewed-box e-flex e-con e-child\" data-id=\"1ed91b8\" data-element_type=\"container\" data-settings=\"{&quot;background_background&quot;:&quot;classic&quot;}\">\n\t\t\t\t<div class=\"elementor-element elementor-element-ebf3a2f elementor-widget__width-inherit elementor-widget elementor-widget-heading\" data-id=\"ebf3a2f\" data-element_type=\"widget\" data-widget_type=\"heading.default\">\n\t\t\t\t<div class=\"elementor-widget-container\">\n\t\t\t\t\t<h2 class=\"elementor-heading-title elementor-size-default\">P\u00e2te &amp; Papier<\/h2>\t\t\t\t<\/div>\n\t\t\t\t<\/div>\n\t\t\t\t<div class=\"elementor-element elementor-element-ae62f4b elementor-widget elementor-widget-image\" data-id=\"ae62f4b\" data-element_type=\"widget\" data-widget_type=\"image.default\">\n\t\t\t\t<div class=\"elementor-widget-container\">\n\t\t\t\t\t\t\t\t\t\t\t\t\t\t\t<img decoding=\"async\" src=\"https:\/\/easyfairsassets.com\/sites\/181\/elementor\/thumbs\/PV_PulpPapier-rafhi0f05z47kio44f5vtiyd8yqfpee8p4llmkqz7c.jpg\" title=\"The,Machinery,In,A,Paper,Mill,Plant.\" alt=\"pulp &amp; papier sector\" loading=\"lazy\" \/>\t\t\t\t\t\t\t\t\t\t\t\t\t\t\t<\/div>\n\t\t\t\t<\/div>\n\t\t\t\t<\/div>\n\t\t\t\t<\/div>\n\t\t<div class=\"elementor-element elementor-element-24398cc e-con-full e-flex e-con e-child\" data-id=\"24398cc\" data-element_type=\"container\">\n\t\t<div class=\"elementor-element elementor-element-4430979 e-con-full skewed-box e-flex e-con e-child\" data-id=\"4430979\" data-element_type=\"container\" data-settings=\"{&quot;background_background&quot;:&quot;classic&quot;}\">\n\t\t\t\t<div class=\"elementor-element elementor-element-acf5399 elementor-widget__width-inherit elementor-widget elementor-widget-heading\" data-id=\"acf5399\" data-element_type=\"widget\" data-widget_type=\"heading.default\">\n\t\t\t\t<div class=\"elementor-widget-container\">\n\t\t\t\t\t<h2 class=\"elementor-heading-title elementor-size-default\">P\u00e9trole &amp; Gaz<\/h2>\t\t\t\t<\/div>\n\t\t\t\t<\/div>\n\t\t\t\t<div class=\"elementor-element elementor-element-c7f6565 elementor-widget elementor-widget-image\" data-id=\"c7f6565\" data-element_type=\"widget\" data-widget_type=\"image.default\">\n\t\t\t\t<div class=\"elementor-widget-container\">\n\t\t\t\t\t\t\t\t\t\t\t\t\t\t\t<img decoding=\"async\" src=\"https:\/\/easyfairsassets.com\/sites\/181\/elementor\/thumbs\/PV_OlieGas_1-rafhh5ebwfxqxdx65jr718s5n8zbndz3kv2ksg0ywo.jpg\" title=\"Power,Plant,Gas,Turbine,Factory,Building.,Green,Industry,,Clean,Power\" alt=\"olie &amp; gas sector\" loading=\"lazy\" \/>\t\t\t\t\t\t\t\t\t\t\t\t\t\t\t<\/div>\n\t\t\t\t<\/div>\n\t\t\t\t<\/div>\n\t\t\t\t<\/div>\n\t\t\t\t\t<\/div>\n\t\t\t\t<\/div>\n\t\t<div class=\"elementor-element elementor-element-ae2a006 e-flex e-con-boxed e-con e-parent\" data-id=\"ae2a006\" data-element_type=\"container\">\n\t\t\t\t\t<div class=\"e-con-inner\">\n\t\t<div class=\"elementor-element elementor-element-d8bc9f6 e-con-full e-flex e-con e-child\" data-id=\"d8bc9f6\" data-element_type=\"container\">\n\t\t<div class=\"elementor-element elementor-element-41369fc e-con-full skewed-box e-flex e-con e-child\" data-id=\"41369fc\" data-element_type=\"container\" data-settings=\"{&quot;background_background&quot;:&quot;classic&quot;}\">\n\t\t\t\t<div class=\"elementor-element elementor-element-df684e8 elementor-widget__width-inherit elementor-widget elementor-widget-heading\" data-id=\"df684e8\" data-element_type=\"widget\" data-widget_type=\"heading.default\">\n\t\t\t\t<div class=\"elementor-widget-container\">\n\t\t\t\t\t<h2 class=\"elementor-heading-title elementor-size-default\">P\u00e9trochimie &amp; Raffinage<\/h2>\t\t\t\t<\/div>\n\t\t\t\t<\/div>\n\t\t\t\t<div class=\"elementor-element elementor-element-7c3101c elementor-widget elementor-widget-image\" data-id=\"7c3101c\" data-element_type=\"widget\" data-widget_type=\"image.default\">\n\t\t\t\t<div class=\"elementor-widget-container\">\n\t\t\t\t\t\t\t\t\t\t\t\t\t\t\t<img decoding=\"async\" src=\"https:\/\/easyfairsassets.com\/sites\/181\/elementor\/thumbs\/PV_PetrochemieRaffinage_2-rafhhq2s2sq20t34ssozk3kapq5ecq96zpf9cj6b3s.jpg\" title=\"Aerial,View,Oil,And,Gas,Refinery,Plant,At,Night,,Global\" alt=\"petrochemie sector\" loading=\"lazy\" \/>\t\t\t\t\t\t\t\t\t\t\t\t\t\t\t<\/div>\n\t\t\t\t<\/div>\n\t\t\t\t<\/div>\n\t\t\t\t<\/div>\n\t\t<div class=\"elementor-element elementor-element-22559d0 e-con-full e-flex e-con e-child\" data-id=\"22559d0\" data-element_type=\"container\">\n\t\t<div class=\"elementor-element elementor-element-c5c6633 e-con-full skewed-box e-flex e-con e-child\" data-id=\"c5c6633\" data-element_type=\"container\" data-settings=\"{&quot;background_background&quot;:&quot;classic&quot;}\">\n\t\t\t\t<div class=\"elementor-element elementor-element-168e21e elementor-widget__width-inherit elementor-widget elementor-widget-heading\" data-id=\"168e21e\" data-element_type=\"widget\" data-widget_type=\"heading.default\">\n\t\t\t\t<div class=\"elementor-widget-container\">\n\t\t\t\t\t<h2 class=\"elementor-heading-title elementor-size-default\">\u00c9nergie &amp; R\u00e9seaux de chaleur<\/h2>\t\t\t\t<\/div>\n\t\t\t\t<\/div>\n\t\t\t\t<div class=\"elementor-element elementor-element-9c594e9 elementor-widget elementor-widget-image\" data-id=\"9c594e9\" data-element_type=\"widget\" data-widget_type=\"image.default\">\n\t\t\t\t<div class=\"elementor-widget-container\">\n\t\t\t\t\t\t\t\t\t\t\t\t\t\t\t<img decoding=\"async\" src=\"https:\/\/easyfairsassets.com\/sites\/181\/elementor\/thumbs\/PV_EnergieWarmtenetten_2-rafhfrkvu81ju1xj8g7yv3cq5tsvbfhbq0hucs2u2g.jpg\" title=\"Nuclear,Power,Plant,With,Steaming,Cooling,Towers,Under,Blue,Summer\" alt=\"warmtenetten sector\" loading=\"lazy\" \/>\t\t\t\t\t\t\t\t\t\t\t\t\t\t\t<\/div>\n\t\t\t\t<\/div>\n\t\t\t\t<\/div>\n\t\t\t\t<\/div>\n\t\t<div class=\"elementor-element elementor-element-8abe060 e-con-full e-flex e-con e-child\" data-id=\"8abe060\" data-element_type=\"container\">\n\t\t<div class=\"elementor-element elementor-element-839af92 e-con-full skewed-box e-flex e-con e-child\" data-id=\"839af92\" data-element_type=\"container\" data-settings=\"{&quot;background_background&quot;:&quot;classic&quot;}\">\n\t\t\t\t<div class=\"elementor-element elementor-element-2b3f144 elementor-widget__width-inherit elementor-widget elementor-widget-heading\" data-id=\"2b3f144\" data-element_type=\"widget\" data-widget_type=\"heading.default\">\n\t\t\t\t<div class=\"elementor-widget-container\">\n\t\t\t\t\t<h2 class=\"elementor-heading-title elementor-size-default\">Transport maritime et Industrie du dragage<\/h2>\t\t\t\t<\/div>\n\t\t\t\t<\/div>\n\t\t\t\t<div class=\"elementor-element elementor-element-30b7833 elementor-widget elementor-widget-image\" data-id=\"30b7833\" data-element_type=\"widget\" data-widget_type=\"image.default\">\n\t\t\t\t<div class=\"elementor-widget-container\">\n\t\t\t\t\t\t\t\t\t\t\t\t\t\t\t<img decoding=\"async\" src=\"https:\/\/easyfairsassets.com\/sites\/181\/elementor\/thumbs\/PV_ScheepvaartBaggerindustrie-rafhi621azbxi6fx7hln8hj4t9ymzl0mpwiii8im60.jpg\" title=\"Suction-dredger,Vessel,At,Sea,,Aerial,Image.\" alt=\"scheepvaart &amp; baggerindustrie sector\" loading=\"lazy\" \/>\t\t\t\t\t\t\t\t\t\t\t\t\t\t\t<\/div>\n\t\t\t\t<\/div>\n\t\t\t\t<\/div>\n\t\t\t\t<\/div>\n\t\t<div class=\"elementor-element elementor-element-354e31b e-con-full e-flex e-con e-child\" data-id=\"354e31b\" data-element_type=\"container\">\n\t\t<div class=\"elementor-element elementor-element-9faf7c0 e-con-full skewed-box e-flex e-con e-child\" data-id=\"9faf7c0\" data-element_type=\"container\" data-settings=\"{&quot;background_background&quot;:&quot;classic&quot;}\">\n\t\t\t\t<div class=\"elementor-element elementor-element-16fe377 elementor-widget__width-inherit elementor-widget elementor-widget-heading\" data-id=\"16fe377\" data-element_type=\"widget\" data-widget_type=\"heading.default\">\n\t\t\t\t<div class=\"elementor-widget-container\">\n\t\t\t\t\t<h2 class=\"elementor-heading-title elementor-size-default\">Transport &amp; <br> Stockage<\/h2>\t\t\t\t<\/div>\n\t\t\t\t<\/div>\n\t\t\t\t<div class=\"elementor-element elementor-element-79dfd1e elementor-widget elementor-widget-image\" data-id=\"79dfd1e\" data-element_type=\"widget\" data-widget_type=\"image.default\">\n\t\t\t\t<div class=\"elementor-widget-container\">\n\t\t\t\t\t\t\t\t\t\t\t\t\t\t\t<img decoding=\"async\" src=\"https:\/\/easyfairsassets.com\/sites\/181\/elementor\/thumbs\/PV_TransportOpslag_1-rafhij7rynty0pwt2naf7e7l4o5rzcgvfpnb83z3qw.jpg\" title=\"Big,Gas,Storage,Tanks,Seen,In,A,Harbour\" alt=\"transport &amp; opslag sector\" loading=\"lazy\" \/>\t\t\t\t\t\t\t\t\t\t\t\t\t\t\t<\/div>\n\t\t\t\t<\/div>\n\t\t\t\t<\/div>\n\t\t\t\t<\/div>\n\t\t\t\t\t<\/div>\n\t\t\t\t<\/div>\n\t\t<div class=\"elementor-element elementor-element-aa3e2a7 e-flex e-con-boxed e-con e-parent\" data-id=\"aa3e2a7\" data-element_type=\"container\" data-settings=\"{&quot;background_background&quot;:&quot;classic&quot;,&quot;shape_divider_top&quot;:&quot;curve&quot;,&quot;shape_divider_top_negative&quot;:&quot;yes&quot;,&quot;shape_divider_bottom&quot;:&quot;curve&quot;,&quot;shape_divider_bottom_negative&quot;:&quot;yes&quot;}\">\n\t\t\t\t\t<div class=\"e-con-inner\">\n\t\t\t\t<div class=\"elementor-shape elementor-shape-top\" aria-hidden=\"true\" data-negative=\"true\">\n\t\t\t<svg xmlns=\"http:\/\/www.w3.org\/2000\/svg\" viewBox=\"0 0 1000 100\" preserveAspectRatio=\"none\">\n\t<path class=\"elementor-shape-fill\" d=\"M500,97C126.7,96.3,0.8,19.8,0,0v100l1000,0V1C1000,19.4,873.3,97.8,500,97z\"\/>\n<\/svg>\t\t<\/div>\n\t\t\t\t<div class=\"elementor-shape elementor-shape-bottom\" aria-hidden=\"true\" data-negative=\"true\">\n\t\t\t<svg xmlns=\"http:\/\/www.w3.org\/2000\/svg\" viewBox=\"0 0 1000 100\" preserveAspectRatio=\"none\">\n\t<path class=\"elementor-shape-fill\" d=\"M500,97C126.7,96.3,0.8,19.8,0,0v100l1000,0V1C1000,19.4,873.3,97.8,500,97z\"\/>\n<\/svg>\t\t<\/div>\n\t\t<div class=\"elementor-element elementor-element-fc034b1 e-con-full skewed-box e-flex e-con e-child\" data-id=\"fc034b1\" data-element_type=\"container\" data-settings=\"{&quot;background_background&quot;:&quot;classic&quot;}\">\n\t\t\t\t<div class=\"elementor-element elementor-element-4afb303 elementor-widget elementor-widget-text-editor\" data-id=\"4afb303\" data-element_type=\"widget\" data-widget_type=\"text-editor.default\">\n\t\t\t\t<div class=\"elementor-widget-container\">\n\t\t\t\t\t\t\t\t\t<p>\u201cEn une seule journ\u00e9e, vous \u00eates de nouveau \u00e0 jour sur les nouvelles tendances et \u00e9quipements.\u201d<\/p>\n\t\t\t\t\t\t\t\t<\/div>\n\t\t\t\t<\/div>\n\t\t\t\t<div class=\"elementor-element elementor-element-debc46d elementor-widget elementor-widget-text-editor\" data-id=\"debc46d\" data-element_type=\"widget\" data-widget_type=\"text-editor.default\">\n\t\t\t\t<div class=\"elementor-widget-container\">\n\t\t\t\t\t\t\t\t\t<p>Ivo Maes \u2013 Chef de projet, AVEVE Veevoeding<\/p>\n\t\t\t\t\t\t\t\t<\/div>\n\t\t\t\t<\/div>\n\t\t\t\t<\/div>\n\t\t<div class=\"elementor-element elementor-element-568d178 e-con-full skewed-box e-flex e-con e-child\" data-id=\"568d178\" data-element_type=\"container\" data-settings=\"{&quot;background_background&quot;:&quot;classic&quot;}\">\n\t\t\t\t<div class=\"elementor-element elementor-element-a91a6c4 elementor-widget elementor-widget-text-editor\" data-id=\"a91a6c4\" data-element_type=\"widget\" data-widget_type=\"text-editor.default\">\n\t\t\t\t<div class=\"elementor-widget-container\">\n\t\t\t\t\t\t\t\t\t<p>\u201cMaintenance en Pump &amp; Valves is like a box of chocolates\u2026 une offre joliment diversifi\u00e9e\u201d<\/p>\n\t\t\t\t\t\t\t\t<\/div>\n\t\t\t\t<\/div>\n\t\t\t\t<div class=\"elementor-element elementor-element-d915924 elementor-widget elementor-widget-text-editor\" data-id=\"d915924\" data-element_type=\"widget\" data-widget_type=\"text-editor.default\">\n\t\t\t\t<div class=\"elementor-widget-container\">\n\t\t\t\t\t\t\t\t\t<p>Marc De Locht \u2013 Conseiller en pr\u00e9vention, BASF<\/p>\n\t\t\t\t\t\t\t\t<\/div>\n\t\t\t\t<\/div>\n\t\t\t\t<\/div>\n\t\t<div class=\"elementor-element elementor-element-2da194b e-con-full skewed-box e-flex e-con e-child\" data-id=\"2da194b\" data-element_type=\"container\" data-settings=\"{&quot;background_background&quot;:&quot;classic&quot;}\">\n\t\t\t\t<div class=\"elementor-element elementor-element-7a24a31 elementor-widget elementor-widget-text-editor\" data-id=\"7a24a31\" data-element_type=\"widget\" data-widget_type=\"text-editor.default\">\n\t\t\t\t<div class=\"elementor-widget-container\">\n\t\t\t\t\t\t\t\t\t<p>\u201cUn salon bien organis\u00e9 o\u00f9 l\u2019on ne se perd pas parmi un trop grand nombre d\u2019exposants\u201d<\/p>\n\t\t\t\t\t\t\t\t<\/div>\n\t\t\t\t<\/div>\n\t\t\t\t<div class=\"elementor-element elementor-element-8be85bb elementor-widget elementor-widget-text-editor\" data-id=\"8be85bb\" data-element_type=\"widget\" data-widget_type=\"text-editor.default\">\n\t\t\t\t<div class=\"elementor-widget-container\">\n\t\t\t\t\t\t\t\t\t<p>Freddy Rogiers \u2013 Industrial designer, Umicore<\/p>\n\t\t\t\t\t\t\t\t<\/div>\n\t\t\t\t<\/div>\n\t\t\t\t<\/div>\n\t\t\t\t\t<\/div>\n\t\t\t\t<\/div>\n\t\t\t\t<\/div>\n\t\t","protected":false},"excerpt":{"rendered":"<p>Qui est le visiteur de Pumps &amp; Valves ? Pumps &amp; Valves est le moment id\u00e9al pour toutes les entreprises\u00a0offrant des solutions pour le traitement des liquides et des gaz, afin de se rencontrer, de r\u00e9seauter, d\u2019apprendre, de s\u2019inspirer et de d\u00e9couvrir des innovations. Les visiteurs de Pumps &amp; Valves sont un m\u00e9lange de d\u00e9cideurs [&hellip;]<\/p>\n","protected":false},"author":1351,"featured_media":0,"parent":0,"menu_order":0,"comment_status":"closed","ping_status":"closed","template":"","meta":{"_seopress_robots_primary_cat":"","_seopress_titles_title":"","_seopress_titles_desc":"","_seopress_robots_index":"","footnotes":""},"class_list":["post-154309","page","type-page","status-publish","hentry"],"_links":{"self":[{"href":"https:\/\/www.pumps-valves-expo.be\/fr\/wp-json\/wp\/v2\/pages\/154309","targetHints":{"allow":["GET"]}}],"collection":[{"href":"https:\/\/www.pumps-valves-expo.be\/fr\/wp-json\/wp\/v2\/pages"}],"about":[{"href":"https:\/\/www.pumps-valves-expo.be\/fr\/wp-json\/wp\/v2\/types\/page"}],"author":[{"embeddable":true,"href":"https:\/\/www.pumps-valves-expo.be\/fr\/wp-json\/wp\/v2\/users\/1351"}],"replies":[{"embeddable":true,"href":"https:\/\/www.pumps-valves-expo.be\/fr\/wp-json\/wp\/v2\/comments?post=154309"}],"version-history":[{"count":4,"href":"https:\/\/www.pumps-valves-expo.be\/fr\/wp-json\/wp\/v2\/pages\/154309\/revisions"}],"predecessor-version":[{"id":160603,"href":"https:\/\/www.pumps-valves-expo.be\/fr\/wp-json\/wp\/v2\/pages\/154309\/revisions\/160603"}],"wp:attachment":[{"href":"https:\/\/www.pumps-valves-expo.be\/fr\/wp-json\/wp\/v2\/media?parent=154309"}],"curies":[{"name":"wp","href":"https:\/\/api.w.org\/{rel}","templated":true}]}}