{"id":154299,"date":"2025-11-24T13:51:42","date_gmt":"2025-11-24T12:51:42","guid":{"rendered":"https:\/\/www.pumps-valves-expo.be\/fonctions\/"},"modified":"2025-11-24T14:58:58","modified_gmt":"2025-11-24T13:58:58","slug":"fonctions","status":"publish","type":"page","link":"https:\/\/www.pumps-valves-expo.be\/fr\/fonctions\/","title":{"rendered":"Fonctions"},"content":{"rendered":"\t\t<div data-elementor-type=\"wp-page\" data-elementor-id=\"154299\" class=\"elementor elementor-154299 elementor-144669\" data-elementor-post-type=\"page\">\n\t\t\t\t<div class=\"elementor-element elementor-element-d5a28a3 e-flex e-con-boxed e-con e-parent\" data-id=\"d5a28a3\" data-element_type=\"container\" data-settings=\"{&quot;background_background&quot;:&quot;classic&quot;}\">\n\t\t\t\t\t<div class=\"e-con-inner\">\n\t\t<div class=\"elementor-element elementor-element-dbcada4 e-con-full e-flex e-con e-child\" data-id=\"dbcada4\" data-element_type=\"container\" data-settings=\"{&quot;background_background&quot;:&quot;classic&quot;}\">\n\t\t<div class=\"elementor-element elementor-element-c758a59 e-con-full e-flex e-con e-child\" data-id=\"c758a59\" data-element_type=\"container\">\n\t\t\t\t<div class=\"elementor-element elementor-element-f0bae7d elementor-widget elementor-widget-heading\" data-id=\"f0bae7d\" data-element_type=\"widget\" data-widget_type=\"heading.default\">\n\t\t\t\t<div class=\"elementor-widget-container\">\n\t\t\t\t\t<h1 class=\"elementor-heading-title elementor-size-default\">Qui est le visiteur de Pumps &amp; Valves ?<\/h1>\t\t\t\t<\/div>\n\t\t\t\t<\/div>\n\t\t\t\t<div class=\"elementor-element elementor-element-24c9002 elementor-widget elementor-widget-text-editor\" data-id=\"24c9002\" data-element_type=\"widget\" data-widget_type=\"text-editor.default\">\n\t\t\t\t<div class=\"elementor-widget-container\">\n\t\t\t\t\t\t\t\t\t<p>Pumps &amp; Valves est le moment id\u00e9al pour toutes les entreprises\u00a0<strong>offrant des solutions pour le traitement des liquides et des gaz<\/strong>, afin de se rencontrer, de r\u00e9seauter, d\u2019apprendre, de s\u2019inspirer et de d\u00e9couvrir des innovations.<\/p>\n<p>Les visiteurs de Pumps &amp; Valves sont un m\u00e9lange de d\u00e9cideurs cl\u00e9s et d\u2019experts. Ils recherchent des solutions, de nouvelles technologies et des innovations. Leur objectif est de comparer et d\u2019\u00e9tablir de nouveaux contacts professionnels, dans le but final de conclure des affaires de valeur.<\/p>\n\t\t\t\t\t\t\t\t<\/div>\n\t\t\t\t<\/div>\n\t\t\t\t<\/div>\n\t\t\t\t<\/div>\n\t\t\t\t\t<\/div>\n\t\t\t\t<\/div>\n\t\t<div class=\"elementor-element elementor-element-e33ea26 e-flex e-con-boxed e-con e-parent\" data-id=\"e33ea26\" data-element_type=\"container\" data-settings=\"{&quot;background_background&quot;:&quot;gradient&quot;}\">\n\t\t\t\t\t<div class=\"e-con-inner\">\n\t\t<div class=\"elementor-element elementor-element-7bf7757 e-flex e-con-boxed e-con e-child\" data-id=\"7bf7757\" data-element_type=\"container\">\n\t\t\t\t\t<div class=\"e-con-inner\">\n\t\t\t\t<div class=\"elementor-element elementor-element-db2ca28 elementor-widget elementor-widget-heading\" data-id=\"db2ca28\" data-element_type=\"widget\" data-widget_type=\"heading.default\">\n\t\t\t\t<div class=\"elementor-widget-container\">\n\t\t\t\t\t<h2 class=\"elementor-heading-title elementor-size-default\">Fonctions dans lesquelles nos visiteurs sont actifs<\/h2>\t\t\t\t<\/div>\n\t\t\t\t<\/div>\n\t\t\t\t\t<\/div>\n\t\t\t\t<\/div>\n\t\t<div class=\"elementor-element elementor-element-ab28a81 e-con-full skewed-box e-flex e-con e-child\" data-id=\"ab28a81\" data-element_type=\"container\" data-settings=\"{&quot;background_background&quot;:&quot;classic&quot;}\">\n\t\t\t\t<div class=\"elementor-element elementor-element-9da91fd elementor-widget elementor-widget-image\" data-id=\"9da91fd\" data-element_type=\"widget\" data-widget_type=\"image.default\">\n\t\t\t\t<div class=\"elementor-widget-container\">\n\t\t\t\t\t\t\t\t\t\t\t\t\t\t\t<img fetchpriority=\"high\" decoding=\"async\" width=\"1920\" height=\"1080\" src=\"https:\/\/easyfairsassets.com\/sites\/181\/2024\/02\/shutterstock_1335834041.jpg\" class=\"attachment-full size-full wp-image-95997\" alt=\"\" srcset=\"https:\/\/easyfairsassets.com\/sites\/181\/2024\/02\/shutterstock_1335834041.jpg 1920w, https:\/\/easyfairsassets.com\/sites\/181\/2024\/02\/shutterstock_1335834041-300x169.jpg 300w, https:\/\/easyfairsassets.com\/sites\/181\/2024\/02\/shutterstock_1335834041-1024x576.jpg 1024w, https:\/\/easyfairsassets.com\/sites\/181\/2024\/02\/shutterstock_1335834041-768x432.jpg 768w, https:\/\/easyfairsassets.com\/sites\/181\/2024\/02\/shutterstock_1335834041-1536x864.jpg 1536w\" sizes=\"(max-width: 1920px) 100vw, 1920px\" \/>\t\t\t\t\t\t\t\t\t\t\t\t\t\t\t<\/div>\n\t\t\t\t<\/div>\n\t\t\t\t<div class=\"elementor-element elementor-element-9439674 elementor-widget__width-inherit elementor-widget elementor-widget-heading\" data-id=\"9439674\" data-element_type=\"widget\" data-widget_type=\"heading.default\">\n\t\t\t\t<div class=\"elementor-widget-container\">\n\t\t\t\t\t<h2 class=\"elementor-heading-title elementor-size-default\">Ing\u00e9nierie<\/h2>\t\t\t\t<\/div>\n\t\t\t\t<\/div>\n\t\t\t\t<div class=\"elementor-element elementor-element-61d56ad elementor-widget elementor-widget-text-editor\" data-id=\"61d56ad\" data-element_type=\"widget\" data-widget_type=\"text-editor.default\">\n\t\t\t\t<div class=\"elementor-widget-container\">\n\t\t\t\t\t\t\t\t\t<ul>\n<li>Ing\u00e9nieurs de production<\/li>\n<li>D\u00e9veloppeurs de produits<\/li>\n<li>Ing\u00e9nieur m\u00e9canique<\/li>\n<li>Ing\u00e9nieur en m\u00e9canique des fluides<\/li>\n<li>Ing\u00e9nieur hydraulique<\/li>\n<li>Plant Engineer<\/li>\n<li>Int\u00e9grateurs de syst\u00e8mes<\/li>\n<li>Ing\u00e9nieur en automatisation des proc\u00e9d\u00e9s<\/li>\n<\/ul>\n\t\t\t\t\t\t\t\t<\/div>\n\t\t\t\t<\/div>\n\t\t\t\t<\/div>\n\t\t<div class=\"elementor-element elementor-element-3565d98 e-con-full skewed-box e-flex e-con e-child\" data-id=\"3565d98\" data-element_type=\"container\" data-settings=\"{&quot;background_background&quot;:&quot;classic&quot;}\">\n\t\t\t\t<div class=\"elementor-element elementor-element-f3ec9b4 elementor-widget elementor-widget-image\" data-id=\"f3ec9b4\" data-element_type=\"widget\" data-widget_type=\"image.default\">\n\t\t\t\t<div class=\"elementor-widget-container\">\n\t\t\t\t\t\t\t\t\t\t\t\t\t\t\t<img decoding=\"async\" width=\"1920\" height=\"1080\" src=\"https:\/\/easyfairsassets.com\/sites\/181\/2024\/02\/shutterstock_2129970446.jpg\" class=\"attachment-full size-full wp-image-96003\" alt=\"\" srcset=\"https:\/\/easyfairsassets.com\/sites\/181\/2024\/02\/shutterstock_2129970446.jpg 1920w, https:\/\/easyfairsassets.com\/sites\/181\/2024\/02\/shutterstock_2129970446-300x169.jpg 300w, https:\/\/easyfairsassets.com\/sites\/181\/2024\/02\/shutterstock_2129970446-1024x576.jpg 1024w, https:\/\/easyfairsassets.com\/sites\/181\/2024\/02\/shutterstock_2129970446-768x432.jpg 768w, https:\/\/easyfairsassets.com\/sites\/181\/2024\/02\/shutterstock_2129970446-1536x864.jpg 1536w\" sizes=\"(max-width: 1920px) 100vw, 1920px\" \/>\t\t\t\t\t\t\t\t\t\t\t\t\t\t\t<\/div>\n\t\t\t\t<\/div>\n\t\t\t\t<div class=\"elementor-element elementor-element-09df339 elementor-widget__width-inherit elementor-widget elementor-widget-heading\" data-id=\"09df339\" data-element_type=\"widget\" data-widget_type=\"heading.default\">\n\t\t\t\t<div class=\"elementor-widget-container\">\n\t\t\t\t\t<h2 class=\"elementor-heading-title elementor-size-default\">Production<\/h2>\t\t\t\t<\/div>\n\t\t\t\t<\/div>\n\t\t\t\t<div class=\"elementor-element elementor-element-6690913 elementor-widget elementor-widget-text-editor\" data-id=\"6690913\" data-element_type=\"widget\" data-widget_type=\"text-editor.default\">\n\t\t\t\t<div class=\"elementor-widget-container\">\n\t\t\t\t\t\t\t\t\t<ul>\n<li>Plant manager<\/li>\n<li>Responsable de production<\/li>\n<li>Technicien en g\u00e9nie hydraulique<\/li>\n<li>Responsable des op\u00e9rations<\/li>\n<li>Responsable maintenance<\/li>\n<li>Gestionnaire d\u2019actifs<\/li>\n<li>Responsable qualit\u00e9<\/li>\n<\/ul>\n\t\t\t\t\t\t\t\t<\/div>\n\t\t\t\t<\/div>\n\t\t\t\t<\/div>\n\t\t<div class=\"elementor-element elementor-element-ad48d78 e-con-full skewed-box e-flex e-con e-child\" data-id=\"ad48d78\" data-element_type=\"container\" data-settings=\"{&quot;background_background&quot;:&quot;classic&quot;}\">\n\t\t\t\t<div class=\"elementor-element elementor-element-784f216 elementor-widget elementor-widget-image\" data-id=\"784f216\" data-element_type=\"widget\" data-widget_type=\"image.default\">\n\t\t\t\t<div class=\"elementor-widget-container\">\n\t\t\t\t\t\t\t\t\t\t\t\t\t\t\t<img decoding=\"async\" width=\"1920\" height=\"1080\" src=\"https:\/\/easyfairsassets.com\/sites\/181\/2024\/02\/shutterstock_2248569291.jpg\" class=\"attachment-full size-full wp-image-96006\" alt=\"\" srcset=\"https:\/\/easyfairsassets.com\/sites\/181\/2024\/02\/shutterstock_2248569291.jpg 1920w, https:\/\/easyfairsassets.com\/sites\/181\/2024\/02\/shutterstock_2248569291-300x169.jpg 300w, https:\/\/easyfairsassets.com\/sites\/181\/2024\/02\/shutterstock_2248569291-1024x576.jpg 1024w, https:\/\/easyfairsassets.com\/sites\/181\/2024\/02\/shutterstock_2248569291-768x432.jpg 768w, https:\/\/easyfairsassets.com\/sites\/181\/2024\/02\/shutterstock_2248569291-1536x864.jpg 1536w\" sizes=\"(max-width: 1920px) 100vw, 1920px\" \/>\t\t\t\t\t\t\t\t\t\t\t\t\t\t\t<\/div>\n\t\t\t\t<\/div>\n\t\t\t\t<div class=\"elementor-element elementor-element-63f2a76 elementor-widget__width-inherit elementor-widget elementor-widget-heading\" data-id=\"63f2a76\" data-element_type=\"widget\" data-widget_type=\"heading.default\">\n\t\t\t\t<div class=\"elementor-widget-container\">\n\t\t\t\t\t<h2 class=\"elementor-heading-title elementor-size-default\">Consultants &amp; Experts<\/h2>\t\t\t\t<\/div>\n\t\t\t\t<\/div>\n\t\t\t\t<div class=\"elementor-element elementor-element-93a3551 elementor-widget elementor-widget-text-editor\" data-id=\"93a3551\" data-element_type=\"widget\" data-widget_type=\"text-editor.default\">\n\t\t\t\t<div class=\"elementor-widget-container\">\n\t\t\t\t\t\t\t\t\t<ul>\n<li>Expert en fluides et gaz<\/li>\n<li>Innovation des proc\u00e9d\u00e9s<\/li>\n<li>R&amp;D<\/li>\n<li>Universitaires<\/li>\n<\/ul>\n\t\t\t\t\t\t\t\t<\/div>\n\t\t\t\t<\/div>\n\t\t\t\t<\/div>\n\t\t<div class=\"elementor-element elementor-element-4100596 e-con-full skewed-box e-flex e-con e-child\" data-id=\"4100596\" data-element_type=\"container\" data-settings=\"{&quot;background_background&quot;:&quot;classic&quot;}\">\n\t\t\t\t<div class=\"elementor-element elementor-element-57612f0 elementor-widget elementor-widget-image\" data-id=\"57612f0\" data-element_type=\"widget\" data-widget_type=\"image.default\">\n\t\t\t\t<div class=\"elementor-widget-container\">\n\t\t\t\t\t\t\t\t\t\t\t\t\t\t\t<img loading=\"lazy\" decoding=\"async\" width=\"1920\" height=\"1013\" src=\"https:\/\/easyfairsassets.com\/sites\/181\/2024\/02\/shutterstock_1996275020.jpg\" class=\"attachment-full size-full wp-image-96000\" alt=\"\" srcset=\"https:\/\/easyfairsassets.com\/sites\/181\/2024\/02\/shutterstock_1996275020.jpg 1920w, https:\/\/easyfairsassets.com\/sites\/181\/2024\/02\/shutterstock_1996275020-300x158.jpg 300w, https:\/\/easyfairsassets.com\/sites\/181\/2024\/02\/shutterstock_1996275020-1024x540.jpg 1024w, https:\/\/easyfairsassets.com\/sites\/181\/2024\/02\/shutterstock_1996275020-768x405.jpg 768w, https:\/\/easyfairsassets.com\/sites\/181\/2024\/02\/shutterstock_1996275020-1536x810.jpg 1536w\" sizes=\"(max-width: 1920px) 100vw, 1920px\" \/>\t\t\t\t\t\t\t\t\t\t\t\t\t\t\t<\/div>\n\t\t\t\t<\/div>\n\t\t\t\t<div class=\"elementor-element elementor-element-5d1ad29 elementor-widget__width-inherit elementor-widget elementor-widget-heading\" data-id=\"5d1ad29\" data-element_type=\"widget\" data-widget_type=\"heading.default\">\n\t\t\t\t<div class=\"elementor-widget-container\">\n\t\t\t\t\t<h2 class=\"elementor-heading-title elementor-size-default\">General management<\/h2>\t\t\t\t<\/div>\n\t\t\t\t<\/div>\n\t\t\t\t<div class=\"elementor-element elementor-element-70fbeaf elementor-widget elementor-widget-text-editor\" data-id=\"70fbeaf\" data-element_type=\"widget\" data-widget_type=\"text-editor.default\">\n\t\t\t\t<div class=\"elementor-widget-container\">\n\t\t\t\t\t\t\t\t\t<ul>\n<li>Responsable des achats<\/li>\n<li>Project manager<\/li>\n<li>Senior manager<\/li>\n<li>Product manager<\/li>\n<\/ul>\n\t\t\t\t\t\t\t\t<\/div>\n\t\t\t\t<\/div>\n\t\t\t\t<\/div>\n\t\t\t\t\t<\/div>\n\t\t\t\t<\/div>\n\t\t<div class=\"elementor-element elementor-element-5ece4f6 e-flex e-con-boxed e-con e-parent\" data-id=\"5ece4f6\" data-element_type=\"container\" data-settings=\"{&quot;background_background&quot;:&quot;classic&quot;,&quot;shape_divider_top&quot;:&quot;curve&quot;,&quot;shape_divider_top_negative&quot;:&quot;yes&quot;,&quot;shape_divider_bottom&quot;:&quot;curve&quot;,&quot;shape_divider_bottom_negative&quot;:&quot;yes&quot;}\">\n\t\t\t\t\t<div class=\"e-con-inner\">\n\t\t\t\t<div class=\"elementor-shape elementor-shape-top\" aria-hidden=\"true\" data-negative=\"true\">\n\t\t\t<svg xmlns=\"http:\/\/www.w3.org\/2000\/svg\" viewBox=\"0 0 1000 100\" preserveAspectRatio=\"none\">\n\t<path class=\"elementor-shape-fill\" d=\"M500,97C126.7,96.3,0.8,19.8,0,0v100l1000,0V1C1000,19.4,873.3,97.8,500,97z\"\/>\n<\/svg>\t\t<\/div>\n\t\t\t\t<div class=\"elementor-shape elementor-shape-bottom\" aria-hidden=\"true\" data-negative=\"true\">\n\t\t\t<svg xmlns=\"http:\/\/www.w3.org\/2000\/svg\" viewBox=\"0 0 1000 100\" preserveAspectRatio=\"none\">\n\t<path class=\"elementor-shape-fill\" d=\"M500,97C126.7,96.3,0.8,19.8,0,0v100l1000,0V1C1000,19.4,873.3,97.8,500,97z\"\/>\n<\/svg>\t\t<\/div>\n\t\t<div class=\"elementor-element elementor-element-9f2e0f6 e-con-full skewed-box e-flex e-con e-child\" data-id=\"9f2e0f6\" data-element_type=\"container\" data-settings=\"{&quot;background_background&quot;:&quot;classic&quot;}\">\n\t\t\t\t<div class=\"elementor-element elementor-element-b09b92e elementor-widget elementor-widget-text-editor\" data-id=\"b09b92e\" data-element_type=\"widget\" data-widget_type=\"text-editor.default\">\n\t\t\t\t<div class=\"elementor-widget-container\">\n\t\t\t\t\t\t\t\t\t<p>\u201cEn une seule journ\u00e9e, vous \u00eates de nouveau \u00e0 jour sur les nouvelles tendances et \u00e9quipements.\u201d<\/p>\n\t\t\t\t\t\t\t\t<\/div>\n\t\t\t\t<\/div>\n\t\t\t\t<div class=\"elementor-element elementor-element-3ed1b82 elementor-widget elementor-widget-text-editor\" data-id=\"3ed1b82\" data-element_type=\"widget\" data-widget_type=\"text-editor.default\">\n\t\t\t\t<div class=\"elementor-widget-container\">\n\t\t\t\t\t\t\t\t\t<p>Ivo Maes \u2013 Chef de projet, AVEVE Veevoeding<\/p>\n\t\t\t\t\t\t\t\t<\/div>\n\t\t\t\t<\/div>\n\t\t\t\t<\/div>\n\t\t<div class=\"elementor-element elementor-element-9fb4a02 e-con-full skewed-box e-flex e-con e-child\" data-id=\"9fb4a02\" data-element_type=\"container\" data-settings=\"{&quot;background_background&quot;:&quot;classic&quot;}\">\n\t\t\t\t<div class=\"elementor-element elementor-element-ac5ec61 elementor-widget elementor-widget-text-editor\" data-id=\"ac5ec61\" data-element_type=\"widget\" data-widget_type=\"text-editor.default\">\n\t\t\t\t<div class=\"elementor-widget-container\">\n\t\t\t\t\t\t\t\t\t<p>\u201cMaintenance en Pump &amp; Valves is like a box of chocolates\u2026 une offre joliment diversifi\u00e9e\u201d<\/p>\n\t\t\t\t\t\t\t\t<\/div>\n\t\t\t\t<\/div>\n\t\t\t\t<div class=\"elementor-element elementor-element-f6611d8 elementor-widget elementor-widget-text-editor\" data-id=\"f6611d8\" data-element_type=\"widget\" data-widget_type=\"text-editor.default\">\n\t\t\t\t<div class=\"elementor-widget-container\">\n\t\t\t\t\t\t\t\t\t<p>Marc De Locht \u2013 Conseiller en pr\u00e9vention, BASF<\/p>\n\t\t\t\t\t\t\t\t<\/div>\n\t\t\t\t<\/div>\n\t\t\t\t<\/div>\n\t\t<div class=\"elementor-element elementor-element-ca08d52 e-con-full skewed-box e-flex e-con e-child\" data-id=\"ca08d52\" data-element_type=\"container\" data-settings=\"{&quot;background_background&quot;:&quot;classic&quot;}\">\n\t\t\t\t<div class=\"elementor-element elementor-element-6537a6b elementor-widget elementor-widget-text-editor\" data-id=\"6537a6b\" data-element_type=\"widget\" data-widget_type=\"text-editor.default\">\n\t\t\t\t<div class=\"elementor-widget-container\">\n\t\t\t\t\t\t\t\t\t<p>\u201cUn salon bien organis\u00e9 o\u00f9 l\u2019on ne se perd pas parmi un trop grand nombre d\u2019exposants\u201d<\/p>\n\t\t\t\t\t\t\t\t<\/div>\n\t\t\t\t<\/div>\n\t\t\t\t<div class=\"elementor-element elementor-element-89da064 elementor-widget elementor-widget-text-editor\" data-id=\"89da064\" data-element_type=\"widget\" data-widget_type=\"text-editor.default\">\n\t\t\t\t<div class=\"elementor-widget-container\">\n\t\t\t\t\t\t\t\t\t<p>Freddy Rogiers &#8211; Industrial designer, Umicore<\/p>\n\t\t\t\t\t\t\t\t<\/div>\n\t\t\t\t<\/div>\n\t\t\t\t<\/div>\n\t\t\t\t\t<\/div>\n\t\t\t\t<\/div>\n\t\t\t\t<\/div>\n\t\t","protected":false},"excerpt":{"rendered":"<p>Qui est le visiteur de Pumps &amp; Valves ? Pumps &amp; Valves est le moment id\u00e9al pour toutes les entreprises\u00a0offrant des solutions pour le traitement des liquides et des gaz, afin de se rencontrer, de r\u00e9seauter, d\u2019apprendre, de s\u2019inspirer et de d\u00e9couvrir des innovations. Les visiteurs de Pumps &amp; Valves sont un m\u00e9lange de d\u00e9cideurs [&hellip;]<\/p>\n","protected":false},"author":1351,"featured_media":0,"parent":0,"menu_order":0,"comment_status":"closed","ping_status":"closed","template":"","meta":{"_seopress_robots_primary_cat":"","_seopress_titles_title":"","_seopress_titles_desc":"","_seopress_robots_index":"","footnotes":""},"class_list":["post-154299","page","type-page","status-publish","hentry"],"_links":{"self":[{"href":"https:\/\/www.pumps-valves-expo.be\/fr\/wp-json\/wp\/v2\/pages\/154299","targetHints":{"allow":["GET"]}}],"collection":[{"href":"https:\/\/www.pumps-valves-expo.be\/fr\/wp-json\/wp\/v2\/pages"}],"about":[{"href":"https:\/\/www.pumps-valves-expo.be\/fr\/wp-json\/wp\/v2\/types\/page"}],"author":[{"embeddable":true,"href":"https:\/\/www.pumps-valves-expo.be\/fr\/wp-json\/wp\/v2\/users\/1351"}],"replies":[{"embeddable":true,"href":"https:\/\/www.pumps-valves-expo.be\/fr\/wp-json\/wp\/v2\/comments?post=154299"}],"version-history":[{"count":3,"href":"https:\/\/www.pumps-valves-expo.be\/fr\/wp-json\/wp\/v2\/pages\/154299\/revisions"}],"predecessor-version":[{"id":154312,"href":"https:\/\/www.pumps-valves-expo.be\/fr\/wp-json\/wp\/v2\/pages\/154299\/revisions\/154312"}],"wp:attachment":[{"href":"https:\/\/www.pumps-valves-expo.be\/fr\/wp-json\/wp\/v2\/media?parent=154299"}],"curies":[{"name":"wp","href":"https:\/\/api.w.org\/{rel}","templated":true}]}}